{"id":688155,"date":"2025-10-17T23:30:59","date_gmt":"2025-10-17T20:30:59","guid":{"rendered":"https:\/\/nbg.eu\/product\/pistola-semiautomatica-kmr-umbra-w-02-calibre-9x19-cano-roscado\/"},"modified":"2026-04-16T18:30:29","modified_gmt":"2026-04-16T15:30:29","slug":"pistola-semiautomatica-kmr-umbra-w-02-calibre-9x19-cano-roscado","status":"publish","type":"product","link":"https:\/\/nbg.eu\/pt-pt\/produto\/pistola-semiautomatica-kmr-umbra-w-02-calibre-9x19-cano-roscado\/","title":{"rendered":"KMR Pistola Semiautom\u00e1tica W-02 UMBRA com Cano Roscado"},"content":{"rendered":"<h2>KMR W-02 UMBRA OR &#8211; Pistola Potente e Compacta para Tiro Competitivo<\/h2>\n<p>Com esta pistola compacta, voc\u00ea n\u00e3o ficar\u00e1 perdido na competi\u00e7\u00e3o, pelo contr\u00e1rio, voc\u00ea pode surpreender.<\/p>\n<p>A pistola \u00e9 equipada com acess\u00f3rios KMR e o sistema de estabiliza\u00e7\u00e3o do cano BRS, o que significa um tiro no alvo.<\/p>\n<p>Este modelo n\u00e3o \u00e9 apenas para tiro esportivo, mas para todo atirador apaixonado.<\/p>\n<h2>Principais Recursos<\/h2>\n<ul>\n<li>Cano de 4,5&#8243; Pesado, Estriado, Nitretado<\/li>\n<li>BRS &#8211; Sistema de Anel do Cano &#8211; Sistema de Estabiliza\u00e7\u00e3o do Cano no Slide<\/li>\n<li>Quadro e Slide de A\u00e7o, Usinados a CNC a Partir de um Bloco S\u00f3lido<\/li>\n<li>Quadro e Slide Nitretados &#8211; preto<\/li>\n<li>Interface Pronta para \u00d3ptica (OR)<\/li>\n<li>Mira Dianteira de Fibra \u00d3ptica (1 mm)<\/li>\n<li>Mira Traseira OR Totalmente Ajust\u00e1vel<\/li>\n<li>Mecanismo de Gatilho SA\/DA<\/li>\n<li>Gatilho de A\u00e7o Serrilhado SA\/DA com Sobre-Curso Ajust\u00e1vel &#8211; preto<\/li>\n<li>Reset Curto<\/li>\n<li>Martelo de Competi\u00e7\u00e3o SA\/DA<\/li>\n<li>Seguran\u00e7a Manual Estendida \u00e0 Esquerda<\/li>\n<li>Seguran\u00e7a Manual Plana \u00e0 Direita<\/li>\n<li>Empunhaduras de Duralum\u00ednio WAVES &#8211; preto<\/li>\n<li>Bot\u00e3o de Libera\u00e7\u00e3o do Carregador de Duralum\u00ednio Ajust\u00e1vel &#8211; preto<\/li>\n<li>Carregador 9&#215;19, 9&#215;21 com capacidade de 17 tiros<\/li>\n<\/ul>\n<h2>O Que Est\u00e1 Inclu\u00eddo<\/h2>\n<ul>\n<li>Pistola KMR W-02 UMBRA OR<\/li>\n<li>3 unidades de carregador<\/li>\n<li>Kit de Limpeza<\/li>\n<li>\u00d3leo KMR<\/li>\n<li>Ferramenta de Montagem do Cano<\/li>\n<li>Mola Principal 14 lbs<\/li>\n<li>Mola de Recuo 11 lbs, 13 lbs<\/li>\n<li>Conjunto de Amortecedor<\/li>\n<li>Chaves Hexagonais<\/li>\n<li>Trava-Roscas<\/li>\n<li>Cart\u00e3o de Garantia<\/li>\n<li>Manual do Usu\u00e1rio<\/li>\n<li>Conjunto de adesivos publicit\u00e1rios da KMR Precision Arms<\/li>\n<\/ul>\n<h2>Especifica\u00e7\u00f5es<\/h2>\n<ul>\n<li>Calibre: 9&#215;19, 9&#215;21<\/li>\n<li>Comprimento Total: 208 mm \/ 8,2 pol<\/li>\n<li>Comprimento do Slide: 181 mm \/ 7 pol<\/li>\n<li>Largura Total: 39 mm \/ 1,5 pol<\/li>\n<li>Largura do Slide: 26 mm \/ 1 pol<\/li>\n<li>Altura Total: 143 mm \/ 5,6 pol<\/li>\n<li>Linha de Mira: 164 mm \/ 6,5 pol<\/li>\n<li>Comprimento do Cano: 114 mm \/ 4,5 pol<\/li>\n<li>Capacidade do Carregador: 17<\/li>\n<li>Mecanismo de Gatilho: SA \/ DA<\/li>\n<li>For\u00e7a do Gatilho: 17,5 N \/ 45 N<\/li>\n<li>Mola de Recuo: 12 lbs<\/li>\n<li>Mola Principal: 17 lbs<\/li>\n<li>Peso (sem carregador): 1180 g \/ 41,6 oz<\/li>\n<li>Peso (com carregador vazio): 1270 g \/ 44,8 oz<\/li>\n<\/ul>\n","protected":false},"excerpt":{"rendered":"<p>Pequeno e compacto, por\u00e9m poderoso KMR W-02 UMBRA OR 9&#215;19 pistola com cano rosqueado e estabiliza\u00e7\u00e3o de cano BRS.<\/p>\n","protected":false},"featured_media":0,"template":"","meta":{"_acf_changed":false},"product_brand":[],"product_cat":[12553],"product_tag":[],"class_list":{"0":"post-688155","1":"product","2":"type-product","3":"status-publish","5":"product_cat-sem-categoria","7":"first","8":"instock","9":"taxable","10":"shipping-taxable","11":"purchasable","12":"product-type-simple"},"acf":[],"_links":{"self":[{"href":"https:\/\/nbg.eu\/pt-pt\/wp-json\/wp\/v2\/product\/688155","targetHints":{"allow":["GET"]}}],"collection":[{"href":"https:\/\/nbg.eu\/pt-pt\/wp-json\/wp\/v2\/product"}],"about":[{"href":"https:\/\/nbg.eu\/pt-pt\/wp-json\/wp\/v2\/types\/product"}],"wp:attachment":[{"href":"https:\/\/nbg.eu\/pt-pt\/wp-json\/wp\/v2\/media?parent=688155"}],"wp:term":[{"taxonomy":"product_brand","embeddable":true,"href":"https:\/\/nbg.eu\/pt-pt\/wp-json\/wp\/v2\/product_brand?post=688155"},{"taxonomy":"product_cat","embeddable":true,"href":"https:\/\/nbg.eu\/pt-pt\/wp-json\/wp\/v2\/product_cat?post=688155"},{"taxonomy":"product_tag","embeddable":true,"href":"https:\/\/nbg.eu\/pt-pt\/wp-json\/wp\/v2\/product_tag?post=688155"}],"curies":[{"name":"wp","href":"https:\/\/api.w.org\/{rel}","templated":true}]}}