{"id":689226,"date":"2024-08-18T11:35:41","date_gmt":"2024-08-18T08:35:41","guid":{"rendered":"https:\/\/nbg.eu\/product\/ejector-sa-da-kmr\/"},"modified":"2026-05-13T15:09:49","modified_gmt":"2026-05-13T12:09:49","slug":"ejector-sa-da-kmr","status":"publish","type":"product","link":"https:\/\/nbg.eu\/pt-pt\/produto\/ejector-sa-da-kmr\/","title":{"rendered":"KMR Ejetor SA\/DA"},"content":{"rendered":"<h2>Ejetor SA\/DA KMR para Armas KMR<\/h2>\n<p>O Ejetor SA\/DA KMR \u00e9 um acess\u00f3rio vers\u00e1til e confi\u00e1vel projetado para uso com v\u00e1rios modelos de Armas KMR. Ele apresenta um mecanismo de a\u00e7\u00e3o simples (SA) e a\u00e7\u00e3o dupla (DA), proporcionando aos usu\u00e1rios maior flexibilidade e controle durante a opera\u00e7\u00e3o. Compat\u00edvel com os seguintes modelos:<\/p>\n<ul>\n<li>KMR L-02 EMIQ<\/li>\n<li>KMR L-02 EMIQ (OR)<\/li>\n<li>KMR L-02 ORCA A PARTIR DE 2024<\/li>\n<li>KMR L-02 ORCA AT\u00c9 2023<\/li>\n<li>KMR L-02 SPECTRA A PARTIR DE 2024<\/li>\n<li>KMR L-02 SPECTRA AT\u00c9 2023<\/li>\n<li>KMR L-02 UMBRA (OR) SR<\/li>\n<li>KMR W-02 CUDA (OR)<\/li>\n<li>KMR W-02 UMBRA<\/li>\n<li>KMR W-02 UMBRA (OR)<\/li>\n<\/ul>\n<p>N\u00famero de refer\u00eancia 1060-00701-0401<\/p>\n","protected":false},"excerpt":{"rendered":"<p>Ejector SA\/DA KMR &#8211; acess\u00f3rio de arma confi\u00e1vel e vers\u00e1til para KMR.<\/p>\n","protected":false},"featured_media":25691,"template":"","meta":{"_acf_changed":false},"product_brand":[11507],"product_cat":[12487],"product_tag":[],"class_list":{"0":"post-689226","1":"product","2":"type-product","3":"status-publish","4":"has-post-thumbnail","6":"product_brand-kmr-precision","7":"product_cat-pecas-kmr","9":"first","10":"instock","11":"taxable","12":"shipping-taxable","13":"product-type-simple"},"acf":[],"_links":{"self":[{"href":"https:\/\/nbg.eu\/pt-pt\/wp-json\/wp\/v2\/product\/689226","targetHints":{"allow":["GET"]}}],"collection":[{"href":"https:\/\/nbg.eu\/pt-pt\/wp-json\/wp\/v2\/product"}],"about":[{"href":"https:\/\/nbg.eu\/pt-pt\/wp-json\/wp\/v2\/types\/product"}],"wp:featuredmedia":[{"embeddable":true,"href":"https:\/\/nbg.eu\/pt-pt\/wp-json\/wp\/v2\/media\/25691"}],"wp:attachment":[{"href":"https:\/\/nbg.eu\/pt-pt\/wp-json\/wp\/v2\/media?parent=689226"}],"wp:term":[{"taxonomy":"product_brand","embeddable":true,"href":"https:\/\/nbg.eu\/pt-pt\/wp-json\/wp\/v2\/product_brand?post=689226"},{"taxonomy":"product_cat","embeddable":true,"href":"https:\/\/nbg.eu\/pt-pt\/wp-json\/wp\/v2\/product_cat?post=689226"},{"taxonomy":"product_tag","embeddable":true,"href":"https:\/\/nbg.eu\/pt-pt\/wp-json\/wp\/v2\/product_tag?post=689226"}],"curies":[{"name":"wp","href":"https:\/\/api.w.org\/{rel}","templated":true}]}}