{"id":689264,"date":"2024-08-17T17:58:41","date_gmt":"2024-08-17T14:58:41","guid":{"rendered":"https:\/\/nbg.eu\/product\/ejector-spring-kmr\/"},"modified":"2026-05-13T16:02:32","modified_gmt":"2026-05-13T13:02:32","slug":"ejector-spring-kmr","status":"publish","type":"product","link":"https:\/\/nbg.eu\/pt-pt\/produto\/ejector-spring-kmr\/","title":{"rendered":"KMR Mola do Ejetor"},"content":{"rendered":"<h2>Mola de Extra\u00e7\u00e3o KMR<\/h2>\n<p>A Mola de Extra\u00e7\u00e3o KMR \u00e9 um componente essencial para uma variedade de modelos de armas, projetado para fornecer eje\u00e7\u00e3o confi\u00e1vel e consistente de cartuchos deflagrados.<\/p>\n<p>Projetada com precis\u00e3o e durabilidade em mente, esta mola garante a extra\u00e7\u00e3o e eje\u00e7\u00e3o confi\u00e1veis de cartuchos deflagrados, mantendo o funcionamento suave e consistente de sua arma. Fabricada com materiais de alta qualidade, esta mola \u00e9 projetada para suportar os rigores do uso regular e oferecer um desempenho duradouro.<\/p>\n<p>Seja voc\u00ea um atirador profissional ou um entusiasta \u00e1vido, esta pe\u00e7a \u00e9 um acess\u00f3rio essencial para manter o desempenho ideal de suas armas compat\u00edveis com KMR. Invista neste componente confi\u00e1vel e experimente a diferen\u00e7a que ele pode fazer em sua experi\u00eancia de tiro.<\/p>\n<p>Para Armas KMR:<\/p>\n<p>KMR L-02 EMIQ<\/p>\n<p>KMR L-02 EMIQ (OR)<\/p>\n<p>KMR L-02 ORCA A PARTIR DE 2024<\/p>\n<p>KMR L-02 ORCA AT\u00c9 2023<\/p>\n<p>KMR L-02 SPECTRA A PARTIR DE 2024<\/p>\n<p>KMR L-02 SPECTRA AT\u00c9 2023<\/p>\n<p>KMR L-02 UMBRA (OR) SR<\/p>\n<p>KMR S-02 A PARTIR DE 2024<\/p>\n<p>KMR W-02 CUDA (OR)<\/p>\n<p>KMR W-02 UMBRA<\/p>\n<p>KMR W-02 UMBRA (OR)<\/p>\n","protected":false},"excerpt":{"rendered":"<p>Mola de ejetor para armas da s\u00e9rie KMR, compat\u00edvel com v\u00e1rios modelos.<\/p>\n","protected":false},"featured_media":24739,"template":"","meta":{"_acf_changed":false},"product_brand":[11507],"product_cat":[12505,12487],"product_tag":[],"class_list":{"0":"post-689264","1":"product","2":"type-product","3":"status-publish","4":"has-post-thumbnail","6":"product_brand-kmr-precision","7":"product_cat-molas","8":"product_cat-pecas-kmr","10":"first","11":"instock","12":"taxable","13":"shipping-taxable","14":"product-type-simple"},"acf":[],"_links":{"self":[{"href":"https:\/\/nbg.eu\/pt-pt\/wp-json\/wp\/v2\/product\/689264","targetHints":{"allow":["GET"]}}],"collection":[{"href":"https:\/\/nbg.eu\/pt-pt\/wp-json\/wp\/v2\/product"}],"about":[{"href":"https:\/\/nbg.eu\/pt-pt\/wp-json\/wp\/v2\/types\/product"}],"wp:featuredmedia":[{"embeddable":true,"href":"https:\/\/nbg.eu\/pt-pt\/wp-json\/wp\/v2\/media\/24739"}],"wp:attachment":[{"href":"https:\/\/nbg.eu\/pt-pt\/wp-json\/wp\/v2\/media?parent=689264"}],"wp:term":[{"taxonomy":"product_brand","embeddable":true,"href":"https:\/\/nbg.eu\/pt-pt\/wp-json\/wp\/v2\/product_brand?post=689264"},{"taxonomy":"product_cat","embeddable":true,"href":"https:\/\/nbg.eu\/pt-pt\/wp-json\/wp\/v2\/product_cat?post=689264"},{"taxonomy":"product_tag","embeddable":true,"href":"https:\/\/nbg.eu\/pt-pt\/wp-json\/wp\/v2\/product_tag?post=689264"}],"curies":[{"name":"wp","href":"https:\/\/api.w.org\/{rel}","templated":true}]}}