{"id":689310,"date":"2024-08-18T11:36:41","date_gmt":"2024-08-18T08:36:41","guid":{"rendered":"https:\/\/nbg.eu\/product\/extractor-9x19-kmr\/"},"modified":"2026-05-13T16:01:57","modified_gmt":"2026-05-13T13:01:57","slug":"extractor-9x19-kmr","status":"publish","type":"product","link":"https:\/\/nbg.eu\/pt-pt\/produto\/extractor-9x19-kmr\/","title":{"rendered":"KMR Extrator 9&#215;19"},"content":{"rendered":"<h2>Extrator de Precis\u00e3o KMR &#8211; 9x19mm<\/h2>\n<p>Este extrator de engenharia de precis\u00e3o \u00e9 uma pe\u00e7a de reposi\u00e7\u00e3o vital projetada especificamente para pistolas KMR de 9x19mm. Constru\u00eddo para suportar os rigores do tiro competitivo de alto volume, ele garante a remo\u00e7\u00e3o perfeita de estojos de 9mm usados da c\u00e2mara em cada tiro.<\/p>\n<h3>Excel\u00eancia T\u00e9cnica:<\/h3>\n<ul>\n<li><strong>Otimizado para 9x19mm:<\/strong> Especificamente sintonizado para as dimens\u00f5es da borda de muni\u00e7\u00e3o Luger de 9mm para garantir o m\u00e1ximo de engajamento e confiabilidade.<\/li>\n<li><strong>A\u00e7o de Alta Qualidade:<\/strong> Usinado a partir de a\u00e7o premium, tratado termicamente para evitar o desgaste do gancho e resistir \u00e0s for\u00e7as de alto impacto do ciclo da culatra.<\/li>\n<li><strong>Compatibilidade OEM:<\/strong> Uma substitui\u00e7\u00e3o direta para modelos KMR como o L-02 e W-02, garantindo um ajuste perfeito de f\u00e1brica.<\/li>\n<li><strong>Desempenho Consistente:<\/strong> A geometria especializada da garra minimiza as falhas de extra\u00e7\u00e3o (FTE), mesmo durante o fogo r\u00e1pido.<\/li>\n<\/ul>\n<p>Mantenha a vantagem competitiva da sua pistola, garantindo que o seu sistema de extra\u00e7\u00e3o esteja em \u00f3timas condi\u00e7\u00f5es. Esta pe\u00e7a original da KMR \u00e9 essencial para qualquer atirador que exija 100% de confiabilidade no campo de tiro ou durante uma competi\u00e7\u00e3o.<\/p>\n","protected":false},"excerpt":{"rendered":"<p>1080-00301-0400<\/p>\n","protected":false},"featured_media":25714,"template":"","meta":{"_acf_changed":false},"product_brand":[11507],"product_cat":[12487],"product_tag":[],"class_list":{"0":"post-689310","1":"product","2":"type-product","3":"status-publish","4":"has-post-thumbnail","6":"product_brand-kmr-precision","7":"product_cat-pecas-kmr","9":"first","10":"instock","11":"taxable","12":"shipping-taxable","13":"product-type-simple"},"acf":[],"_links":{"self":[{"href":"https:\/\/nbg.eu\/pt-pt\/wp-json\/wp\/v2\/product\/689310","targetHints":{"allow":["GET"]}}],"collection":[{"href":"https:\/\/nbg.eu\/pt-pt\/wp-json\/wp\/v2\/product"}],"about":[{"href":"https:\/\/nbg.eu\/pt-pt\/wp-json\/wp\/v2\/types\/product"}],"wp:featuredmedia":[{"embeddable":true,"href":"https:\/\/nbg.eu\/pt-pt\/wp-json\/wp\/v2\/media\/25714"}],"wp:attachment":[{"href":"https:\/\/nbg.eu\/pt-pt\/wp-json\/wp\/v2\/media?parent=689310"}],"wp:term":[{"taxonomy":"product_brand","embeddable":true,"href":"https:\/\/nbg.eu\/pt-pt\/wp-json\/wp\/v2\/product_brand?post=689310"},{"taxonomy":"product_cat","embeddable":true,"href":"https:\/\/nbg.eu\/pt-pt\/wp-json\/wp\/v2\/product_cat?post=689310"},{"taxonomy":"product_tag","embeddable":true,"href":"https:\/\/nbg.eu\/pt-pt\/wp-json\/wp\/v2\/product_tag?post=689310"}],"curies":[{"name":"wp","href":"https:\/\/api.w.org\/{rel}","templated":true}]}}