{"id":689435,"date":"2024-08-17T15:26:35","date_gmt":"2024-08-17T12:26:35","guid":{"rendered":"https:\/\/nbg.eu\/product\/fiber-optic-front-sight-kmr-625xd1x3-red\/"},"modified":"2026-05-13T16:03:18","modified_gmt":"2026-05-13T13:03:18","slug":"fiber-optic-front-sight-kmr-625xd1x3-red","status":"publish","type":"product","link":"https:\/\/nbg.eu\/pt-pt\/produto\/fiber-optic-front-sight-kmr-625xd1x3-red\/","title":{"rendered":"KMR Mira Frontal Fibra \u00d3ptica 6.25xD1x3 Vermelha"},"content":{"rendered":"<h2>Melhore a sua mira de arma com a MIRA FRONTAL DE FIBRA \u00d3TICA KMR 6,25xD1x3 VERMELHA<\/h2>\n<p>As dimens\u00f5es da mira de 6,25 x D1 x 3 a tornam uma op\u00e7\u00e3o perfeita para a sua arma, proporcionando uma integra\u00e7\u00e3o perfeita sem comprometer o design geral. A constru\u00e7\u00e3o robusta e os materiais dur\u00e1veis utilizados em sua fabrica\u00e7\u00e3o garantem um desempenho de longa dura\u00e7\u00e3o, mesmo em ambientes exigentes.<\/p>\n<p>Seja em opera\u00e7\u00f5es t\u00e1ticas, tiro competitivo ou uso recreativo, a mira frontal de fibra \u00f3tica elevar\u00e1 suas capacidades de mira e lhe dar\u00e1 a vantagem de que voc\u00ea precisa. Confie neste acess\u00f3rio confi\u00e1vel e de alta qualidade para melhorar a precis\u00e3o e a exatid\u00e3o da sua arma.<\/p>\n<p>Para Armas KMR:<\/p>\n<p>KMR L-02 ORCA AT\u00c9 2023<\/p>\n<p>KMR W-02 UMBRA<\/p>\n<p>Refer\u00eancia: 0501-04605-0001<\/p>\n","protected":false},"excerpt":{"rendered":"<p>Mira frontal de fibra \u00f3ptica para armas KMR, 6,25xD1x3, vermelha.<\/p>\n","protected":false},"featured_media":24139,"template":"","meta":{"_acf_changed":false},"product_brand":[11507],"product_cat":[12487],"product_tag":[],"class_list":{"0":"post-689435","1":"product","2":"type-product","3":"status-publish","4":"has-post-thumbnail","6":"product_brand-kmr-precision","7":"product_cat-pecas-kmr","9":"first","10":"instock","11":"taxable","12":"shipping-taxable","13":"product-type-simple"},"acf":[],"_links":{"self":[{"href":"https:\/\/nbg.eu\/pt-pt\/wp-json\/wp\/v2\/product\/689435","targetHints":{"allow":["GET"]}}],"collection":[{"href":"https:\/\/nbg.eu\/pt-pt\/wp-json\/wp\/v2\/product"}],"about":[{"href":"https:\/\/nbg.eu\/pt-pt\/wp-json\/wp\/v2\/types\/product"}],"wp:featuredmedia":[{"embeddable":true,"href":"https:\/\/nbg.eu\/pt-pt\/wp-json\/wp\/v2\/media\/24139"}],"wp:attachment":[{"href":"https:\/\/nbg.eu\/pt-pt\/wp-json\/wp\/v2\/media?parent=689435"}],"wp:term":[{"taxonomy":"product_brand","embeddable":true,"href":"https:\/\/nbg.eu\/pt-pt\/wp-json\/wp\/v2\/product_brand?post=689435"},{"taxonomy":"product_cat","embeddable":true,"href":"https:\/\/nbg.eu\/pt-pt\/wp-json\/wp\/v2\/product_cat?post=689435"},{"taxonomy":"product_tag","embeddable":true,"href":"https:\/\/nbg.eu\/pt-pt\/wp-json\/wp\/v2\/product_tag?post=689435"}],"curies":[{"name":"wp","href":"https:\/\/api.w.org\/{rel}","templated":true}]}}