{"id":689725,"date":"2024-08-17T15:11:05","date_gmt":"2024-08-17T12:11:05","guid":{"rendered":"https:\/\/nbg.eu\/product\/firing-pin-3x16-kmr\/"},"modified":"2026-05-13T16:02:51","modified_gmt":"2026-05-13T13:02:51","slug":"firing-pin-3x16-kmr","status":"publish","type":"product","link":"https:\/\/nbg.eu\/pt-pt\/produto\/firing-pin-3x16-kmr\/","title":{"rendered":"KMR Pino de Reten\u00e7\u00e3o do Percutor 3&#215;16 S-02"},"content":{"rendered":"<h2>Pino Percussor 3X16 KMR: Confiabilidade de Igni\u00e7\u00e3o Projetada para Tiro Competitivo<\/h2>\n<p>Projetado para as exig\u00eancias do tiro competitivo, o Pino Percussor 3X16 KMR oferece confiabilidade de igni\u00e7\u00e3o e resist\u00eancia a impactos sem compromissos. Usinado com precis\u00e3o nas dimens\u00f5es de 3x16mm a partir de a\u00e7o endurecido de alta qualidade, este pino percussor \u00e9 projetado para suportar o estresse mec\u00e2nico repetido do tiro r\u00e1pido sem deforma\u00e7\u00e3o ou cisalhamento da ponta.<\/p>\n<p>Impactos centralizados e consistentes no primer evitam falhas de igni\u00e7\u00e3o ou tiros fracos, garantindo uma igni\u00e7\u00e3o confi\u00e1vel em cada disparo. A constru\u00e7\u00e3o robusta e as toler\u00e2ncias precisas do Pino Percussor 3X16 KMR o tornam uma atualiza\u00e7\u00e3o essencial para atiradores competitivos s\u00e9rios que buscam maximizar seu desempenho e eliminar falhas.<\/p>\n<p>Seja enfrentando os desafios de uma competi\u00e7\u00e3o de 3 armas ou empurrando os limites das capacidades da sua pistola KMR, o Pino Percussor 3X16 KMR fornece a igni\u00e7\u00e3o confi\u00e1vel e a durabilidade de longo prazo de que voc\u00ea precisa para ter sucesso. Atualize seu KMR hoje e experimente a diferen\u00e7a que a engenharia de precis\u00e3o pode fazer.<\/p>\n","protected":false},"excerpt":{"rendered":"<p>Pino de percuss\u00e3o de a\u00e7o de 3x16mm de precis\u00e3o, projetado para confiabilidade de igni\u00e7\u00e3o e resist\u00eancia ao impacto em pistolas KMR.<\/p>\n","protected":false},"featured_media":24001,"template":"","meta":{"_acf_changed":false},"product_brand":[11507],"product_cat":[12487,14776],"product_tag":[],"class_list":{"0":"post-689725","1":"product","2":"type-product","3":"status-publish","4":"has-post-thumbnail","6":"product_brand-kmr-precision","7":"product_cat-pecas-kmr","8":"product_cat-pinos-de-disparo","10":"first","11":"instock","12":"taxable","13":"shipping-taxable","14":"product-type-simple"},"acf":[],"_links":{"self":[{"href":"https:\/\/nbg.eu\/pt-pt\/wp-json\/wp\/v2\/product\/689725","targetHints":{"allow":["GET"]}}],"collection":[{"href":"https:\/\/nbg.eu\/pt-pt\/wp-json\/wp\/v2\/product"}],"about":[{"href":"https:\/\/nbg.eu\/pt-pt\/wp-json\/wp\/v2\/types\/product"}],"wp:featuredmedia":[{"embeddable":true,"href":"https:\/\/nbg.eu\/pt-pt\/wp-json\/wp\/v2\/media\/24001"}],"wp:attachment":[{"href":"https:\/\/nbg.eu\/pt-pt\/wp-json\/wp\/v2\/media?parent=689725"}],"wp:term":[{"taxonomy":"product_brand","embeddable":true,"href":"https:\/\/nbg.eu\/pt-pt\/wp-json\/wp\/v2\/product_brand?post=689725"},{"taxonomy":"product_cat","embeddable":true,"href":"https:\/\/nbg.eu\/pt-pt\/wp-json\/wp\/v2\/product_cat?post=689725"},{"taxonomy":"product_tag","embeddable":true,"href":"https:\/\/nbg.eu\/pt-pt\/wp-json\/wp\/v2\/product_tag?post=689725"}],"curies":[{"name":"wp","href":"https:\/\/api.w.org\/{rel}","templated":true}]}}