{"id":690182,"date":"2024-09-17T22:42:30","date_gmt":"2024-09-17T19:42:30","guid":{"rendered":"https:\/\/nbg.eu\/product\/firing-pin-spring-kmr\/"},"modified":"2026-05-13T16:04:40","modified_gmt":"2026-05-13T13:04:40","slug":"firing-pin-spring-kmr","status":"publish","type":"product","link":"https:\/\/nbg.eu\/pt-pt\/produto\/firing-pin-spring-kmr\/","title":{"rendered":"KMR Mola do Percutor"},"content":{"rendered":"<h2>Mola do Pino de Disparo KMR<\/h2>\n<p>A Mola do Pino de Disparo KMR \u00e9 um componente essencial para uma s\u00e9rie de sistemas de armas, projetada para garantir um desempenho confi\u00e1vel e consistente em suas armas de fogo KMR. Esta mola \u00e9 projetada para fornecer a tens\u00e3o e a for\u00e7a necess\u00e1rias para acionar o pino de disparo, garantindo um acionamento do gatilho suave e confi\u00e1vel a cada vez.<\/p>\n<p>Esta mola do pino de disparo \u00e9 uma pe\u00e7a de reposi\u00e7\u00e3o indispens\u00e1vel para manter sua arma funcionando da melhor maneira.<\/p>\n<p>Fabricada com materiais de alta qualidade e projetada com precis\u00e3o de acordo com padr\u00f5es rigorosos, a Mola do Pino de Disparo KMR garante um desempenho e durabilidade ideais, mesmo nas condi\u00e7\u00f5es mais exigentes. Seja voc\u00ea um atirador competitivo ou um propriet\u00e1rio de arma respons\u00e1vel, esta mola do pino de disparo \u00e9 um componente fundamental para manter a confiabilidade e o desempenho de sua arma de fogo KMR.<\/p>\n<\/p>\n<p>Para Armas KMR:\n<\/p>\n<p>KMR L-02 EMIQ<\/p>\n<\/p>\n<p>KMR L-02 EMIQ (OR)<\/p>\n<\/p>\n<p>KMR L-02 ORCA A PARTIR DE 2024<\/p>\n<\/p>\n<p>KMR L-02 ORCA AT\u00c9 2023<\/p>\n<\/p>\n<p>KMR L-02 SPECTRA A PARTIR DE 2024<\/p>\n<\/p>\n<p>KMR L-02 SPECTRA AT\u00c9 2023<\/p>\n<\/p>\n<p>KMR L-02 UMBRA (OR) SR<\/p>\n<\/p>\n<p>KMR W-02 CUDA (OR)<\/p>\n<\/p>\n<p>KMR W-02 UMBRA<\/p>\n<\/p>\n<p>KMR W-02 UMBRA (OR)<\/p>\n","protected":false},"excerpt":{"rendered":"<p>Mola do pino percutor para armas da s\u00e9rie KMR, modelos compat\u00edveis listados.<\/p>\n","protected":false},"featured_media":24952,"template":"","meta":{"_acf_changed":false},"product_brand":[11507],"product_cat":[12505,12487],"product_tag":[],"class_list":{"0":"post-690182","1":"product","2":"type-product","3":"status-publish","4":"has-post-thumbnail","6":"product_brand-kmr-precision","7":"product_cat-molas","8":"product_cat-pecas-kmr","10":"first","11":"instock","12":"taxable","13":"shipping-taxable","14":"product-type-simple"},"acf":[],"_links":{"self":[{"href":"https:\/\/nbg.eu\/pt-pt\/wp-json\/wp\/v2\/product\/690182","targetHints":{"allow":["GET"]}}],"collection":[{"href":"https:\/\/nbg.eu\/pt-pt\/wp-json\/wp\/v2\/product"}],"about":[{"href":"https:\/\/nbg.eu\/pt-pt\/wp-json\/wp\/v2\/types\/product"}],"wp:featuredmedia":[{"embeddable":true,"href":"https:\/\/nbg.eu\/pt-pt\/wp-json\/wp\/v2\/media\/24952"}],"wp:attachment":[{"href":"https:\/\/nbg.eu\/pt-pt\/wp-json\/wp\/v2\/media?parent=690182"}],"wp:term":[{"taxonomy":"product_brand","embeddable":true,"href":"https:\/\/nbg.eu\/pt-pt\/wp-json\/wp\/v2\/product_brand?post=690182"},{"taxonomy":"product_cat","embeddable":true,"href":"https:\/\/nbg.eu\/pt-pt\/wp-json\/wp\/v2\/product_cat?post=690182"},{"taxonomy":"product_tag","embeddable":true,"href":"https:\/\/nbg.eu\/pt-pt\/wp-json\/wp\/v2\/product_tag?post=690182"}],"curies":[{"name":"wp","href":"https:\/\/api.w.org\/{rel}","templated":true}]}}