{"id":690707,"date":"2024-08-17T16:57:01","date_gmt":"2024-08-17T13:57:01","guid":{"rendered":"https:\/\/nbg.eu\/product\/grips-kmr-l-dotmatrix-short-for-orca-emiq-black\/"},"modified":"2026-01-21T12:07:32","modified_gmt":"2026-01-21T09:07:32","slug":"grips-kmr-l-dotmatrix-short-for-orca-emiq-black","status":"publish","type":"product","link":"https:\/\/nbg.eu\/pt-pt\/produto\/grips-kmr-l-dotmatrix-short-for-orca-emiq-black\/","title":{"rendered":"Grips KMR L DotMatrix Short For Orca, Emiq Black"},"content":{"rendered":"<h2>Empunhaduras KMR L DotMatrix Curto Para Orca, Emiq Preto<\/h2>\n<p>Experimente uma ergonomia superior e uma textura de superf\u00edcie &#8220;DotMatrix&#8221; agressiva para o m\u00e1ximo controle com as empunhaduras KMR L DotMatrix Curto para Orca, Emiq Preto. Fabricadas em alum\u00ednio de alta qualidade usando usinagem CNC, estas empunhaduras especializadas apresentam um perfil delgado e um acabamento anodizado para uma apar\u00eancia elegante e dur\u00e1vel.<\/p>\n<p>O exclusivo padr\u00e3o de estipula\u00e7\u00e3o DotMatrix proporciona uma interface antiderrapante e de alta fric\u00e7\u00e3o que garante que sua arma fique travada em sua m\u00e3o, mesmo sob forte recuo ou em condi\u00e7\u00f5es h\u00famidas. A superf\u00edcie texturizada oferece a m\u00e1xima &#8220;mordida&#8221; sem ser excessivamente abrasiva, tornando-a a escolha ideal para tiro desportivo de alto volume IPSC\/USPSA.<\/p>\n<p>Eleve o seu desempenho de tiro com as empunhaduras KMR L DotMatrix Curto para Orca, Emiq Preto. Projetadas para fornecer controle inigual\u00e1vel e um aperto seguro, estas empunhaduras s\u00e3o o complemento perfeito para a sua arma preparada para competi\u00e7\u00e3o.<\/p>\n","protected":false},"excerpt":{"rendered":"<p>Empunhaduras KMR L DotMatrix Short para Orca, Emiq Preto. Ergonomia superior e textura de superf\u00edcie &#8220;DotMatrix&#8221; agressiva para o m\u00e1ximo controle.<\/p>\n","protected":false},"featured_media":24300,"template":"","meta":{"_acf_changed":false},"product_brand":[11507],"product_cat":[12487,14870],"product_tag":[],"class_list":{"0":"post-690707","1":"product","2":"type-product","3":"status-publish","4":"has-post-thumbnail","6":"product_brand-kmr-precision","7":"product_cat-pecas-kmr","8":"product_cat-pistol-grips-pt-pt","10":"first","11":"instock","12":"taxable","13":"shipping-taxable","14":"product-type-simple"},"acf":[],"_links":{"self":[{"href":"https:\/\/nbg.eu\/pt-pt\/wp-json\/wp\/v2\/product\/690707","targetHints":{"allow":["GET"]}}],"collection":[{"href":"https:\/\/nbg.eu\/pt-pt\/wp-json\/wp\/v2\/product"}],"about":[{"href":"https:\/\/nbg.eu\/pt-pt\/wp-json\/wp\/v2\/types\/product"}],"wp:featuredmedia":[{"embeddable":true,"href":"https:\/\/nbg.eu\/pt-pt\/wp-json\/wp\/v2\/media\/24300"}],"wp:attachment":[{"href":"https:\/\/nbg.eu\/pt-pt\/wp-json\/wp\/v2\/media?parent=690707"}],"wp:term":[{"taxonomy":"product_brand","embeddable":true,"href":"https:\/\/nbg.eu\/pt-pt\/wp-json\/wp\/v2\/product_brand?post=690707"},{"taxonomy":"product_cat","embeddable":true,"href":"https:\/\/nbg.eu\/pt-pt\/wp-json\/wp\/v2\/product_cat?post=690707"},{"taxonomy":"product_tag","embeddable":true,"href":"https:\/\/nbg.eu\/pt-pt\/wp-json\/wp\/v2\/product_tag?post=690707"}],"curies":[{"name":"wp","href":"https:\/\/api.w.org\/{rel}","templated":true}]}}