{"id":691148,"date":"2025-03-07T13:06:11","date_gmt":"2025-03-07T10:06:11","guid":{"rendered":"https:\/\/nbg.eu\/product\/kmr-or-aimpoint-acro-mounting-kit-for-l-02-w-02-steel-black\/"},"modified":"2026-05-13T16:48:14","modified_gmt":"2026-05-13T13:48:14","slug":"kmr-or-aimpoint-acro-mounting-kit-for-l-02-w-02-steel-black","status":"publish","type":"product","link":"https:\/\/nbg.eu\/pt-pt\/produto\/kmr-or-aimpoint-acro-mounting-kit-for-l-02-w-02-steel-black\/","title":{"rendered":"KMR OR Aimpoint Acro Kit de Montagem para L-02, W-02 A\u00e7o Preto"},"content":{"rendered":"<h2>KMR &#8211; OU AIMPOINT ACRO KIT DE MONTAGEM PARA L-02, W-02, A\u00c7O PRETO<\/h2>\n<p>O Kit de Montagem Aimpoint ACRO KMR Optic Ready (OR) \u00e9 a solu\u00e7\u00e3o definitiva para a integra\u00e7\u00e3o de mira \u00f3ptica s\u00f3lida e alinhamento de covis\u00e3o perfeito em suas pistolas KMR L-02 e W-02. Usinado com precis\u00e3o em a\u00e7o de alta resist\u00eancia, este kit de montagem apresenta um layout espec\u00edfico para Aimpoint ACRO, um design de baixo perfil e um acabamento antioxidante preto fosco para uma apar\u00eancia elegante e dur\u00e1vel.<\/p>\n<p>A constru\u00e7\u00e3o de a\u00e7o do Kit de Montagem Aimpoint ACRO KMR OR garante a aus\u00eancia de deslocamento sob forte recuo, fornecendo a solu\u00e7\u00e3o de montagem mais confi\u00e1vel para miras de emissor fechado. O ajuste de precis\u00e3o garante que sua mira \u00f3ptica permane\u00e7a zerada mesmo durante competi\u00e7\u00e3o de alto volume ou uso em servi\u00e7o, tornando-a a escolha definitiva para as pistolas KMR OR.<\/p>\n","protected":false},"excerpt":{"rendered":"<p>KMR &#8211; OU KIT DE MONTAGEM AIMPOINT ACRO PARA L-02, W-02, A\u00c7OS PRETOS. Integra\u00e7\u00e3o de \u00f3tica s\u00f3lida e alinhamento perfeito de co-visualiza\u00e7\u00e3o para modelos L-02 e W-02. Usinado com precis\u00e3o em a\u00e7o de alta resist\u00eancia, com pegada espec\u00edfica Aimpoint ACRO, design de perfil baixo, acabamento anticorosivo preto fosco. Fornece a solu\u00e7\u00e3o de montagem mais dur\u00e1vel para miras de emissor fechado; a constru\u00e7\u00e3o de a\u00e7o garante deslocamento zero sob forte recuo, enquanto o ajuste de precis\u00e3o garante que a \u00f3tica permane\u00e7a zerada mesmo durante competi\u00e7\u00f5es de alto volume ou uso em servi\u00e7o em pistolas da s\u00e9rie KMR OR.<\/p>\n","protected":false},"featured_media":246153,"template":"","meta":{"_acf_changed":false},"product_brand":[11507],"product_cat":[12519,12483,12487,14913],"product_tag":[],"class_list":{"0":"post-691148","1":"product","2":"type-product","3":"status-publish","4":"has-post-thumbnail","6":"product_brand-kmr-precision","7":"product_cat-miras-para-pistolas","8":"product_cat-pecas-de-pistola","9":"product_cat-pecas-kmr","10":"product_cat-red-dot-sights-mounts-pt-pt","12":"first","13":"instock","14":"taxable","15":"shipping-taxable","16":"purchasable","17":"product-type-simple"},"acf":[],"_links":{"self":[{"href":"https:\/\/nbg.eu\/pt-pt\/wp-json\/wp\/v2\/product\/691148","targetHints":{"allow":["GET"]}}],"collection":[{"href":"https:\/\/nbg.eu\/pt-pt\/wp-json\/wp\/v2\/product"}],"about":[{"href":"https:\/\/nbg.eu\/pt-pt\/wp-json\/wp\/v2\/types\/product"}],"wp:featuredmedia":[{"embeddable":true,"href":"https:\/\/nbg.eu\/pt-pt\/wp-json\/wp\/v2\/media\/246153"}],"wp:attachment":[{"href":"https:\/\/nbg.eu\/pt-pt\/wp-json\/wp\/v2\/media?parent=691148"}],"wp:term":[{"taxonomy":"product_brand","embeddable":true,"href":"https:\/\/nbg.eu\/pt-pt\/wp-json\/wp\/v2\/product_brand?post=691148"},{"taxonomy":"product_cat","embeddable":true,"href":"https:\/\/nbg.eu\/pt-pt\/wp-json\/wp\/v2\/product_cat?post=691148"},{"taxonomy":"product_tag","embeddable":true,"href":"https:\/\/nbg.eu\/pt-pt\/wp-json\/wp\/v2\/product_tag?post=691148"}],"curies":[{"name":"wp","href":"https:\/\/api.w.org\/{rel}","templated":true}]}}