{"id":692207,"date":"2024-09-16T14:52:04","date_gmt":"2024-09-16T11:52:04","guid":{"rendered":"https:\/\/nbg.eu\/product\/magazine-catch-28-kmr-l-02-umbra\/"},"modified":"2026-05-13T15:10:49","modified_gmt":"2026-05-13T12:10:49","slug":"magazine-catch-28-kmr-l-02-umbra","status":"publish","type":"product","link":"https:\/\/nbg.eu\/pt-pt\/produto\/magazine-catch-28-kmr-l-02-umbra\/","title":{"rendered":"KMR Trinco do Carregador 28 L-02 UMBRA"},"content":{"rendered":"<h2>KMR Magazine Catch 28 \u2013 L-02 Umbra Edition<\/h2>\n<p>O KMR Magazine Catch 28 \u00e9 um componente premium e pronto para competi\u00e7\u00e3o, especificamente projetado para o KMR L-02 Umbra e a plataforma da s\u00e9rie L. Projetado para velocidade e ergonomia, este liberador de carregador \u00e9 uma atualiza\u00e7\u00e3o cr\u00edtica para atiradores que precisam remover segundos de seus tempos de recarga em condi\u00e7\u00f5es de alta press\u00e3o de competi\u00e7\u00e3o.<\/p>\n<h3>Projetado para Velocidade e Precis\u00e3o<\/h3>\n<p>No mundo do IPSC e USPSA, a velocidade da sua troca de carregador pode ser a diferen\u00e7a entre um p\u00f3dio e um resultado no meio do pelot\u00e3o. A designa\u00e7\u00e3o &#8220;28&#8221; representa a \u00e1rea de superf\u00edcie e a altura de extens\u00e3o otimizadas, proporcionando o equil\u00edbrio perfeito entre acessibilidade e seguran\u00e7a. Ele permite que o atirador solte o carregador sem deslocar significativamente sua empunhadura de tiro, mantendo um melhor controle sobre a arma durante o ciclo de recarga.<\/p>\n<h3>Especifica\u00e7\u00f5es T\u00e9cnicas:<\/h3>\n<ul>\n<li><strong>Durabilidade Usinada por CNC:<\/strong> Fabricado com componentes de a\u00e7o de alta resist\u00eancia e alum\u00ednio para garantir um acionamento preciso e uma vida \u00fatil longa.<\/li>\n<li><strong>Ergonomia Estendida:<\/strong> A alavanca ampliada est\u00e1 estrategicamente posicionada para f\u00e1cil alcance, mesmo para atiradores com m\u00e3os menores ou usando luvas.<\/li>\n<li><strong>Est\u00e9tica da S\u00e9rie Umbra:<\/strong> Apresenta o acabamento escuro e de alto desempenho para combinar perfeitamente com a apar\u00eancia t\u00e1tica premium do KMR L-02 Umbra.<\/li>\n<li><strong>Orienta\u00e7\u00e3o Ajust\u00e1vel:<\/strong> Projetado para f\u00e1cil instala\u00e7\u00e3o com foco em movimenta\u00e7\u00e3o suave e sem emaranhamento dentro do quadro.<\/li>\n<li><strong>Ajuste OEM:<\/strong> Uma pe\u00e7a genu\u00edna da KMR, garantindo que o carregador fique na altura precisa para alimenta\u00e7\u00e3o perfeita e travamento consistente.<\/li>\n<\/ul>\n<h3>M\u00e1xima Confiabilidade sob Press\u00e3o<\/h3>\n<p>A geometria interna do KMR Magazine Catch 28 \u00e9 precisamente mo\u00edda para fornecer um &#8220;clique&#8221; positivo e libera\u00e7\u00e3o imediata. Ao contr\u00e1rio dos acessos padr\u00e3o de carregador que podem parecer moles ou exigir for\u00e7a excessiva, esta unidade oferece uma resposta t\u00e1til e mec\u00e2nica que d\u00e1 ao atirador total confian\u00e7a de que o carregador foi ejetado com sucesso.<\/p>\n<h3>Principais Benef\u00edcios:<\/h3>\n<ul>\n<li><strong>Recargas Mais R\u00e1pidas:<\/strong> A \u00e1rea de superf\u00edcie ampliada e alargada torna a localiza\u00e7\u00e3o do bot\u00e3o de libera\u00e7\u00e3o intuitiva e f\u00e1cil.<\/li>\n<li><strong>Assentamento Seguro do Carregador:<\/strong> Projetado para manter o carregador firmemente no lugar contra os estresses do tiro r\u00e1pido e do movimento.<\/li>\n<li><strong>Controle Aprimorado:<\/strong> Reduz a necessidade de &#8220;quebrar&#8221; sua empunhadura principal para alcan\u00e7ar o bot\u00e3o, permitindo uma reacquisi\u00e7\u00e3o de alvo mais r\u00e1pida ap\u00f3s uma recarga.<\/li>\n<li><strong>Legal para Competi\u00e7\u00e3o:<\/strong> Projetado para atender aos requisitos da maioria das regras de equipamento das divis\u00f5es de produ\u00e7\u00e3o e padr\u00e3o, oferecendo uma vantagem ergon\u00f4mica significativa.<\/li>\n<\/ul>\n","protected":false},"excerpt":{"rendered":"<p>1100-01202-0900<\/p>\n","protected":false},"featured_media":25760,"template":"","meta":{"_acf_changed":false},"product_brand":[11507],"product_cat":[12487],"product_tag":[],"class_list":{"0":"post-692207","1":"product","2":"type-product","3":"status-publish","4":"has-post-thumbnail","6":"product_brand-kmr-precision","7":"product_cat-pecas-kmr","9":"first","10":"instock","11":"taxable","12":"shipping-taxable","13":"product-type-simple"},"acf":[],"_links":{"self":[{"href":"https:\/\/nbg.eu\/pt-pt\/wp-json\/wp\/v2\/product\/692207","targetHints":{"allow":["GET"]}}],"collection":[{"href":"https:\/\/nbg.eu\/pt-pt\/wp-json\/wp\/v2\/product"}],"about":[{"href":"https:\/\/nbg.eu\/pt-pt\/wp-json\/wp\/v2\/types\/product"}],"wp:featuredmedia":[{"embeddable":true,"href":"https:\/\/nbg.eu\/pt-pt\/wp-json\/wp\/v2\/media\/25760"}],"wp:attachment":[{"href":"https:\/\/nbg.eu\/pt-pt\/wp-json\/wp\/v2\/media?parent=692207"}],"wp:term":[{"taxonomy":"product_brand","embeddable":true,"href":"https:\/\/nbg.eu\/pt-pt\/wp-json\/wp\/v2\/product_brand?post=692207"},{"taxonomy":"product_cat","embeddable":true,"href":"https:\/\/nbg.eu\/pt-pt\/wp-json\/wp\/v2\/product_cat?post=692207"},{"taxonomy":"product_tag","embeddable":true,"href":"https:\/\/nbg.eu\/pt-pt\/wp-json\/wp\/v2\/product_tag?post=692207"}],"curies":[{"name":"wp","href":"https:\/\/api.w.org\/{rel}","templated":true}]}}