{"id":692297,"date":"2025-05-21T16:01:25","date_gmt":"2025-05-21T13:01:25","guid":{"rendered":"https:\/\/nbg.eu\/product\/magazine-kmr-l-02-orca-cal-9x19-19-rnds\/"},"modified":"2026-05-13T15:09:58","modified_gmt":"2026-05-13T12:09:58","slug":"magazine-kmr-l-02-orca-cal-9x19-19-rnds","status":"publish","type":"product","link":"https:\/\/nbg.eu\/pt-pt\/produto\/magazine-kmr-l-02-orca-cal-9x19-19-rnds\/","title":{"rendered":"KMR Carregador L-02 ORCA 9&#215;19 19 Crt."},"content":{"rendered":"<h2>MAGAZINE KMR L-02 ORCA cal. 9&#215;19 19 rnds<\/h2>\n<p>Melhore o desempenho da sua pistola KMR L-02 ORCA com este carregador de alta capacidade. Com capacidade para 19 cartuchos de 9x19mm, ele garante alimenta\u00e7\u00e3o confi\u00e1vel e funcionamento suave, tornando-se o companheiro perfeito para a sua arma de fogo. Compat\u00edvel com os modelos KMR L-02 EMIQ e EMIQ (OR), este carregador \u00e9 uma necessidade para quem procura maior capacidade e funcionalidade aprimorada.<\/p>\n<p>N\u00famero da pe\u00e7a: 1152-02402-0001<\/p>\n<p>Compat\u00edvel com:<\/p>\n<ul>\n<li>KMR L-02 EMIQ<\/li>\n<li>KMR L-02 EMIQ (OR)<\/li>\n<li>KMR L-02 ORCA UNTIL 2023<\/li>\n<\/ul>\n","protected":false},"excerpt":{"rendered":"<p>Carregador de alta capacidade de 19 tiros para as pistolas KMR L-02 ORCA 9&#215;19. Alimenta\u00e7\u00e3o confi\u00e1vel e opera\u00e7\u00e3o suave.<\/p>\n","protected":false},"featured_media":365250,"template":"","meta":{"_acf_changed":false},"product_brand":[11507],"product_cat":[12483,12487],"product_tag":[],"class_list":{"0":"post-692297","1":"product","2":"type-product","3":"status-publish","4":"has-post-thumbnail","6":"product_brand-kmr-precision","7":"product_cat-pecas-de-pistola","8":"product_cat-pecas-kmr","10":"first","11":"instock","12":"taxable","13":"shipping-taxable","14":"product-type-simple"},"acf":[],"_links":{"self":[{"href":"https:\/\/nbg.eu\/pt-pt\/wp-json\/wp\/v2\/product\/692297","targetHints":{"allow":["GET"]}}],"collection":[{"href":"https:\/\/nbg.eu\/pt-pt\/wp-json\/wp\/v2\/product"}],"about":[{"href":"https:\/\/nbg.eu\/pt-pt\/wp-json\/wp\/v2\/types\/product"}],"wp:featuredmedia":[{"embeddable":true,"href":"https:\/\/nbg.eu\/pt-pt\/wp-json\/wp\/v2\/media\/365250"}],"wp:attachment":[{"href":"https:\/\/nbg.eu\/pt-pt\/wp-json\/wp\/v2\/media?parent=692297"}],"wp:term":[{"taxonomy":"product_brand","embeddable":true,"href":"https:\/\/nbg.eu\/pt-pt\/wp-json\/wp\/v2\/product_brand?post=692297"},{"taxonomy":"product_cat","embeddable":true,"href":"https:\/\/nbg.eu\/pt-pt\/wp-json\/wp\/v2\/product_cat?post=692297"},{"taxonomy":"product_tag","embeddable":true,"href":"https:\/\/nbg.eu\/pt-pt\/wp-json\/wp\/v2\/product_tag?post=692297"}],"curies":[{"name":"wp","href":"https:\/\/api.w.org\/{rel}","templated":true}]}}