{"id":692314,"date":"2025-05-20T23:13:22","date_gmt":"2025-05-20T20:13:22","guid":{"rendered":"https:\/\/nbg.eu\/product\/magazine-mec-gar-cal-9x19-17-rnds\/"},"modified":"2026-05-13T16:02:55","modified_gmt":"2026-05-13T13:02:55","slug":"magazine-mec-gar-cal-9x19-17-rnds","status":"publish","type":"product","link":"https:\/\/nbg.eu\/pt-pt\/produto\/magazine-mec-gar-cal-9x19-17-rnds\/","title":{"rendered":"KMR Carregador MEC-GAR 9&#215;19 17 Crt."},"content":{"rendered":"<h2>CARREGADOR MAGAZINE MEC-GAR cal. 9&#215;19 17 cartuchos<\/h2>\n<p>Refer\u00eancia: 1152-01901-0000<\/p>\n<p>Carregador de alta capacidade com 17 cartuchos para pistolas 9x19mm. Compat\u00edvel com v\u00e1rios modelos KMR, incluindo SPECTRA, UMBRA e CUDA (vers\u00f5es de 2023 e 2024). Tamb\u00e9m se ajusta \u00e0s pistolas CZ SHADOW 1, SHADOW 2 e SP-01. A alimenta\u00e7\u00e3o confi\u00e1vel e a constru\u00e7\u00e3o dur\u00e1vel garantem um desempenho ideal para sua arma de fogo.<\/p>\n","protected":false},"excerpt":{"rendered":"<p>Carregador de alta capacidade de 9mm para pistolas KMR e CZ. 17 cartuchos.<\/p>\n","protected":false},"featured_media":365198,"template":"","meta":{"_acf_changed":false},"product_brand":[11507],"product_cat":[12483,12487],"product_tag":[],"class_list":{"0":"post-692314","1":"product","2":"type-product","3":"status-publish","4":"has-post-thumbnail","6":"product_brand-kmr-precision","7":"product_cat-pecas-de-pistola","8":"product_cat-pecas-kmr","10":"first","11":"instock","12":"taxable","13":"shipping-taxable","14":"product-type-simple"},"acf":[],"_links":{"self":[{"href":"https:\/\/nbg.eu\/pt-pt\/wp-json\/wp\/v2\/product\/692314","targetHints":{"allow":["GET"]}}],"collection":[{"href":"https:\/\/nbg.eu\/pt-pt\/wp-json\/wp\/v2\/product"}],"about":[{"href":"https:\/\/nbg.eu\/pt-pt\/wp-json\/wp\/v2\/types\/product"}],"wp:featuredmedia":[{"embeddable":true,"href":"https:\/\/nbg.eu\/pt-pt\/wp-json\/wp\/v2\/media\/365198"}],"wp:attachment":[{"href":"https:\/\/nbg.eu\/pt-pt\/wp-json\/wp\/v2\/media?parent=692314"}],"wp:term":[{"taxonomy":"product_brand","embeddable":true,"href":"https:\/\/nbg.eu\/pt-pt\/wp-json\/wp\/v2\/product_brand?post=692314"},{"taxonomy":"product_cat","embeddable":true,"href":"https:\/\/nbg.eu\/pt-pt\/wp-json\/wp\/v2\/product_cat?post=692314"},{"taxonomy":"product_tag","embeddable":true,"href":"https:\/\/nbg.eu\/pt-pt\/wp-json\/wp\/v2\/product_tag?post=692314"}],"curies":[{"name":"wp","href":"https:\/\/api.w.org\/{rel}","templated":true}]}}