{"id":692547,"date":"2024-08-18T12:21:09","date_gmt":"2024-08-18T09:21:09","guid":{"rendered":"https:\/\/nbg.eu\/product\/main-spring-plug-kmr\/"},"modified":"2026-05-13T16:01:03","modified_gmt":"2026-05-13T13:01:03","slug":"main-spring-plug-kmr","status":"publish","type":"product","link":"https:\/\/nbg.eu\/pt-pt\/produto\/main-spring-plug-kmr\/","title":{"rendered":"KMR Tamp\u00e3o da Mola Principal"},"content":{"rendered":"<h2>Plugue de Mola Principal KMR<\/h2>\n<p>Fabricado com precis\u00e3o e aten\u00e7\u00e3o aos detalhes, o Plugue de Mola Principal KMR garante um funcionamento suave e uma funcionalidade precisa dentro dos mecanismos da arma. Sua compatibilidade com uma ampla gama de modelos KMR, tanto da gera\u00e7\u00e3o atual quanto da anterior, o torna um componente vers\u00e1til e essencial para propriet\u00e1rios de armas e profissionais de manuten\u00e7\u00e3o.<\/p>\n<p>Seja voc\u00ea est\u00e1 atualizando, prestando servi\u00e7os ou substituindo um componente em sua arma equipada com KMR, o Plugue de Mola Principal KMR \u00e9 uma pe\u00e7a cr\u00edtica a ser considerada. Com sua constru\u00e7\u00e3o confi\u00e1vel e integra\u00e7\u00e3o perfeita, este plugue ajuda a manter o desempenho e a confiabilidade ideais do seu sistema de arma, garantindo uma experi\u00eancia consistente e confi\u00e1vel para o usu\u00e1rio.<\/p>\n<\/p>\n<p>Para Armas KMR:<\/p>\n<\/p>\n<p>KMR L-02 EMIQ<\/p>\n<\/p>\n<p>KMR L-02 EMIQ (OR)<\/p>\n<\/p>\n<p>KMR L-02 ORCA A PARTIR DE 2024<\/p>\n<\/p>\n<p>KMR L-02 ORCA AT\u00c9 2023<\/p>\n<\/p>\n<p>KMR L-02 SPECTRA A PARTIR DE 2024<\/p>\n<\/p>\n<p>KMR L-02 SPECTRA AT\u00c9 2023<\/p>\n<\/p>\n<p>KMR S-01 LANCE (OR)<\/p>\n<\/p>\n<p>KMR S-02 A PARTIR DE 2024<\/p>\n<\/p>\n<p>KMR S-02 AT\u00c9 2023<\/p>\n<\/p>\n<p>KMR W-02 CUDA (OR)<\/p>\n<\/p>\n<p>KMR W-02 UMBRA<\/p>\n<\/p>\n<p>KMR W-02 UMBRA (OR)<\/p>\n<\/p>\n<p>N\u00famero de refer\u00eancia: 1160-00108-0401<\/p>\n","protected":false},"excerpt":{"rendered":"<p>Plugue de Mola Principal KMR para Armas KMR.<\/p>\n","protected":false},"featured_media":25967,"template":"","meta":{"_acf_changed":false},"product_brand":[11507],"product_cat":[12505,12487],"product_tag":[],"class_list":{"0":"post-692547","1":"product","2":"type-product","3":"status-publish","4":"has-post-thumbnail","6":"product_brand-kmr-precision","7":"product_cat-molas","8":"product_cat-pecas-kmr","10":"first","11":"instock","12":"taxable","13":"shipping-taxable","14":"product-type-simple"},"acf":[],"_links":{"self":[{"href":"https:\/\/nbg.eu\/pt-pt\/wp-json\/wp\/v2\/product\/692547","targetHints":{"allow":["GET"]}}],"collection":[{"href":"https:\/\/nbg.eu\/pt-pt\/wp-json\/wp\/v2\/product"}],"about":[{"href":"https:\/\/nbg.eu\/pt-pt\/wp-json\/wp\/v2\/types\/product"}],"wp:featuredmedia":[{"embeddable":true,"href":"https:\/\/nbg.eu\/pt-pt\/wp-json\/wp\/v2\/media\/25967"}],"wp:attachment":[{"href":"https:\/\/nbg.eu\/pt-pt\/wp-json\/wp\/v2\/media?parent=692547"}],"wp:term":[{"taxonomy":"product_brand","embeddable":true,"href":"https:\/\/nbg.eu\/pt-pt\/wp-json\/wp\/v2\/product_brand?post=692547"},{"taxonomy":"product_cat","embeddable":true,"href":"https:\/\/nbg.eu\/pt-pt\/wp-json\/wp\/v2\/product_cat?post=692547"},{"taxonomy":"product_tag","embeddable":true,"href":"https:\/\/nbg.eu\/pt-pt\/wp-json\/wp\/v2\/product_tag?post=692547"}],"curies":[{"name":"wp","href":"https:\/\/api.w.org\/{rel}","templated":true}]}}