{"id":692620,"date":"2024-11-03T10:02:34","date_gmt":"2024-11-03T07:02:34","guid":{"rendered":"https:\/\/nbg.eu\/product\/norma-cal-6-5-creedmoore-target-match-8-4g-130gr\/"},"modified":"2026-05-13T16:04:50","modified_gmt":"2026-05-13T13:04:50","slug":"norma-cal-6-5-creedmoore-target-match-8-4g-130gr","status":"publish","type":"product","link":"https:\/\/nbg.eu\/pt-pt\/produto\/norma-cal-6-5-creedmoore-target-match-8-4g-130gr\/","title":{"rendered":"NORMA cal. 6.5 Creedmoore Target Match 8.4g\/130gr."},"content":{"rendered":"<h2>NORMA cal. 6.5 Creedmoore Target Match 8.4g\/130gr<\/h2>\n<p>Experimente precis\u00e3o com a muni\u00e7\u00e3o NORMA 6.5 Creedmoor Target Match. Desenvolvido em 2007, este cartucho se destaca em tiro ao alvo de longo alcance e ca\u00e7a. O proj\u00e9til de 6,5 mm possui excelentes densidades seccionais e coeficientes bal\u00edsticos, garantindo um desempenho superior a longas dist\u00e2ncias.<\/p>\n<h3>Caracter\u00edsticas:<\/h3>\n<ul>\n<li>Calibre: 6.5 Creedmoor<\/li>\n<li>Peso: 8.4g\/130gr<\/li>\n<li>Coeficiente bal\u00edstico: G1 0.548 \/ G7 0.294<\/li>\n<li>Tipo: Golden Target<\/li>\n<li>Igni\u00e7\u00e3o: Espoleta central<\/li>\n<\/ul>\n<h3>Velocidade:<\/h3>\n<ul>\n<li>V0: 869 m\/s<\/li>\n<li>V100: 813 m\/s<\/li>\n<li>V200: 759 m\/s<\/li>\n<li>V300: 708 m\/s<\/li>\n<\/ul>\n","protected":false},"excerpt":{"rendered":"<p>Muni\u00e7\u00e3o Precision 6.5 Creedmoor para tiro de longo alcance.<\/p>\n","protected":false},"featured_media":76704,"template":"","meta":{"_acf_changed":false},"product_brand":[14474],"product_cat":[12550],"product_tag":[],"class_list":{"0":"post-692620","1":"product","2":"type-product","3":"status-publish","4":"has-post-thumbnail","6":"product_brand-norma-precision","7":"product_cat-municao-para-rifles","9":"first","10":"instock","11":"taxable","12":"shipping-taxable","13":"purchasable","14":"product-type-simple"},"acf":[],"_links":{"self":[{"href":"https:\/\/nbg.eu\/pt-pt\/wp-json\/wp\/v2\/product\/692620","targetHints":{"allow":["GET"]}}],"collection":[{"href":"https:\/\/nbg.eu\/pt-pt\/wp-json\/wp\/v2\/product"}],"about":[{"href":"https:\/\/nbg.eu\/pt-pt\/wp-json\/wp\/v2\/types\/product"}],"wp:featuredmedia":[{"embeddable":true,"href":"https:\/\/nbg.eu\/pt-pt\/wp-json\/wp\/v2\/media\/76704"}],"wp:attachment":[{"href":"https:\/\/nbg.eu\/pt-pt\/wp-json\/wp\/v2\/media?parent=692620"}],"wp:term":[{"taxonomy":"product_brand","embeddable":true,"href":"https:\/\/nbg.eu\/pt-pt\/wp-json\/wp\/v2\/product_brand?post=692620"},{"taxonomy":"product_cat","embeddable":true,"href":"https:\/\/nbg.eu\/pt-pt\/wp-json\/wp\/v2\/product_cat?post=692620"},{"taxonomy":"product_tag","embeddable":true,"href":"https:\/\/nbg.eu\/pt-pt\/wp-json\/wp\/v2\/product_tag?post=692620"}],"curies":[{"name":"wp","href":"https:\/\/api.w.org\/{rel}","templated":true}]}}