{"id":692954,"date":"2024-11-02T11:43:26","date_gmt":"2024-11-02T08:43:26","guid":{"rendered":"https:\/\/nbg.eu\/product\/norma-308-win-whitetail-150gr-soft-point-hunting-ammo\/"},"modified":"2026-05-13T16:03:41","modified_gmt":"2026-05-13T13:03:41","slug":"norma-308-win-whitetail-150gr-soft-point-hunting-ammo","status":"publish","type":"product","link":"https:\/\/nbg.eu\/pt-pt\/produto\/norma-308-win-whitetail-150gr-soft-point-hunting-ammo\/","title":{"rendered":"NORMA .308 Win Whitetail 150gr Soft Point Hunting Ammo"},"content":{"rendered":"<div class=\"product-description\">\n<h2>NORMA cal. .308 Win SP Whitetail 9.7g\/150gr<\/h2>\n<p>Experimente precis\u00e3o e desempenho inigual\u00e1veis com a muni\u00e7\u00e3o .308 Win SP Whitetail da NORMA. Esta bala Soft Point de 150gr (9,7g) oferece:<\/p>\n<ul>\n<li>Precis\u00e3o excepcional para ca\u00e7a de veados e grandes animais<\/li>\n<li>Design de base plana para desempenho consistente<\/li>\n<li>Ponta de chumbo exposta para r\u00e1pida expans\u00e3o<\/li>\n<li>Penetra\u00e7\u00e3o profunda e transfer\u00eancia eficiente de energia<\/li>\n<\/ul>\n<h3>Especifica\u00e7\u00f5es-chave:<\/h3>\n<ul>\n<li>N\u00famero do produto: 20177382<\/li>\n<li>Calibre: .308 Win<\/li>\n<li>Peso: 9,7g\/150gr<\/li>\n<li>Coeficiente bal\u00edstico (G1): 0,274<\/li>\n<li>Velocidade de boca (V0): 850 m\/s<\/li>\n<\/ul>\n<p>Fabricada em \u00c5motfors, Su\u00e9cia, com a renomada precis\u00e3o e c\u00e1psulas de lat\u00e3o de alta qualidade da NORMA, esta muni\u00e7\u00e3o garante consist\u00eancia superior e excelente recarga.<\/p>\n<\/div>\n<div class=\"panel panel--no-padding\">\n<div class=\"panel__inner\">\n<table class=\"ballistic-table\">\n<thead>\n<tr>\n<th scope=\"col\"><\/th>\n<th scope=\"col\">50yds<\/th>\n<th scope=\"col\">75yds<\/th>\n<th scope=\"col\">100yds<\/th>\n<th scope=\"col\">150yds<\/th>\n<th scope=\"col\">200yds<\/th>\n<th scope=\"col\">300yds<\/th>\n<\/tr>\n<\/thead>\n<tbody>\n<tr>\n<th scope=\"row\">50<\/th>\n<td><\/td>\n<td>0<\/td>\n<td>0,4<\/td>\n<td>-0,7<\/td>\n<td>-3,3<\/td>\n<td>-14,4<\/td>\n<\/tr>\n<tr>\n<th scope=\"row\">100<\/th>\n<td>-0,2<\/td>\n<td>&#8211;<\/td>\n<td><\/td>\n<td>-1,2<\/td>\n<td>-4<\/td>\n<td>-15,5<\/td>\n<\/tr>\n<tr>\n<th scope=\"row\">150<\/th>\n<td>0,2<\/td>\n<td>&#8211;<\/td>\n<td>0,8<\/td>\n<td><\/td>\n<td>-2,4<\/td>\n<td>-13<\/td>\n<\/tr>\n<tr>\n<th scope=\"row\">200<\/th>\n<td>0,8<\/td>\n<td>&#8211;<\/td>\n<td>2<\/td>\n<td>1,8<\/td>\n<td><\/td>\n<td>-9,4<\/td>\n<\/tr>\n<\/tbody>\n<\/table>\n<\/div>\n<\/div>\n","protected":false},"excerpt":{"rendered":"<p>NORMA .308 Win SP Ca\u00e7a Maior: Muni\u00e7\u00e3o de ca\u00e7a a cervos precisa e poderosa.<\/p>\n","protected":false},"featured_media":76634,"template":"","meta":{"_acf_changed":false},"product_brand":[14474],"product_cat":[12540],"product_tag":[],"class_list":{"0":"post-692954","1":"product","2":"type-product","3":"status-publish","4":"has-post-thumbnail","6":"product_brand-norma-precision","7":"product_cat-municao","9":"first","10":"instock","11":"taxable","12":"shipping-taxable","13":"purchasable","14":"product-type-simple"},"acf":[],"_links":{"self":[{"href":"https:\/\/nbg.eu\/pt-pt\/wp-json\/wp\/v2\/product\/692954","targetHints":{"allow":["GET"]}}],"collection":[{"href":"https:\/\/nbg.eu\/pt-pt\/wp-json\/wp\/v2\/product"}],"about":[{"href":"https:\/\/nbg.eu\/pt-pt\/wp-json\/wp\/v2\/types\/product"}],"wp:featuredmedia":[{"embeddable":true,"href":"https:\/\/nbg.eu\/pt-pt\/wp-json\/wp\/v2\/media\/76634"}],"wp:attachment":[{"href":"https:\/\/nbg.eu\/pt-pt\/wp-json\/wp\/v2\/media?parent=692954"}],"wp:term":[{"taxonomy":"product_brand","embeddable":true,"href":"https:\/\/nbg.eu\/pt-pt\/wp-json\/wp\/v2\/product_brand?post=692954"},{"taxonomy":"product_cat","embeddable":true,"href":"https:\/\/nbg.eu\/pt-pt\/wp-json\/wp\/v2\/product_cat?post=692954"},{"taxonomy":"product_tag","embeddable":true,"href":"https:\/\/nbg.eu\/pt-pt\/wp-json\/wp\/v2\/product_tag?post=692954"}],"curies":[{"name":"wp","href":"https:\/\/api.w.org\/{rel}","templated":true}]}}