{"id":693212,"date":"2024-08-18T11:12:21","date_gmt":"2024-08-18T08:12:21","guid":{"rendered":"https:\/\/nbg.eu\/product\/rear-sight-screw-m4x6-din-913-kmr\/"},"modified":"2026-05-13T16:02:02","modified_gmt":"2026-05-13T13:02:02","slug":"rear-sight-screw-m4x6-din-913-kmr","status":"publish","type":"product","link":"https:\/\/nbg.eu\/pt-pt\/produto\/rear-sight-screw-m4x6-din-913-kmr\/","title":{"rendered":"KMR Parafuso da Mira Traseira M4x6 DIN 913"},"content":{"rendered":"<h2>Parafuso de Mira Traseira M4X6 Din 913 KMR<\/h2>\n<p>Este parafuso de mira traseira \u00e9 projetado para uso com uma variedade de armas KMR. Medindo M4x6 mm e atendendo aos padr\u00f5es DIN 913, este parafuso garante uma fixa\u00e7\u00e3o segura e confi\u00e1vel da mira traseira em sua arma de fogo KMR. Fabricado com precis\u00e3o e durabilidade em mente, este parafuso de mira traseira fornece um componente crucial para manter o desempenho e a funcionalidade ideais do seu sistema de arma KMR.<\/p>\n<p>Para Armas KMR:<\/p>\n<p>KMR L-02 EMIQ<\/p>\n<p>KMR L-02 EMIQ (OU)<\/p>\n<p>KMR L-02 ORCA A PARTIR DE 2024<\/p>\n<p>KMR L-02 ORCA AT\u00c9 2023<\/p>\n<p>KMR L-02 SPECTRA AT\u00c9 2023<\/p>\n<p>KMR L-02 UMBRA (OU) SR<\/p>\n<p>KMR W-02 CUDA (OU)<\/p>\n<p>KMR W-02 UMBRA (OU)<\/p>\n","protected":false},"excerpt":{"rendered":"<p>Parafuso da mira traseira M4X6 Din 913 para os modelos de arma KMR: L-02 EMIQ, ORCA, SPECTRA, UMBRA, W-02 CUDA, UMBRA.<\/p>\n","protected":false},"featured_media":25390,"template":"","meta":{"_acf_changed":false},"product_brand":[11507],"product_cat":[12487],"product_tag":[],"class_list":{"0":"post-693212","1":"product","2":"type-product","3":"status-publish","4":"has-post-thumbnail","6":"product_brand-kmr-precision","7":"product_cat-pecas-kmr","9":"first","10":"instock","11":"taxable","12":"shipping-taxable","13":"product-type-simple"},"acf":[],"_links":{"self":[{"href":"https:\/\/nbg.eu\/pt-pt\/wp-json\/wp\/v2\/product\/693212","targetHints":{"allow":["GET"]}}],"collection":[{"href":"https:\/\/nbg.eu\/pt-pt\/wp-json\/wp\/v2\/product"}],"about":[{"href":"https:\/\/nbg.eu\/pt-pt\/wp-json\/wp\/v2\/types\/product"}],"wp:featuredmedia":[{"embeddable":true,"href":"https:\/\/nbg.eu\/pt-pt\/wp-json\/wp\/v2\/media\/25390"}],"wp:attachment":[{"href":"https:\/\/nbg.eu\/pt-pt\/wp-json\/wp\/v2\/media?parent=693212"}],"wp:term":[{"taxonomy":"product_brand","embeddable":true,"href":"https:\/\/nbg.eu\/pt-pt\/wp-json\/wp\/v2\/product_brand?post=693212"},{"taxonomy":"product_cat","embeddable":true,"href":"https:\/\/nbg.eu\/pt-pt\/wp-json\/wp\/v2\/product_cat?post=693212"},{"taxonomy":"product_tag","embeddable":true,"href":"https:\/\/nbg.eu\/pt-pt\/wp-json\/wp\/v2\/product_tag?post=693212"}],"curies":[{"name":"wp","href":"https:\/\/api.w.org\/{rel}","templated":true}]}}