{"id":693539,"date":"2024-08-16T21:03:31","date_gmt":"2024-08-16T18:03:31","guid":{"rendered":"https:\/\/nbg.eu\/product\/rhh-leg-strap\/"},"modified":"2026-05-13T16:03:28","modified_gmt":"2026-05-13T13:03:28","slug":"rhh-leg-strap","status":"publish","type":"product","link":"https:\/\/nbg.eu\/pt-pt\/produto\/rhh-leg-strap\/","title":{"rendered":"RHH Leg Strap"},"content":{"rendered":"<h2>Al\u00e7a de Perna RHH: Estabilidade Aprimorada do Coldre para Atividades Din\u00e2micas<\/h2>\n<p>A Al\u00e7a de Perna RHH \u00e9 um acess\u00f3rio vers\u00e1til projetado para fornecer estabilidade excepcional e redu\u00e7\u00e3o de movimento para coldres de perna ou montados no meio durante atividades din\u00e2micas. Feita de tecido de nylon el\u00e1stico resistente e com uma fivela de pol\u00edmero de alto impacto, essa al\u00e7a ajust\u00e1vel garante um ajuste seguro e confort\u00e1vel em torno da sua coxa.<\/p>\n<p>A costura emborrachada antiderrapante integrada adiciona uma textura aderente, eliminando efetivamente o &#8220;balan\u00e7o do coldre&#8221; que pode ocorrer durante a corrida, o ajoelhamento ou outros movimentos intensos. A constru\u00e7\u00e3o el\u00e1stica permite que a al\u00e7a se expanda e contraia com os m\u00fasculos da perna, mantendo o coldre em uma posi\u00e7\u00e3o consistente para um saque confi\u00e1vel e sem obst\u00e1culos.<\/p>\n<p>Seja voc\u00ea um oficial em servi\u00e7o ativo, um atirador competitivo ou um entusiasta ao ar livre, a Al\u00e7a de Perna RHH \u00e9 a solu\u00e7\u00e3o perfeita para manter seu coldre firmemente no lugar, sem restringir sua amplitude de movimento ou circula\u00e7\u00e3o. Experimente uma estabilidade aprimorada do coldre e confian\u00e7a em seu equipamento, mesmo nas situa\u00e7\u00f5es mais exigentes.<\/p>\n","protected":false},"excerpt":{"rendered":"<p>Proteja sua coldre com a faixa de perna RHH de nylon el\u00e1stico dur\u00e1vel e design antiderrapante.<\/p>\n","protected":false},"featured_media":0,"template":"","meta":{"_acf_changed":false},"product_brand":[11642],"product_cat":[12518],"product_tag":[],"class_list":{"0":"post-693539","1":"product","2":"type-product","3":"status-publish","5":"product_brand-rh-holsters","6":"product_cat-acessorios-para-coldres","8":"first","9":"instock","10":"taxable","11":"shipping-taxable","12":"purchasable","13":"product-type-simple"},"acf":[],"_links":{"self":[{"href":"https:\/\/nbg.eu\/pt-pt\/wp-json\/wp\/v2\/product\/693539","targetHints":{"allow":["GET"]}}],"collection":[{"href":"https:\/\/nbg.eu\/pt-pt\/wp-json\/wp\/v2\/product"}],"about":[{"href":"https:\/\/nbg.eu\/pt-pt\/wp-json\/wp\/v2\/types\/product"}],"wp:attachment":[{"href":"https:\/\/nbg.eu\/pt-pt\/wp-json\/wp\/v2\/media?parent=693539"}],"wp:term":[{"taxonomy":"product_brand","embeddable":true,"href":"https:\/\/nbg.eu\/pt-pt\/wp-json\/wp\/v2\/product_brand?post=693539"},{"taxonomy":"product_cat","embeddable":true,"href":"https:\/\/nbg.eu\/pt-pt\/wp-json\/wp\/v2\/product_cat?post=693539"},{"taxonomy":"product_tag","embeddable":true,"href":"https:\/\/nbg.eu\/pt-pt\/wp-json\/wp\/v2\/product_tag?post=693539"}],"curies":[{"name":"wp","href":"https:\/\/api.w.org\/{rel}","templated":true}]}}