{"id":694137,"date":"2024-08-17T18:11:52","date_gmt":"2024-08-17T15:11:52","guid":{"rendered":"https:\/\/nbg.eu\/product\/safety-detent-plunger-spring-kmr\/"},"modified":"2026-05-13T16:03:32","modified_gmt":"2026-05-13T13:03:32","slug":"safety-detent-plunger-spring-kmr","status":"publish","type":"product","link":"https:\/\/nbg.eu\/pt-pt\/produto\/safety-detent-plunger-spring-kmr\/","title":{"rendered":"KMR Mola do \u00cambolo de Seguran\u00e7a"},"content":{"rendered":"<h2>Mola do Pino de Trava de Seguran\u00e7a KMR<\/h2>\n<p>Garanta o desempenho confi\u00e1vel e seguro da sua arma com a Mola do Pino de Trava de Seguran\u00e7a KMR.<\/p>\n<p>Fabricada com precis\u00e3o e durabilidade em mente, a Mola do Pino de Trava de Seguran\u00e7a KMR ajuda a manter o funcionamento adequado do mecanismo de seguran\u00e7a da sua arma. Seu design confi\u00e1vel garante uma opera\u00e7\u00e3o suave e consistente, reduzindo o risco de disparos acidentais e melhorando a seguran\u00e7a geral durante o uso.<\/p>\n<p>Seja voc\u00ea est\u00e1 atualizando sua arma KMR existente ou substituindo um componente desgastado, a Mola do Pino de Trava de Seguran\u00e7a KMR \u00e9 um acess\u00f3rio essencial para manter a integridade e o desempenho da sua arma de fogo. Invista neste componente confi\u00e1vel para garantir que a seguran\u00e7a e a funcionalidade da sua arma permane\u00e7am no mais alto n\u00edvel.<\/p>\n<p>Para Armas KMR:<\/p>\n<p>KMR L-02 EMIQ<\/p>\n<p>KMR L-02 EMIQ (OR)<\/p>\n<p>KMR L-02 ORCA A PARTIR DE 2024<\/p>\n<p>KMR L-02 ORCA AT\u00c9 2023<\/p>\n<p>KMR L-02 SPECTRA A PARTIR DE 2024<\/p>\n<p>KMR L-02 SPECTRA AT\u00c9 2023<\/p>\n<p>KMR L-02 UMBRA (OR) SR<\/p>\n<p>KMR S-01 LANCE (OR)<\/p>\n<p>KMR S-02 A PARTIR DE 2024<\/p>\n<p>KMR S-02 AT\u00c9 2023<\/p>\n<p>KMR W-02 CUDA (OR)<\/p>\n<p>KMR W-02 UMBRA<\/p>\n<p>KMR W-02 UMBRA (OR)<\/p>\n","protected":false},"excerpt":{"rendered":"<p>Mola de plunger de reten\u00e7\u00e3o de seguran\u00e7a para armas KMR.<\/p>\n","protected":false},"featured_media":24929,"template":"","meta":{"_acf_changed":false},"product_brand":[11507],"product_cat":[12505,12487],"product_tag":[],"class_list":{"0":"post-694137","1":"product","2":"type-product","3":"status-publish","4":"has-post-thumbnail","6":"product_brand-kmr-precision","7":"product_cat-molas","8":"product_cat-pecas-kmr","10":"first","11":"instock","12":"taxable","13":"shipping-taxable","14":"product-type-simple"},"acf":[],"_links":{"self":[{"href":"https:\/\/nbg.eu\/pt-pt\/wp-json\/wp\/v2\/product\/694137","targetHints":{"allow":["GET"]}}],"collection":[{"href":"https:\/\/nbg.eu\/pt-pt\/wp-json\/wp\/v2\/product"}],"about":[{"href":"https:\/\/nbg.eu\/pt-pt\/wp-json\/wp\/v2\/types\/product"}],"wp:featuredmedia":[{"embeddable":true,"href":"https:\/\/nbg.eu\/pt-pt\/wp-json\/wp\/v2\/media\/24929"}],"wp:attachment":[{"href":"https:\/\/nbg.eu\/pt-pt\/wp-json\/wp\/v2\/media?parent=694137"}],"wp:term":[{"taxonomy":"product_brand","embeddable":true,"href":"https:\/\/nbg.eu\/pt-pt\/wp-json\/wp\/v2\/product_brand?post=694137"},{"taxonomy":"product_cat","embeddable":true,"href":"https:\/\/nbg.eu\/pt-pt\/wp-json\/wp\/v2\/product_cat?post=694137"},{"taxonomy":"product_tag","embeddable":true,"href":"https:\/\/nbg.eu\/pt-pt\/wp-json\/wp\/v2\/product_tag?post=694137"}],"curies":[{"name":"wp","href":"https:\/\/api.w.org\/{rel}","templated":true}]}}