{"id":694308,"date":"2024-08-18T12:10:09","date_gmt":"2024-08-18T09:10:09","guid":{"rendered":"https:\/\/nbg.eu\/product\/sear-kmr\/"},"modified":"2026-05-13T15:10:51","modified_gmt":"2026-05-13T12:10:51","slug":"sear-kmr","status":"publish","type":"product","link":"https:\/\/nbg.eu\/pt-pt\/produto\/sear-kmr\/","title":{"rendered":"Selar KMR"},"content":{"rendered":"<h2>KMR Precision Sear<\/h2>\n<p>O Sear da KMR \u00e9 um componente interno fundamental projetado para aqueles que exigem o m\u00e1ximo em desempenho do gatilho. Como o principal elo do sistema de igni\u00e7\u00e3o, o sear segura o martelo at\u00e9 o exato momento da descarga. Esta pe\u00e7a genu\u00edna da KMR \u00e9 projetada para fornecer a quebra &#8220;como uma vara de vidro&#8221; que se tornou a marca registrada da marca KMR.<\/p>\n<h3>Igni\u00e7\u00e3o de N\u00edvel de Competi\u00e7\u00e3o<\/h3>\n<p>A geometria do Sear da KMR \u00e9 calculada meticulosamente para minimizar o creep e o overtravel. Ao utilizar a\u00e7o endurecido de alta qualidade, a KMR garante que as bordas de engajamento permane\u00e7am afiadas e consistentes ao longo de centenas de milhares de ciclos. Seja voc\u00ea construindo um conjunto de competi\u00e7\u00e3o personalizado ou restaurando seu rev\u00f3lver para um desempenho de f\u00e1brica, este sear \u00e9 a chave para um gatilho repet\u00edvel e seguro.<\/p>\n<h3>Especifica\u00e7\u00f5es T\u00e9cnicas:<\/h3>\n<ul>\n<li><strong>A\u00e7o Endurecido de Alto Carbono:<\/strong> Forjado para extrema durabilidade e resist\u00eancia ao desgaste superficial no ponto de engajamento.<\/li>\n<li><strong>Usinagem de Precis\u00e3o:<\/strong> Fabricado com as mais altas toler\u00e2ncias para garantir uma interface perfeita com os ganchos do martelo.<\/li>\n<li><strong>Geometria de Reset Otimizada:<\/strong> Projetado para facilitar um reset curto e positivo para tiros de acompanhamento mais r\u00e1pidos em cen\u00e1rios de tiro din\u00e2mico.<\/li>\n<li><strong>Ajuste Universal KMR:<\/strong> Compat\u00edvel com os quadros das s\u00e9ries KMR L-02 e W-02.<\/li>\n<\/ul>\n<h3>Principais Benef\u00edcios:<\/h3>\n<ul>\n<li><strong>Elimine o Creep do Gatilho:<\/strong> Proporciona uma libera\u00e7\u00e3o n\u00edtida e imediata que melhora a precis\u00e3o, reduzindo a chance de puxar o tiro.<\/li>\n<li><strong>Seguran\u00e7a Aprimorada:<\/strong> Superf\u00edcies retificadas com precis\u00e3o garantem um bloqueio seguro do martelo, mantendo a seguran\u00e7a mec\u00e2nica mesmo sob uso intenso.<\/li>\n<li><strong>Qualidade Pronta para Instala\u00e7\u00e3o:<\/strong> Embora o ajuste por um armeiro seja sempre recomendado para os melhores gatilhos, esta pe\u00e7a OEM fornece a base mais confi\u00e1vel para um trabalho de gatilho profissional.<\/li>\n<\/ul>\n<p><em><strong>Observa\u00e7\u00e3o:<\/strong> Devido ao fato de o sear ser um componente de seguran\u00e7a cr\u00edtico, a KMR recomenda que a instala\u00e7\u00e3o e qualquer polimento subsequente sejam realizados por um armeiro qualificado para garantir o engajamento adequado do sear com o martelo.<\/em><\/p>\n","protected":false},"excerpt":{"rendered":"<p>1110-00106-0401<\/p>\n","protected":false},"featured_media":25806,"template":"","meta":{"_acf_changed":false},"product_brand":[11507],"product_cat":[12487],"product_tag":[],"class_list":{"0":"post-694308","1":"product","2":"type-product","3":"status-publish","4":"has-post-thumbnail","6":"product_brand-kmr-precision","7":"product_cat-pecas-kmr","9":"first","10":"instock","11":"taxable","12":"shipping-taxable","13":"product-type-simple"},"acf":[],"_links":{"self":[{"href":"https:\/\/nbg.eu\/pt-pt\/wp-json\/wp\/v2\/product\/694308","targetHints":{"allow":["GET"]}}],"collection":[{"href":"https:\/\/nbg.eu\/pt-pt\/wp-json\/wp\/v2\/product"}],"about":[{"href":"https:\/\/nbg.eu\/pt-pt\/wp-json\/wp\/v2\/types\/product"}],"wp:featuredmedia":[{"embeddable":true,"href":"https:\/\/nbg.eu\/pt-pt\/wp-json\/wp\/v2\/media\/25806"}],"wp:attachment":[{"href":"https:\/\/nbg.eu\/pt-pt\/wp-json\/wp\/v2\/media?parent=694308"}],"wp:term":[{"taxonomy":"product_brand","embeddable":true,"href":"https:\/\/nbg.eu\/pt-pt\/wp-json\/wp\/v2\/product_brand?post=694308"},{"taxonomy":"product_cat","embeddable":true,"href":"https:\/\/nbg.eu\/pt-pt\/wp-json\/wp\/v2\/product_cat?post=694308"},{"taxonomy":"product_tag","embeddable":true,"href":"https:\/\/nbg.eu\/pt-pt\/wp-json\/wp\/v2\/product_tag?post=694308"}],"curies":[{"name":"wp","href":"https:\/\/api.w.org\/{rel}","templated":true}]}}