{"id":694464,"date":"2024-09-16T14:36:57","date_gmt":"2024-09-16T11:36:57","guid":{"rendered":"https:\/\/nbg.eu\/product\/slide-stop-27-kmr\/"},"modified":"2026-02-02T18:40:59","modified_gmt":"2026-02-02T15:40:59","slug":"slide-stop-27-kmr","status":"publish","type":"product","link":"https:\/\/nbg.eu\/pt-pt\/produto\/slide-stop-27-kmr\/","title":{"rendered":"TRAVA DE ESCORREGAMENTO 27 KMR"},"content":{"rendered":"<h2>SLIDE STOP 27 KMR &#8211; Indicador de Seguran\u00e7a e Recarga Confi\u00e1vel de Arma de Fogo<\/h2>\n<p>O SLIDE STOP 27 KMR \u00e9 um recurso essencial que melhora a seguran\u00e7a e a funcionalidade da sua arma de fogo. Quando o carregador est\u00e1 vazio, o mecanismo de travamento da culatra trava automaticamente a culatra na posi\u00e7\u00e3o traseira, fornecendo um sinal visual claro de que o carregador precisa ser substitu\u00eddo.<\/p>\n<p>Este recurso permite uma recarga fluida, pois o atirador pode simplesmente pressionar o mecanismo de travamento da culatra para liberar a culatra e carregar a primeira rodada na c\u00e2mara assim que um novo carregador for inserido. O SLIDE STOP 27 KMR atua como um mecanismo de seguran\u00e7a confi\u00e1vel, evitando a descarga acidental at\u00e9 que o carregador esteja devidamente fixado e a arma esteja pronta para uso.<\/p>\n<p>Fabricado com precis\u00e3o e aten\u00e7\u00e3o aos detalhes, o SLIDE STOP 27 KMR \u00e9 um acess\u00f3rio valioso para qualquer arma de fogo, garantindo uma experi\u00eancia de tiro mais segura e eficiente. Seja voc\u00ea um atirador experiente ou um atirador iniciante, este recurso lhe proporcionar\u00e1 a tranquilidade e a confian\u00e7a necess\u00e1rias no campo de tiro ou no campo.<\/p>\n<p>Para Armas KMR<br \/>\nKMR L-02 SPECTRA AT\u00c9 2023<br \/>\nKMR W-02 CUDA (OU)<br \/>\nKMR W-02 UMBRA<br \/>\nKMR W-02 UMBRA (OU)<\/p>\n","protected":false},"excerpt":{"rendered":"<p>Recurso de trava deslizante trava automaticamente o slide quando o carregador est\u00e1 vazio, permite o carregamento de nova muni\u00e7\u00e3o e evita a descarga acidental.<\/p>\n","protected":false},"featured_media":25875,"template":"","meta":{"_acf_changed":false},"product_brand":[11507],"product_cat":[12487],"product_tag":[],"class_list":{"0":"post-694464","1":"product","2":"type-product","3":"status-publish","4":"has-post-thumbnail","6":"product_brand-kmr-precision","7":"product_cat-pecas-kmr","9":"first","10":"instock","11":"taxable","12":"shipping-taxable","13":"product-type-simple"},"acf":[],"_links":{"self":[{"href":"https:\/\/nbg.eu\/pt-pt\/wp-json\/wp\/v2\/product\/694464","targetHints":{"allow":["GET"]}}],"collection":[{"href":"https:\/\/nbg.eu\/pt-pt\/wp-json\/wp\/v2\/product"}],"about":[{"href":"https:\/\/nbg.eu\/pt-pt\/wp-json\/wp\/v2\/types\/product"}],"wp:featuredmedia":[{"embeddable":true,"href":"https:\/\/nbg.eu\/pt-pt\/wp-json\/wp\/v2\/media\/25875"}],"wp:attachment":[{"href":"https:\/\/nbg.eu\/pt-pt\/wp-json\/wp\/v2\/media?parent=694464"}],"wp:term":[{"taxonomy":"product_brand","embeddable":true,"href":"https:\/\/nbg.eu\/pt-pt\/wp-json\/wp\/v2\/product_brand?post=694464"},{"taxonomy":"product_cat","embeddable":true,"href":"https:\/\/nbg.eu\/pt-pt\/wp-json\/wp\/v2\/product_cat?post=694464"},{"taxonomy":"product_tag","embeddable":true,"href":"https:\/\/nbg.eu\/pt-pt\/wp-json\/wp\/v2\/product_tag?post=694464"}],"curies":[{"name":"wp","href":"https:\/\/api.w.org\/{rel}","templated":true}]}}