{"id":694529,"date":"2024-08-18T12:10:35","date_gmt":"2024-08-18T09:10:35","guid":{"rendered":"https:\/\/nbg.eu\/product\/slide-stop-26-recessed-kmr\/"},"modified":"2026-05-13T16:02:08","modified_gmt":"2026-05-13T13:02:08","slug":"slide-stop-26-recessed-kmr","status":"publish","type":"product","link":"https:\/\/nbg.eu\/pt-pt\/produto\/slide-stop-26-recessed-kmr\/","title":{"rendered":"KMR Retentor do Ferrolho 26 Embutido"},"content":{"rendered":"<h2>SLIDE STOP 26 RECESSED KMR<\/h2>\n<p>O slide stop \u00e9 projetado para ser f\u00e1cil de alcan\u00e7ar e f\u00e1cil de operar durante o tiro e a troca de carregadores.<\/p>\n<p>Usado para prender a corredi\u00e7a na posi\u00e7\u00e3o traseira, geralmente ap\u00f3s o carregador ter sido esvaziado. Esse recurso \u00e9 inclu\u00eddo na maioria das pistolas semiautom\u00e1ticas modernas.<\/p>\n<p>Trava da corredi\u00e7a na posi\u00e7\u00e3o traseira &#8211; quando o carregador est\u00e1 vazio, o travamento da corredi\u00e7a trava automaticamente a corredi\u00e7a na posi\u00e7\u00e3o traseira, sinalizando ao atirador que o carregador precisa ser substitu\u00eddo.<\/p>\n<p>Permitindo o carregamento de nova muni\u00e7\u00e3o &#8211; assim que um novo carregador \u00e9 carregado, o atirador geralmente pressiona o release da corredi\u00e7a, permitindo que a corredi\u00e7a avance para carregar o primeiro cartucho na c\u00e2mara.<\/p>\n<p>Recurso de seguran\u00e7a &#8211; O slide stop tamb\u00e9m pode ser um recurso de seguran\u00e7a que impede a descarga acidental at\u00e9 que o carregador seja inserido corretamente e a arma esteja pronta para uso.<\/p>\n<p>Para Armas KMR<br \/>KMR L-02 UMBRA AT\u00c9 2023<\/p>\n","protected":false},"excerpt":{"rendered":"<p>A SLIDE STOP 26 RECESSED KMR \u00e9 um bloqueio de slide conveniente e seguro projetado para pistolas de carregamento autom\u00e1tico modernas, facilitando a troca de carregadores e garantindo um funcionamento seguro.<\/p>\n","protected":false},"featured_media":25852,"template":"","meta":{"_acf_changed":false},"product_brand":[11507],"product_cat":[12487],"product_tag":[],"class_list":{"0":"post-694529","1":"product","2":"type-product","3":"status-publish","4":"has-post-thumbnail","6":"product_brand-kmr-precision","7":"product_cat-pecas-kmr","9":"first","10":"instock","11":"taxable","12":"shipping-taxable","13":"product-type-simple"},"acf":[],"_links":{"self":[{"href":"https:\/\/nbg.eu\/pt-pt\/wp-json\/wp\/v2\/product\/694529","targetHints":{"allow":["GET"]}}],"collection":[{"href":"https:\/\/nbg.eu\/pt-pt\/wp-json\/wp\/v2\/product"}],"about":[{"href":"https:\/\/nbg.eu\/pt-pt\/wp-json\/wp\/v2\/types\/product"}],"wp:featuredmedia":[{"embeddable":true,"href":"https:\/\/nbg.eu\/pt-pt\/wp-json\/wp\/v2\/media\/25852"}],"wp:attachment":[{"href":"https:\/\/nbg.eu\/pt-pt\/wp-json\/wp\/v2\/media?parent=694529"}],"wp:term":[{"taxonomy":"product_brand","embeddable":true,"href":"https:\/\/nbg.eu\/pt-pt\/wp-json\/wp\/v2\/product_brand?post=694529"},{"taxonomy":"product_cat","embeddable":true,"href":"https:\/\/nbg.eu\/pt-pt\/wp-json\/wp\/v2\/product_cat?post=694529"},{"taxonomy":"product_tag","embeddable":true,"href":"https:\/\/nbg.eu\/pt-pt\/wp-json\/wp\/v2\/product_tag?post=694529"}],"curies":[{"name":"wp","href":"https:\/\/api.w.org\/{rel}","templated":true}]}}