{"id":694572,"date":"2024-08-17T18:04:38","date_gmt":"2024-08-17T15:04:38","guid":{"rendered":"https:\/\/nbg.eu\/product\/slide-stop-spring-kmr\/"},"modified":"2026-05-13T15:09:55","modified_gmt":"2026-05-13T12:09:55","slug":"slide-stop-spring-kmr","status":"publish","type":"product","link":"https:\/\/nbg.eu\/pt-pt\/produto\/slide-stop-spring-kmr\/","title":{"rendered":"KMR Mola do Retentor do Ferrolho"},"content":{"rendered":"<h2>Slide Stop Spring KMR<\/h2>\n<p>Esta mola \u00e9 um componente vital para uma ampla gama de sistemas de armas dentro da linha KMR. Projetada para fornecer desempenho confi\u00e1vel e consistente.<\/p>\n<p>Fabricada com precis\u00e3o e aten\u00e7\u00e3o aos detalhes, esta mola garante uma opera\u00e7\u00e3o suave e confi\u00e1vel, contribuindo para o desempenho geral e a confiabilidade do seu sistema de armas. Sua constru\u00e7\u00e3o dur\u00e1vel e engenharia precisa a tornam um componente cr\u00edtico para manter a integridade e funcionalidade de suas armas de fogo compat\u00edveis com a KMR.<\/p>\n<p>Esta mola \u00e9 um acess\u00f3rio essencial para manter sua arma equipada com a KMR funcionando em seu melhor desempenho. Invista neste componente de alta qualidade para garantir a confiabilidade cont\u00ednua e o funcionamento suave de sua arma de fogo.<\/p>\n<p>Para armas KMR:<\/p>\n<p>KMR L-02 EMIQ<\/p>\n<p>KMR L-02 EMIQ (OR)<\/p>\n<p>KMR L-02 ORCA AT\u00c9 2023<\/p>\n<p>KMR L-02 SPECTRA A PARTIR DE 2024<\/p>\n<p>KMR L-02 SPECTRA AT\u00c9 2023<\/p>\n<p>KMR L-02 UMBRA (OR) SR<\/p>\n<p>KMR S-01 LANCE (OR)<\/p>\n<p>KMR S-02 A PARTIR DE 2024<\/p>\n<p>KMR S-02 AT\u00c9 2023<\/p>\n<p>KMR W-02 CUDA (OR)<\/p>\n<p>KMR W-02 UMBRA<\/p>\n<p>KMR W-02 UMBRA (OR)<\/p>\n","protected":false},"excerpt":{"rendered":"<p>Mola de Trava de Deslizamento KMR &#8211; Compat\u00edvel com v\u00e1rias armas KMR.<\/p>\n","protected":false},"featured_media":24883,"template":"","meta":{"_acf_changed":false},"product_brand":[11507],"product_cat":[12505,12487],"product_tag":[],"class_list":{"0":"post-694572","1":"product","2":"type-product","3":"status-publish","4":"has-post-thumbnail","6":"product_brand-kmr-precision","7":"product_cat-molas","8":"product_cat-pecas-kmr","10":"first","11":"instock","12":"taxable","13":"shipping-taxable","14":"product-type-simple"},"acf":[],"_links":{"self":[{"href":"https:\/\/nbg.eu\/pt-pt\/wp-json\/wp\/v2\/product\/694572","targetHints":{"allow":["GET"]}}],"collection":[{"href":"https:\/\/nbg.eu\/pt-pt\/wp-json\/wp\/v2\/product"}],"about":[{"href":"https:\/\/nbg.eu\/pt-pt\/wp-json\/wp\/v2\/types\/product"}],"wp:featuredmedia":[{"embeddable":true,"href":"https:\/\/nbg.eu\/pt-pt\/wp-json\/wp\/v2\/media\/24883"}],"wp:attachment":[{"href":"https:\/\/nbg.eu\/pt-pt\/wp-json\/wp\/v2\/media?parent=694572"}],"wp:term":[{"taxonomy":"product_brand","embeddable":true,"href":"https:\/\/nbg.eu\/pt-pt\/wp-json\/wp\/v2\/product_brand?post=694572"},{"taxonomy":"product_cat","embeddable":true,"href":"https:\/\/nbg.eu\/pt-pt\/wp-json\/wp\/v2\/product_cat?post=694572"},{"taxonomy":"product_tag","embeddable":true,"href":"https:\/\/nbg.eu\/pt-pt\/wp-json\/wp\/v2\/product_tag?post=694572"}],"curies":[{"name":"wp","href":"https:\/\/api.w.org\/{rel}","templated":true}]}}