{"id":694941,"date":"2024-08-18T11:20:42","date_gmt":"2024-08-18T08:20:42","guid":{"rendered":"https:\/\/nbg.eu\/product\/trigger-bar-sa-da-kmr-l\/"},"modified":"2026-05-13T16:02:51","modified_gmt":"2026-05-13T13:02:51","slug":"trigger-bar-sa-da-kmr-l","status":"publish","type":"product","link":"https:\/\/nbg.eu\/pt-pt\/produto\/trigger-bar-sa-da-kmr-l\/","title":{"rendered":"KMR Barra do Gatilho SA\/DA L"},"content":{"rendered":"<h2>Barra de acionamento SA\/DA KMR L<\/h2>\n<p>A Barra de acionamento SA\/DA KMR L \u00e9 um componente interno essencial para o modelo KMR L, permitindo tanto o funcionamento de a\u00e7\u00e3o simples (SA) quanto de a\u00e7\u00e3o dupla (DA). Esse componente transfere o movimento do gatilho para o mecanismo de disparo, garantindo um funcionamento confi\u00e1vel e preciso em ambos os modos.<\/p>\n<p>Para Armas KMR:<\/p>\n<p>KMR L-02 SPECTRA A PARTIR DE 2024<\/p>\n<p>KMR L-02 SPECTRA AT\u00c9 2023<\/p>\n<p>KMR L-02 UMBRA A PARTIR DE 2024<\/p>\n<p>KMR L-02 UMBRA AT\u00c9 2023<\/p>\n","protected":false},"excerpt":{"rendered":"<p>Transfer\u00eancias acionam o movimento em SA\/DA para modelos KMR L<\/p>\n","protected":false},"featured_media":25552,"template":"","meta":{"_acf_changed":false},"product_brand":[11507],"product_cat":[12487],"product_tag":[],"class_list":{"0":"post-694941","1":"product","2":"type-product","3":"status-publish","4":"has-post-thumbnail","6":"product_brand-kmr-precision","7":"product_cat-pecas-kmr","9":"first","10":"instock","11":"taxable","12":"shipping-taxable","13":"product-type-simple"},"acf":[],"_links":{"self":[{"href":"https:\/\/nbg.eu\/pt-pt\/wp-json\/wp\/v2\/product\/694941","targetHints":{"allow":["GET"]}}],"collection":[{"href":"https:\/\/nbg.eu\/pt-pt\/wp-json\/wp\/v2\/product"}],"about":[{"href":"https:\/\/nbg.eu\/pt-pt\/wp-json\/wp\/v2\/types\/product"}],"wp:featuredmedia":[{"embeddable":true,"href":"https:\/\/nbg.eu\/pt-pt\/wp-json\/wp\/v2\/media\/25552"}],"wp:attachment":[{"href":"https:\/\/nbg.eu\/pt-pt\/wp-json\/wp\/v2\/media?parent=694941"}],"wp:term":[{"taxonomy":"product_brand","embeddable":true,"href":"https:\/\/nbg.eu\/pt-pt\/wp-json\/wp\/v2\/product_brand?post=694941"},{"taxonomy":"product_cat","embeddable":true,"href":"https:\/\/nbg.eu\/pt-pt\/wp-json\/wp\/v2\/product_cat?post=694941"},{"taxonomy":"product_tag","embeddable":true,"href":"https:\/\/nbg.eu\/pt-pt\/wp-json\/wp\/v2\/product_tag?post=694941"}],"curies":[{"name":"wp","href":"https:\/\/api.w.org\/{rel}","templated":true}]}}