{"id":695139,"date":"2024-08-16T23:17:10","date_gmt":"2024-08-16T20:17:10","guid":{"rendered":"https:\/\/nbg.eu\/product\/trigger-hammer-pin-kmr\/"},"modified":"2026-05-13T16:02:03","modified_gmt":"2026-05-13T13:02:03","slug":"trigger-hammer-pin-kmr","status":"publish","type":"product","link":"https:\/\/nbg.eu\/pt-pt\/produto\/trigger-hammer-pin-kmr\/","title":{"rendered":"KMR Gatilho &amp; Hammer Pin"},"content":{"rendered":"<h2>GATILHO E PINO DO MARTELO<\/h2>\n<p>Atualize o desempenho da sua arma de fogo com o GATILHO E PINO DO MARTELO, um componente de reposi\u00e7\u00e3o premium projetado para melhorar o acionamento do gatilho e a experi\u00eancia geral de tiro. Fabricado com materiais de alta qualidade, este conjunto de pinos \u00e9 projetado para fornecer uma a\u00e7\u00e3o de gatilho suave e consistente, proporcionando maior precis\u00e3o e controle.<\/p>\n<p>Com um design de usinagem de precis\u00e3o, o GATILHO E PINO DO MARTELO garante um encaixe perfeito na sua arma de fogo, minimizando o jogo e melhorando a resposta do gatilho. Sua constru\u00e7\u00e3o dur\u00e1vel \u00e9 projetada para suportar os rigores do uso frequente, garantindo confiabilidade e desempenho duradouros.<\/p>\n<p>Projetado para ser uma substitui\u00e7\u00e3o direta, o GATILHO E PINO DO MARTELO \u00e9 f\u00e1cil de instalar, permitindo que voc\u00ea atualize rapidamente e com facilidade a sua arma de fogo, sem a necessidade de ferramentas especializadas ou modifica\u00e7\u00f5es extensivas. Seja voc\u00ea um atirador competitivo, um operador t\u00e1tico ou um hobbysta apaixonado, este conjunto de pinos elevar\u00e1 suas habilidades de tiro e levar\u00e1 o desempenho da sua arma de fogo para o pr\u00f3ximo n\u00edvel.<\/p>\n<p>Para armas KMR, como:<br \/>\nKMR L-02 EMIQ<br \/>\nKMR L-02 EMIQ (OR)<br \/>\nKMR L-02 ORCA A PARTIR DE 2024<br \/>\nKMR L-02 ORCA AT\u00c9 2023<br \/>\nKMR L-02 SPECTRA A PARTIR DE 2024<br \/>\nKMR L-02 SPECTRA AT\u00c9 2023<br \/>\nKMR L-02 UMBRA A PARTIR DE 2024<br \/>\nKMR L-02 UMBRA AT\u00c9 2023<br \/>\nKMR S-01 LANCE (OR)<br \/>\nKMR S-02 A PARTIR DE 2024<br \/>\nKMR S-02 AT\u00c9 2023<br \/>\nKMR W-02 CUDA A PARTIR DE 2024<br \/>\nKMR W-02 CUDA AT\u00c9 2023<br \/>\nKMR W-02 UMBRA<br \/>\nKMR W-02 UMBRA (OR)<\/p>\n","protected":false},"excerpt":{"rendered":"<p>Pino de disparador e martelo de alta qualidade para pistolas KMR, engenharia de precis\u00e3o.<\/p>\n","protected":false},"featured_media":720201,"template":"","meta":{"_acf_changed":false},"product_brand":[11507],"product_cat":[12487],"product_tag":[],"class_list":{"0":"post-695139","1":"product","2":"type-product","3":"status-publish","4":"has-post-thumbnail","6":"product_brand-kmr-precision","7":"product_cat-pecas-kmr","9":"first","10":"instock","11":"taxable","12":"shipping-taxable","13":"product-type-simple"},"acf":[],"_links":{"self":[{"href":"https:\/\/nbg.eu\/pt-pt\/wp-json\/wp\/v2\/product\/695139","targetHints":{"allow":["GET"]}}],"collection":[{"href":"https:\/\/nbg.eu\/pt-pt\/wp-json\/wp\/v2\/product"}],"about":[{"href":"https:\/\/nbg.eu\/pt-pt\/wp-json\/wp\/v2\/types\/product"}],"wp:featuredmedia":[{"embeddable":true,"href":"https:\/\/nbg.eu\/pt-pt\/wp-json\/wp\/v2\/media\/720201"}],"wp:attachment":[{"href":"https:\/\/nbg.eu\/pt-pt\/wp-json\/wp\/v2\/media?parent=695139"}],"wp:term":[{"taxonomy":"product_brand","embeddable":true,"href":"https:\/\/nbg.eu\/pt-pt\/wp-json\/wp\/v2\/product_brand?post=695139"},{"taxonomy":"product_cat","embeddable":true,"href":"https:\/\/nbg.eu\/pt-pt\/wp-json\/wp\/v2\/product_cat?post=695139"},{"taxonomy":"product_tag","embeddable":true,"href":"https:\/\/nbg.eu\/pt-pt\/wp-json\/wp\/v2\/product_tag?post=695139"}],"curies":[{"name":"wp","href":"https:\/\/api.w.org\/{rel}","templated":true}]}}