{"id":695196,"date":"2024-08-16T23:16:32","date_gmt":"2024-08-16T20:16:32","guid":{"rendered":"https:\/\/nbg.eu\/product\/trigger-pin-kmr\/"},"modified":"2026-05-13T16:03:22","modified_gmt":"2026-05-13T13:03:22","slug":"trigger-pin-kmr","status":"publish","type":"product","link":"https:\/\/nbg.eu\/pt-pt\/produto\/trigger-pin-kmr\/","title":{"rendered":"KMR Pino do Gatilho"},"content":{"rendered":"<h2>Pivot de Gatilho de Precis\u00e3o para Pistolas KMR<\/h2>\n<p>Desbloqueie o potencial m\u00e1ximo da sua pistola KMR com nosso pino de gatilho premium. Feito de a\u00e7o ferramenta endurecido e com um acabamento superficial meticulosamente suave, este componente fornece o eixo de piv\u00f4 est\u00e1vel e de baixo atrito necess\u00e1rio para que o seu gatilho gire sem problemas. Ao contr\u00e1rio das pe\u00e7as de f\u00e1brica, nosso Pino de Gatilho elimina o &#8220;balan\u00e7o&#8221; lateral, garantindo um disparo consistente e repetitivo e evitando o desgaste do quadro ao longo de milhares de ciclos.<\/p>\n<p>Projetado para toler\u00e2ncias KMR precisas, nosso Pino de Gatilho proporciona um ajuste perfeito, integrando-se perfeitamente com o conjunto do gatilho de f\u00e1brica da sua pistola. Este design dur\u00e1vel e de alta resist\u00eancia otimiza a interface cr\u00edtica entre o seu dedo e o mecanismo de disparo, traduzindo-se em maior precis\u00e3o, exatid\u00e3o e controle durante cada tiro.<\/p>\n<p>Seja voc\u00ea um atirador competitivo procurando refinar sua configura\u00e7\u00e3o ou um usu\u00e1rio recreativo que procura atualizar seu KMR, nosso Pino de Gatilho \u00e9 o elo que falta para desbloquear o potencial total da sua arma de fogo. Experimente a diferen\u00e7a que um pivot de gatilho verdadeiramente preciso e sem atrito pode fazer em seu desempenho e confiabilidade.<\/p>\n","protected":false},"excerpt":{"rendered":"<p>Eixo de piv\u00f4 de precis\u00e3o para a montagem do gatilho. A\u00e7o ferramenta endurecido com precis\u00e3o-mo\u00edda, acabamento de superf\u00edcie ultra-suave e di\u00e2metro exato para toler\u00e2ncias de f\u00e1brica KMR. Fornece o eixo de baixo atrito est\u00e1vel necess\u00e1rio para o gatilho girar suavemente; a constru\u00e7\u00e3o de alta resist\u00eancia elimina o &#8220;balan\u00e7o&#8221; lateral, garantindo um recuo de gatilho consistente e repet\u00edvel e evitando desgaste do quadro ao longo de milhares de ciclos.<\/p>\n","protected":false},"featured_media":23740,"template":"","meta":{"_acf_changed":false},"product_brand":[11507],"product_cat":[12487],"product_tag":[],"class_list":{"0":"post-695196","1":"product","2":"type-product","3":"status-publish","4":"has-post-thumbnail","6":"product_brand-kmr-precision","7":"product_cat-pecas-kmr","9":"first","10":"instock","11":"taxable","12":"shipping-taxable","13":"product-type-simple"},"acf":[],"_links":{"self":[{"href":"https:\/\/nbg.eu\/pt-pt\/wp-json\/wp\/v2\/product\/695196","targetHints":{"allow":["GET"]}}],"collection":[{"href":"https:\/\/nbg.eu\/pt-pt\/wp-json\/wp\/v2\/product"}],"about":[{"href":"https:\/\/nbg.eu\/pt-pt\/wp-json\/wp\/v2\/types\/product"}],"wp:featuredmedia":[{"embeddable":true,"href":"https:\/\/nbg.eu\/pt-pt\/wp-json\/wp\/v2\/media\/23740"}],"wp:attachment":[{"href":"https:\/\/nbg.eu\/pt-pt\/wp-json\/wp\/v2\/media?parent=695196"}],"wp:term":[{"taxonomy":"product_brand","embeddable":true,"href":"https:\/\/nbg.eu\/pt-pt\/wp-json\/wp\/v2\/product_brand?post=695196"},{"taxonomy":"product_cat","embeddable":true,"href":"https:\/\/nbg.eu\/pt-pt\/wp-json\/wp\/v2\/product_cat?post=695196"},{"taxonomy":"product_tag","embeddable":true,"href":"https:\/\/nbg.eu\/pt-pt\/wp-json\/wp\/v2\/product_tag?post=695196"}],"curies":[{"name":"wp","href":"https:\/\/api.w.org\/{rel}","templated":true}]}}