{"id":696290,"date":"2025-12-22T17:18:06","date_gmt":"2025-12-22T14:18:06","guid":{"rendered":"https:\/\/nbg.eu\/product\/bolsa-duffel-atlas\/"},"modified":"2026-04-15T14:37:28","modified_gmt":"2026-04-15T11:37:28","slug":"bolsa-duffel-atlas","status":"publish","type":"product","link":"https:\/\/nbg.eu\/pt-pt\/produto\/bolsa-duffel-atlas\/","title":{"rendered":"Eberlestock Saco de Viagem Atlas"},"content":{"rendered":"<h2>A Bolsa Atlas: Carregando Seu Equipamento com Estilo e Facilidade<\/h2>\n<p>A Bolsa Atlas \u00e9 o irm\u00e3o mais novo da nossa popular Bolsa H\u00e9rcules, oferecendo todos os mesmos recursos que as pessoas amam. Com um grande compartimento principal, divis\u00f3rias acolchoadas, seis bolsos externos com z\u00edper e um compartimento inferior r\u00edgido, esta bolsa dur\u00e1vel \u00e9 projetada para manter seu equipamento organizado e protegido.<\/p>\n<p>Protegida com z\u00edperes de seguran\u00e7a YKK com travas, a Bolsa Atlas garante que suas perten\u00e7as estejam seguras, mesmo nas condi\u00e7\u00f5es mais adversas. A capa de chuva inclu\u00edda fornece uma camada adicional de prote\u00e7\u00e3o, protegendo seu equipamento da umidade e do p\u00f3.<\/p>\n<p>Com dimens\u00f5es impressionantes de 29,5 de altura x 16 de largura x 16 de profundidade, com um volume de 5.844 polegadas c\u00fabicas \/ 95,77 litros e um peso de 12 libras e 12 on\u00e7as, a Bolsa Atlas oferece espa\u00e7o suficiente para acomodar todos os seus itens essenciais. O compartimento inferior de 4 polegadas de profundidade oferece um local conveniente para armazenar os itens que voc\u00ea precisa acessar rapidamente.<\/p>\n<p>Feita com um fundo r\u00edgido e rodas de servi\u00e7o, a Bolsa Atlas \u00e9 constru\u00edda para resistir aos rigores da viagem. Seus bolsos internos e divis\u00f3rias Velcro customiz\u00e1veis permitem que voc\u00ea adapte a organiza\u00e7\u00e3o \u00e0s suas necessidades espec\u00edficas, tornando-a a companheira perfeita para suas aventuras.<\/p>\n","protected":false},"excerpt":{"rendered":"<p>O Duffel Atlas \u00e9 uma bolsa espa\u00e7osa e vers\u00e1til com uma base r\u00edgida, divis\u00f3rias acolchoadas e uma capa de chuva para prote\u00e7\u00e3o em qualquer clima.<\/p>\n","protected":false},"featured_media":696371,"template":"","meta":{"_acf_changed":false},"product_brand":[15145],"product_cat":[12477],"product_tag":[],"class_list":{"0":"post-696290","1":"product","2":"type-product","3":"status-publish","4":"has-post-thumbnail","6":"product_brand-eberlestock","7":"product_cat-sacos-de-tiro","9":"first","10":"instock","11":"taxable","12":"shipping-taxable","13":"purchasable","14":"product-type-variable","15":"wvs-archive-product-wrapper"},"acf":[],"_links":{"self":[{"href":"https:\/\/nbg.eu\/pt-pt\/wp-json\/wp\/v2\/product\/696290","targetHints":{"allow":["GET"]}}],"collection":[{"href":"https:\/\/nbg.eu\/pt-pt\/wp-json\/wp\/v2\/product"}],"about":[{"href":"https:\/\/nbg.eu\/pt-pt\/wp-json\/wp\/v2\/types\/product"}],"wp:featuredmedia":[{"embeddable":true,"href":"https:\/\/nbg.eu\/pt-pt\/wp-json\/wp\/v2\/media\/696371"}],"wp:attachment":[{"href":"https:\/\/nbg.eu\/pt-pt\/wp-json\/wp\/v2\/media?parent=696290"}],"wp:term":[{"taxonomy":"product_brand","embeddable":true,"href":"https:\/\/nbg.eu\/pt-pt\/wp-json\/wp\/v2\/product_brand?post=696290"},{"taxonomy":"product_cat","embeddable":true,"href":"https:\/\/nbg.eu\/pt-pt\/wp-json\/wp\/v2\/product_cat?post=696290"},{"taxonomy":"product_tag","embeddable":true,"href":"https:\/\/nbg.eu\/pt-pt\/wp-json\/wp\/v2\/product_tag?post=696290"}],"curies":[{"name":"wp","href":"https:\/\/api.w.org\/{rel}","templated":true}]}}