{"id":696688,"date":"2025-12-22T15:43:37","date_gmt":"2025-12-22T12:43:37","guid":{"rendered":"https:\/\/nbg.eu\/product\/mochila-de-assalto-da-missao-multicam\/"},"modified":"2026-04-15T14:37:42","modified_gmt":"2026-04-15T11:37:42","slug":"mochila-de-assalto-da-missao-multicam","status":"publish","type":"product","link":"https:\/\/nbg.eu\/pt-pt\/produto\/mochila-de-assalto-da-missao-multicam\/","title":{"rendered":"Eberlestock Mochila de Assalto Mission &#8211; Multicam"},"content":{"rendered":"<h2>Mochila de Assalto Miss\u00e3o &#8211; Multicam<\/h2>\n<p>Constru\u00eddo do zero para se sentir em casa na pilha, a Mochila de Assalto \u00e9 emparelhada com o Quadro de Miss\u00e3o para um sistema de suporte de carga com linhas aerodin\u00e2micas. Com uma s\u00e9rie de recursos de organiza\u00e7\u00e3o, ajuste seguro e ajust\u00e1vel, e acesso r\u00e1pido ao interior, a Mochila de Assalto mant\u00e9m voc\u00ea no alvo. A capacidade de adicionar mais acess\u00f3rios e recursos atrav\u00e9s do sistema Mission EMOD apenas amplia ainda mais a capacidade desta mochila.<\/p>\n<p>Pesando 1 lb 12 oz, a Mochila de Assalto \u00e9 constru\u00edda com materiais resistentes de 500D Ripstop e oferece uma generosa capacidade de 2.000 polegadas c\u00fabicas para acomodar seu equipamento essencial.<\/p>\n","protected":false},"excerpt":{"rendered":"<p>Mochila de assalto vers\u00e1til e modular com recursos de organiza\u00e7\u00e3o e compatibilidade EMOD.<\/p>\n","protected":false},"featured_media":696718,"template":"","meta":{"_acf_changed":false},"product_brand":[15145],"product_cat":[12481],"product_tag":[],"class_list":{"0":"post-696688","1":"product","2":"type-product","3":"status-publish","4":"has-post-thumbnail","6":"product_brand-eberlestock","7":"product_cat-mochilas","9":"first","10":"outofstock","11":"taxable","12":"shipping-taxable","13":"purchasable","14":"product-type-variable","15":"wvs-archive-product-wrapper"},"acf":[],"_links":{"self":[{"href":"https:\/\/nbg.eu\/pt-pt\/wp-json\/wp\/v2\/product\/696688","targetHints":{"allow":["GET"]}}],"collection":[{"href":"https:\/\/nbg.eu\/pt-pt\/wp-json\/wp\/v2\/product"}],"about":[{"href":"https:\/\/nbg.eu\/pt-pt\/wp-json\/wp\/v2\/types\/product"}],"wp:featuredmedia":[{"embeddable":true,"href":"https:\/\/nbg.eu\/pt-pt\/wp-json\/wp\/v2\/media\/696718"}],"wp:attachment":[{"href":"https:\/\/nbg.eu\/pt-pt\/wp-json\/wp\/v2\/media?parent=696688"}],"wp:term":[{"taxonomy":"product_brand","embeddable":true,"href":"https:\/\/nbg.eu\/pt-pt\/wp-json\/wp\/v2\/product_brand?post=696688"},{"taxonomy":"product_cat","embeddable":true,"href":"https:\/\/nbg.eu\/pt-pt\/wp-json\/wp\/v2\/product_cat?post=696688"},{"taxonomy":"product_tag","embeddable":true,"href":"https:\/\/nbg.eu\/pt-pt\/wp-json\/wp\/v2\/product_tag?post=696688"}],"curies":[{"name":"wp","href":"https:\/\/api.w.org\/{rel}","templated":true}]}}