{"id":696841,"date":"2025-12-22T15:47:55","date_gmt":"2025-12-22T12:47:55","guid":{"rendered":"https:\/\/nbg.eu\/product\/missao-arc-multicam\/"},"modified":"2026-04-15T14:37:38","modified_gmt":"2026-04-15T11:37:38","slug":"missao-arc-multicam","status":"publish","type":"product","link":"https:\/\/nbg.eu\/pt-pt\/produto\/missao-arc-multicam\/","title":{"rendered":"Eberlestock Mission ARC &#8211; Multicam"},"content":{"rendered":"<h2>Miss\u00e3o ARC-Multicam: Suporte de equipamentos otimizado para efici\u00eancia operacional<\/h2>\n<p>O Suporte Ajust\u00e1vel de Rifle (ARC) da Miss\u00e3o \u00e9 um recurso funcional para profissionais que precisam transportar ativos adicionais em campo. O ARC aumenta a capacidade operacional e \u00e9 projetado para se conectar ao Quadro EMOD da Miss\u00e3o e \u00e0 Extens\u00e3o do Z\u00edper da Miss\u00e3o. Ao se fixar na parte traseira do Quadro da Miss\u00e3o por meio de fitas MOLLE, o ARC funciona como um suporte para rifles de precis\u00e3o, plataformas estilo AR e pode transportar outros equipamentos essenciais para a miss\u00e3o.<\/p>\n<p>O sucesso da miss\u00e3o depende da precis\u00e3o do tempo, da precis\u00e3o e do desdobramento eficiente dos recursos dispon\u00edveis. O ARC foi constru\u00eddo para suportar as demandas de equipamento em qualquer ambiente. Com tecido 500D, base ajust\u00e1vel, fitas MOLLE, cintas de reten\u00e7\u00e3o e base de Hypalon refor\u00e7ada, o Mission ARC-Multicam \u00e9 projetado para otimizar a organiza\u00e7\u00e3o e a acessibilidade do equipamento em campo.<\/p>\n<p>Dimens\u00f5es: 15&#8243;A x 3&#8243;L<\/p>\n","protected":false},"excerpt":{"rendered":"<p>A Mission ARC-Multicam \u00e9 um suporte ajust\u00e1vel e funcional para rifles, que se prende ao quadro Mission EMOD, permitindo o transporte de rifles de precis\u00e3o, plataformas do estilo AR e equipamento essencial para a miss\u00e3o.<\/p>\n","protected":false},"featured_media":696886,"template":"","meta":{"_acf_changed":false},"product_brand":[15145],"product_cat":[12481],"product_tag":[],"class_list":{"0":"post-696841","1":"product","2":"type-product","3":"status-publish","4":"has-post-thumbnail","6":"product_brand-eberlestock","7":"product_cat-mochilas","9":"first","10":"instock","11":"taxable","12":"shipping-taxable","13":"purchasable","14":"product-type-variable","15":"wvs-archive-product-wrapper"},"acf":[],"_links":{"self":[{"href":"https:\/\/nbg.eu\/pt-pt\/wp-json\/wp\/v2\/product\/696841","targetHints":{"allow":["GET"]}}],"collection":[{"href":"https:\/\/nbg.eu\/pt-pt\/wp-json\/wp\/v2\/product"}],"about":[{"href":"https:\/\/nbg.eu\/pt-pt\/wp-json\/wp\/v2\/types\/product"}],"wp:featuredmedia":[{"embeddable":true,"href":"https:\/\/nbg.eu\/pt-pt\/wp-json\/wp\/v2\/media\/696886"}],"wp:attachment":[{"href":"https:\/\/nbg.eu\/pt-pt\/wp-json\/wp\/v2\/media?parent=696841"}],"wp:term":[{"taxonomy":"product_brand","embeddable":true,"href":"https:\/\/nbg.eu\/pt-pt\/wp-json\/wp\/v2\/product_brand?post=696841"},{"taxonomy":"product_cat","embeddable":true,"href":"https:\/\/nbg.eu\/pt-pt\/wp-json\/wp\/v2\/product_cat?post=696841"},{"taxonomy":"product_tag","embeddable":true,"href":"https:\/\/nbg.eu\/pt-pt\/wp-json\/wp\/v2\/product_tag?post=696841"}],"curies":[{"name":"wp","href":"https:\/\/api.w.org\/{rel}","templated":true}]}}