{"id":697067,"date":"2025-12-22T16:18:10","date_gmt":"2025-12-22T13:18:10","guid":{"rendered":"https:\/\/nbg.eu\/product\/missao-zipper-extension-multicam\/"},"modified":"2026-04-15T14:37:35","modified_gmt":"2026-04-15T11:37:35","slug":"missao-zipper-extension-multicam","status":"publish","type":"product","link":"https:\/\/nbg.eu\/pt-pt\/produto\/missao-zipper-extension-multicam\/","title":{"rendered":"Eberlestock Extens\u00e3o de Fecho Mission EMOD &#8211; Multicam"},"content":{"rendered":"<h2>Extens\u00e3o de Z\u00edper da Miss\u00e3o-Multicam<\/h2>\n<p>A Extens\u00e3o de Z\u00edper da Miss\u00e3o combina prop\u00f3sito e utilidade para o operador. A Extens\u00e3o de Z\u00edper se conecta \u00e0 face do Quadro EMOD da Miss\u00e3o e \u00e9 projetada para ser usada com o ARC da Miss\u00e3o e uma Mochila da Miss\u00e3o para aumentar sua capacidade e versatilidade de equipamentos. O tecido MOLLE e a constru\u00e7\u00e3o laminada de 500D em camada dupla fornecem os recursos necess\u00e1rios para o gerenciamento eficiente de cabos, roteamento de antenas e fixa\u00e7\u00e3o de torniquetes. A Extens\u00e3o de Z\u00edper da Miss\u00e3o serve como um acess\u00f3rio vital para fortalecer seu desempenho em campo.<\/p>\n<h2>Dimens\u00f5es<\/h2>\n<p>Dimens\u00f5es: 15&#8243; x 3&#8243;<\/p>\n<h2>Recursos<\/h2>\n<ul>\n<li>Tecido 500D<\/li>\n<li>Z\u00edperes YKK<\/li>\n<li>Laminado de camada dupla<\/li>\n<\/ul>\n","protected":false},"excerpt":{"rendered":"<p>Extens\u00e3o do Z\u00edper da Miss\u00e3o Multicam aumenta a capacidade de carga com fitas MOLLE e constru\u00e7\u00e3o laminada 500D para gerenciamento de cabos e roteamento de antena.<\/p>\n","protected":false},"featured_media":697091,"template":"","meta":{"_acf_changed":false},"product_brand":[15145],"product_cat":[12481],"product_tag":[],"class_list":{"0":"post-697067","1":"product","2":"type-product","3":"status-publish","4":"has-post-thumbnail","6":"product_brand-eberlestock","7":"product_cat-mochilas","9":"first","10":"instock","11":"taxable","12":"shipping-taxable","13":"purchasable","14":"product-type-variable","15":"wvs-archive-product-wrapper"},"acf":[],"_links":{"self":[{"href":"https:\/\/nbg.eu\/pt-pt\/wp-json\/wp\/v2\/product\/697067","targetHints":{"allow":["GET"]}}],"collection":[{"href":"https:\/\/nbg.eu\/pt-pt\/wp-json\/wp\/v2\/product"}],"about":[{"href":"https:\/\/nbg.eu\/pt-pt\/wp-json\/wp\/v2\/types\/product"}],"wp:featuredmedia":[{"embeddable":true,"href":"https:\/\/nbg.eu\/pt-pt\/wp-json\/wp\/v2\/media\/697091"}],"wp:attachment":[{"href":"https:\/\/nbg.eu\/pt-pt\/wp-json\/wp\/v2\/media?parent=697067"}],"wp:term":[{"taxonomy":"product_brand","embeddable":true,"href":"https:\/\/nbg.eu\/pt-pt\/wp-json\/wp\/v2\/product_brand?post=697067"},{"taxonomy":"product_cat","embeddable":true,"href":"https:\/\/nbg.eu\/pt-pt\/wp-json\/wp\/v2\/product_cat?post=697067"},{"taxonomy":"product_tag","embeddable":true,"href":"https:\/\/nbg.eu\/pt-pt\/wp-json\/wp\/v2\/product_tag?post=697067"}],"curies":[{"name":"wp","href":"https:\/\/api.w.org\/{rel}","templated":true}]}}