{"id":697210,"date":"2025-12-22T16:34:07","date_gmt":"2025-12-22T13:34:07","guid":{"rendered":"https:\/\/nbg.eu\/product\/missao-quadro-emod-multicam\/"},"modified":"2026-04-15T14:37:31","modified_gmt":"2026-04-15T11:37:31","slug":"missao-quadro-emod-multicam","status":"publish","type":"product","link":"https:\/\/nbg.eu\/pt-pt\/produto\/missao-quadro-emod-multicam\/","title":{"rendered":"Eberlestock Estrutura Mission EMOD &#8211; Multicam"},"content":{"rendered":"<h2>Estrutura da Miss\u00e3o &#8211; EMOD &#8211; Multicam<\/h2>\n<p>A base da Miss\u00e3o EMOD, a Estrutura da Miss\u00e3o, fornece um ponto de partida resistente, modular e compacto para sua nova carga. Com incont\u00e1veis horas gastas em testes e desenvolvimento junto a Opera\u00e7\u00f5es de For\u00e7as Especiais de cada setor, esta estrutura foi projetada para se ajustar e funcionar perfeitamente junto ao seu equipamento, tanto em sua pessoa quanto fora dela.<\/p>\n<p>Dimens\u00f5es: 2 LB 15 OZ<\/p>\n","protected":false},"excerpt":{"rendered":"<p>Estrutura de Miss\u00e3o &#8211; EMOD &#8211; Multicam: um ponto de partida robusto, modular e compacto para sua carga, projetado para operadores SOF.<\/p>\n","protected":false},"featured_media":697371,"template":"","meta":{"_acf_changed":false},"product_brand":[15145],"product_cat":[12481],"product_tag":[],"class_list":{"0":"post-697210","1":"product","2":"type-product","3":"status-publish","4":"has-post-thumbnail","6":"product_brand-eberlestock","7":"product_cat-mochilas","9":"first","10":"instock","11":"taxable","12":"shipping-taxable","13":"purchasable","14":"product-type-variable","15":"wvs-archive-product-wrapper"},"acf":[],"_links":{"self":[{"href":"https:\/\/nbg.eu\/pt-pt\/wp-json\/wp\/v2\/product\/697210","targetHints":{"allow":["GET"]}}],"collection":[{"href":"https:\/\/nbg.eu\/pt-pt\/wp-json\/wp\/v2\/product"}],"about":[{"href":"https:\/\/nbg.eu\/pt-pt\/wp-json\/wp\/v2\/types\/product"}],"wp:featuredmedia":[{"embeddable":true,"href":"https:\/\/nbg.eu\/pt-pt\/wp-json\/wp\/v2\/media\/697371"}],"wp:attachment":[{"href":"https:\/\/nbg.eu\/pt-pt\/wp-json\/wp\/v2\/media?parent=697210"}],"wp:term":[{"taxonomy":"product_brand","embeddable":true,"href":"https:\/\/nbg.eu\/pt-pt\/wp-json\/wp\/v2\/product_brand?post=697210"},{"taxonomy":"product_cat","embeddable":true,"href":"https:\/\/nbg.eu\/pt-pt\/wp-json\/wp\/v2\/product_cat?post=697210"},{"taxonomy":"product_tag","embeddable":true,"href":"https:\/\/nbg.eu\/pt-pt\/wp-json\/wp\/v2\/product_tag?post=697210"}],"curies":[{"name":"wp","href":"https:\/\/api.w.org\/{rel}","templated":true}]}}