{"id":697550,"date":"2025-12-22T17:34:47","date_gmt":"2025-12-22T14:34:47","guid":{"rendered":"https:\/\/nbg.eu\/product\/bolsa-de-tiro-de-distancia-de-bang-bang\/"},"modified":"2026-04-15T14:37:24","modified_gmt":"2026-04-15T11:37:24","slug":"bolsa-de-tiro-de-distancia-de-bang-bang","status":"publish","type":"product","link":"https:\/\/nbg.eu\/pt-pt\/produto\/bolsa-de-tiro-de-distancia-de-bang-bang\/","title":{"rendered":"Eberlestock Bolsa de Carreira de Tiro Bang-Bang"},"content":{"rendered":"<h2>Bolsa de Intervalo Bang-Bang<\/h2>\n<p>O Bang Bang\u2122 foi desenvolvido como uma bolsa de intervalo compacta para guardar todo o seu equipamento essencial e mant\u00ea-lo protegido dos elementos. A base de policarbonato torna a bolsa imperme\u00e1vel ao ch\u00e3o molhado, rochas, detritos e poeira de intervalo.<\/p>\n<p>O compartimento principal apresenta divis\u00f3rias acolchoadas e configur\u00e1veis para manter itens m\u00e9dicos, ferramentas, equipamento de c\u00e2mera e equipamento de intervalo seguros e organizados. O compartimento inferior na parte inferior \u00e9 perfeito para pistolas, ferramentas ou at\u00e9 mesmo um carbureto compacto.<\/p>\n<h2>Dimens\u00f5es<\/h2>\n<p>Volume: 2062,5 c.i. \/ 33,80L<br \/>\nPeso: 4 lbs<br \/>\nDimens\u00f5es: 10,25H x 21L x 10P<br \/>\nEspecifica\u00e7\u00f5es do Compartimento Inferior 21,5&#8243; C x 9,5&#8243; L x 2&#8243; P<\/p>\n<h2>Recursos<\/h2>\n<ul>\n<li>Carca\u00e7a de policarbonato na parte inferior<\/li>\n<li>Compartimento principal acolchoado e configur\u00e1vel<\/li>\n<li>Al\u00e7a de ombro ajust\u00e1vel<\/li>\n<li>Divis\u00f3rias de organiza\u00e7\u00e3o personaliz\u00e1veis<\/li>\n<li>Compartimento inferior para armazenamento seguro<\/li>\n<\/ul>\n","protected":false},"excerpt":{"rendered":"<p>A Bolsa Bang-Bang Range \u00e9 uma bolsa compacta e dur\u00e1vel com uma base de policarbonato e um interior configur\u00e1vel para proteger seus equipamentos essenciais.<\/p>\n","protected":false},"featured_media":697600,"template":"","meta":{"_acf_changed":false},"product_brand":[15145],"product_cat":[12477],"product_tag":[],"class_list":{"0":"post-697550","1":"product","2":"type-product","3":"status-publish","4":"has-post-thumbnail","6":"product_brand-eberlestock","7":"product_cat-sacos-de-tiro","9":"first","10":"instock","11":"taxable","12":"shipping-taxable","13":"purchasable","14":"product-type-variable","15":"wvs-archive-product-wrapper"},"acf":[],"_links":{"self":[{"href":"https:\/\/nbg.eu\/pt-pt\/wp-json\/wp\/v2\/product\/697550","targetHints":{"allow":["GET"]}}],"collection":[{"href":"https:\/\/nbg.eu\/pt-pt\/wp-json\/wp\/v2\/product"}],"about":[{"href":"https:\/\/nbg.eu\/pt-pt\/wp-json\/wp\/v2\/types\/product"}],"wp:featuredmedia":[{"embeddable":true,"href":"https:\/\/nbg.eu\/pt-pt\/wp-json\/wp\/v2\/media\/697600"}],"wp:attachment":[{"href":"https:\/\/nbg.eu\/pt-pt\/wp-json\/wp\/v2\/media?parent=697550"}],"wp:term":[{"taxonomy":"product_brand","embeddable":true,"href":"https:\/\/nbg.eu\/pt-pt\/wp-json\/wp\/v2\/product_brand?post=697550"},{"taxonomy":"product_cat","embeddable":true,"href":"https:\/\/nbg.eu\/pt-pt\/wp-json\/wp\/v2\/product_cat?post=697550"},{"taxonomy":"product_tag","embeddable":true,"href":"https:\/\/nbg.eu\/pt-pt\/wp-json\/wp\/v2\/product_tag?post=697550"}],"curies":[{"name":"wp","href":"https:\/\/api.w.org\/{rel}","templated":true}]}}