{"id":697997,"date":"2025-12-22T17:41:31","date_gmt":"2025-12-22T14:41:31","guid":{"rendered":"https:\/\/nbg.eu\/product\/pacote-upranger\/"},"modified":"2026-01-07T13:14:45","modified_gmt":"2026-01-07T10:14:45","slug":"pacote-upranger","status":"publish","type":"product","link":"https:\/\/nbg.eu\/pt-pt\/produto\/pacote-upranger\/","title":{"rendered":"Pacote UpRanger"},"content":{"rendered":"<h2>Mochila UpRanger: Revolucione o transporte do seu equipamento de 3-Gun e ao ar livre<\/h2>\n<p>Inspirada nas necessidades de um campe\u00e3o de 3-Gun, a mochila UpRanger\u2122 muda o jogo. Projetada para ser colocada em sua dur\u00e1vel face exterior de policarbonato, a mochila pode ser aberta pelo lado do arn\u00eas para acesso r\u00e1pido ao seu equipamento sem desgaste ou sujeira desnecess\u00e1rios. Seja voc\u00ea a usa-la no campo de tiro, como uma bolsa resistente para c\u00e2mera, ou para qualquer outra aventura ao ar livre, a UpRanger tem a capacidade e os recursos para lidar com tudo isso.<\/p>\n<p>Com um volume espacioso de 3260 polegadas c\u00fabicas (53,4 L) e pesando apenas 6,45 libras, a UpRanger \u00e9 uma mochila altamente capaz, por\u00e9m leve. Seu arn\u00eas de ombro acolchoado e ajust\u00e1vel garante um transporte confort\u00e1vel, enquanto os divisores configur\u00e1veis permitem que voc\u00ea personalize o layout interno de acordo com suas necessidades espec\u00edficas. Para prote\u00e7\u00e3o adicional, a mochila \u00e9 compat\u00edvel com nossa Capa de Chuva Revers\u00edvel Grande para manter seu equipamento seco em condi\u00e7\u00f5es clim\u00e1ticas adversas.<\/p>\n<p>Para o setup de 3-Gun definitivo, combine a UpRanger com nossos estojosde rifle Sidewinder para uma solu\u00e7\u00e3o all-in-one que mant\u00e9m suas armas de fogo seguras e facilmente acess\u00edveis. Os pain\u00e9is laterais remov\u00edveis proporcionam versatilidade adicional, permitindo que voc\u00ea configure a mochila de acordo com seus requisitos \u00fanicos.<\/p>\n<p>Eleve o gerenciamento do seu equipamento ao ar livre com a inovadora mochila UpRanger, projetada para agilizar suas atividades e manter seu equipamento essencial organizado e protegido.<\/p>\n","protected":false},"excerpt":{"rendered":"<p>Mochila vers\u00e1til de 3 armas com base de policarbonato para acesso r\u00e1pido e livre de sujeira.<\/p>\n","protected":false},"featured_media":696443,"template":"","meta":{"_acf_changed":false},"product_brand":[15145],"product_cat":[12481],"product_tag":[],"class_list":{"0":"post-697997","1":"product","2":"type-product","3":"status-publish","4":"has-post-thumbnail","6":"product_brand-eberlestock","7":"product_cat-mochilas","9":"first","10":"instock","11":"taxable","12":"shipping-taxable","13":"purchasable","14":"product-type-variable","15":"wvs-archive-product-wrapper"},"acf":[],"_links":{"self":[{"href":"https:\/\/nbg.eu\/pt-pt\/wp-json\/wp\/v2\/product\/697997","targetHints":{"allow":["GET"]}}],"collection":[{"href":"https:\/\/nbg.eu\/pt-pt\/wp-json\/wp\/v2\/product"}],"about":[{"href":"https:\/\/nbg.eu\/pt-pt\/wp-json\/wp\/v2\/types\/product"}],"wp:featuredmedia":[{"embeddable":true,"href":"https:\/\/nbg.eu\/pt-pt\/wp-json\/wp\/v2\/media\/696443"}],"wp:attachment":[{"href":"https:\/\/nbg.eu\/pt-pt\/wp-json\/wp\/v2\/media?parent=697997"}],"wp:term":[{"taxonomy":"product_brand","embeddable":true,"href":"https:\/\/nbg.eu\/pt-pt\/wp-json\/wp\/v2\/product_brand?post=697997"},{"taxonomy":"product_cat","embeddable":true,"href":"https:\/\/nbg.eu\/pt-pt\/wp-json\/wp\/v2\/product_cat?post=697997"},{"taxonomy":"product_tag","embeddable":true,"href":"https:\/\/nbg.eu\/pt-pt\/wp-json\/wp\/v2\/product_tag?post=697997"}],"curies":[{"name":"wp","href":"https:\/\/api.w.org\/{rel}","templated":true}]}}