{"id":698736,"date":"2025-12-22T17:51:28","date_gmt":"2025-12-22T14:51:28","guid":{"rendered":"https:\/\/nbg.eu\/product\/pacote-lodrag-ii\/"},"modified":"2026-04-15T14:37:17","modified_gmt":"2026-04-15T11:37:17","slug":"pacote-lodrag-ii","status":"publish","type":"product","link":"https:\/\/nbg.eu\/pt-pt\/produto\/pacote-lodrag-ii\/","title":{"rendered":"Eberlestock Mochila LoDrag II"},"content":{"rendered":"<h2>X31 LoDrag II\u2122 Mochila T\u00e1tica<\/h2>\n<p>Projetada para ser uma mochila t\u00e1tica altamente funcional e leve, bem como incorporar um estojo para arma t\u00e1tica de tamanho, o X31 LoDrag II\u2122 se tornou um padr\u00e3o no mundo dos rifles de precis\u00e3o. Dentro do compartimento principal, o LoDrag II possui uma prateleira dobr\u00e1vel para separar o espa\u00e7o de carga superior e inferior e um compartimento para o nosso sistema de hidrata\u00e7\u00e3o de 2L e 3L. As correias de compress\u00e3o laterais apresentam fivelas HD de 25 mm para a libera\u00e7\u00e3o r\u00e1pida de itens, como trip\u00e9s comprimidos ao lado da mochila.<\/p>\n<h2>Dimens\u00f5es<\/h2>\n<p>Volume: 2290 c.i. \/ 37,5L<br \/>\nPeso: 6,85 lbs<br \/>\nDimens\u00f5es: 22,5A x 11L x 11,75P<br \/>\nDimens\u00f5es do estojo: 34&#8243; A x 10&#8243; L x 3P<\/p>\n<h2>Recursos<\/h2>\n<ul>\n<li>Estojo para arma t\u00e1tica<\/li>\n<li>Prateleira dobr\u00e1vel para segregar o espa\u00e7o de carga superior e inferior<\/li>\n<li>Capa de chuva inclu\u00edda<\/li>\n<li>Compartimento para hidrata\u00e7\u00e3o<\/li>\n<\/ul>\n","protected":false},"excerpt":{"rendered":"<p>Mochila t\u00e1tica leve com bainha do tamanho de uma arma, prateleira dobr\u00e1vel e manga de hidrata\u00e7\u00e3o.<\/p>\n","protected":false},"featured_media":698796,"template":"","meta":{"_acf_changed":false},"product_brand":[15145],"product_cat":[12481],"product_tag":[],"class_list":{"0":"post-698736","1":"product","2":"type-product","3":"status-publish","4":"has-post-thumbnail","6":"product_brand-eberlestock","7":"product_cat-mochilas","9":"first","10":"instock","11":"taxable","12":"shipping-taxable","13":"purchasable","14":"product-type-variable","15":"wvs-archive-product-wrapper"},"acf":[],"_links":{"self":[{"href":"https:\/\/nbg.eu\/pt-pt\/wp-json\/wp\/v2\/product\/698736","targetHints":{"allow":["GET"]}}],"collection":[{"href":"https:\/\/nbg.eu\/pt-pt\/wp-json\/wp\/v2\/product"}],"about":[{"href":"https:\/\/nbg.eu\/pt-pt\/wp-json\/wp\/v2\/types\/product"}],"wp:featuredmedia":[{"embeddable":true,"href":"https:\/\/nbg.eu\/pt-pt\/wp-json\/wp\/v2\/media\/698796"}],"wp:attachment":[{"href":"https:\/\/nbg.eu\/pt-pt\/wp-json\/wp\/v2\/media?parent=698736"}],"wp:term":[{"taxonomy":"product_brand","embeddable":true,"href":"https:\/\/nbg.eu\/pt-pt\/wp-json\/wp\/v2\/product_brand?post=698736"},{"taxonomy":"product_cat","embeddable":true,"href":"https:\/\/nbg.eu\/pt-pt\/wp-json\/wp\/v2\/product_cat?post=698736"},{"taxonomy":"product_tag","embeddable":true,"href":"https:\/\/nbg.eu\/pt-pt\/wp-json\/wp\/v2\/product_tag?post=698736"}],"curies":[{"name":"wp","href":"https:\/\/api.w.org\/{rel}","templated":true}]}}