{"id":699119,"date":"2025-12-22T17:57:48","date_gmt":"2025-12-22T14:57:48","guid":{"rendered":"https:\/\/nbg.eu\/product\/pacote-gunslinger-ii\/"},"modified":"2026-04-15T14:37:13","modified_gmt":"2026-04-15T11:37:13","slug":"pacote-gunslinger-ii","status":"publish","type":"product","link":"https:\/\/nbg.eu\/pt-pt\/produto\/pacote-gunslinger-ii\/","title":{"rendered":"Eberlestock Mochila G2 Gunslinger II"},"content":{"rendered":"<h2>Mochila T\u00e1ctica Gunslinger II\u2122<\/h2>\n<p>O Gunslinger II\u2122 \u00e9 uma mochila t\u00e1tica de tamanho m\u00e9dio com um estojo de largura total para acomodar melhor armas com se\u00e7\u00f5es transversais maiores ou \u00f3pticas volumosas. O estojo largo tamb\u00e9m permite que seja usado como um excelente compartimento para laptop ou r\u00e1dio militar. Mesmo com o estojo dobrado, ele se ajustar\u00e1 perfeitamente \u00e0 maioria dos rifles de cano curto. O Gunslinger II possui uma capacidade de 2100 polegadas c\u00fabicas e vem equipado com nosso sistema de quadro tubular Intex-II\u2122 sem prateleira, arn\u00eas de ombro totalmente ajust\u00e1vel e cinto de quadril acolchoado.<\/p>\n<h2>Dimens\u00f5es<\/h2>\n<p>Volume da mochila: 2.100 polegadas c\u00fabicas \/ 34,41 litros<br \/>\nVolume do estojo: 600 polegadas c\u00fabicas<br \/>\n-Volume total: 44 litros \/ 2.700 polegadas c\u00fabicas<br \/>\n-Peso: 6 libras e 8 on\u00e7as<br \/>\n-Dimens\u00f5es da bolsa principal: 22&#8243;A x 10&#8243;L x 8&#8243;P<br \/>\n-Dimens\u00f5es do estojo: 34&#8243;C x 10&#8243;L x 3&#8243;P, com uma abertura de 26&#8243; de circunfer\u00eancia. A capa GSTC permite o transporte fechado de armas de at\u00e9 60&#8243;.<br \/>\n-Peso real: 6,5 libras (com GSTC).<\/p>\n<h2>Recursos<\/h2>\n<p>Bolso da tampa superior<br \/>\n-Painel de carga<br \/>\n-Bolsos para garrafas de \u00e1gua<br \/>\n-Estojo de rifle integrado<br \/>\n-Cintas de compress\u00e3o de gancho<br \/>\n-Abertura superior com cord\u00e3o e abertura frontal com z\u00edper<br \/>\n-Estrutura tubular Intex II<\/p>\n","protected":false},"excerpt":{"rendered":"<p>O Gunslinger II\u2122 \u00e9 uma mochila t\u00e1tica de tamanho m\u00e9dio com um estojo de largura total para acomodar melhor armas com se\u00e7\u00f5es transversais maiores ou \u00f3ticas volumosas.<\/p>\n","protected":false},"featured_media":699179,"template":"","meta":{"_acf_changed":false},"product_brand":[15145],"product_cat":[12481],"product_tag":[],"class_list":{"0":"post-699119","1":"product","2":"type-product","3":"status-publish","4":"has-post-thumbnail","6":"product_brand-eberlestock","7":"product_cat-mochilas","9":"first","10":"instock","11":"taxable","12":"shipping-taxable","13":"purchasable","14":"product-type-variable","15":"wvs-archive-product-wrapper"},"acf":[],"_links":{"self":[{"href":"https:\/\/nbg.eu\/pt-pt\/wp-json\/wp\/v2\/product\/699119","targetHints":{"allow":["GET"]}}],"collection":[{"href":"https:\/\/nbg.eu\/pt-pt\/wp-json\/wp\/v2\/product"}],"about":[{"href":"https:\/\/nbg.eu\/pt-pt\/wp-json\/wp\/v2\/types\/product"}],"wp:featuredmedia":[{"embeddable":true,"href":"https:\/\/nbg.eu\/pt-pt\/wp-json\/wp\/v2\/media\/699179"}],"wp:attachment":[{"href":"https:\/\/nbg.eu\/pt-pt\/wp-json\/wp\/v2\/media?parent=699119"}],"wp:term":[{"taxonomy":"product_brand","embeddable":true,"href":"https:\/\/nbg.eu\/pt-pt\/wp-json\/wp\/v2\/product_brand?post=699119"},{"taxonomy":"product_cat","embeddable":true,"href":"https:\/\/nbg.eu\/pt-pt\/wp-json\/wp\/v2\/product_cat?post=699119"},{"taxonomy":"product_tag","embeddable":true,"href":"https:\/\/nbg.eu\/pt-pt\/wp-json\/wp\/v2\/product_tag?post=699119"}],"curies":[{"name":"wp","href":"https:\/\/api.w.org\/{rel}","templated":true}]}}