{"id":700389,"date":"2025-12-22T18:10:47","date_gmt":"2025-12-22T15:10:47","guid":{"rendered":"https:\/\/nbg.eu\/product\/painel-molle\/"},"modified":"2026-04-15T14:37:06","modified_gmt":"2026-04-15T11:37:06","slug":"painel-molle","status":"publish","type":"product","link":"https:\/\/nbg.eu\/pt-pt\/produto\/painel-molle\/","title":{"rendered":"Eberlestock Painel MOLLE Recon"},"content":{"rendered":"<h2>Painel MOLLE Recon &#8211; Acess\u00f3rio Vers\u00e1til para o Seu Porta-Bin\u00f3culos<\/h2>\n<p>O Painel MOLLE Recon \u00e9 uma adi\u00e7\u00e3o simples, mas vers\u00e1til, ao seu conjunto de porta-bin\u00f3culos. Ele fornece uma maneira conveniente de fixar v\u00e1rias bolsas, como a Bolsa Recon Bearspray ou a Bolsa Recon Rangefinder, horizontalmente abaixo da sua bolsa de bin\u00f3culos. Este painel tamb\u00e9m serve como uma plataforma segura para coldres compat\u00edveis com MOLLE, permitindo que voc\u00ea carregue uma arma de m\u00e3o em seu porta-bin\u00f3culos de forma segura e confort\u00e1vel.<\/p>\n<p>Com 6&#8243; de largura e 3,25&#8243; de altura, o Painel MOLLE Recon oferece um design compacto e aerodin\u00e2mico que n\u00e3o adicionar\u00e1 volume desnecess\u00e1rio ao seu equipamento. Sua constru\u00e7\u00e3o compat\u00edvel com MOLLE garante a compatibilidade com uma ampla gama de acess\u00f3rios, dando-lhe a flexibilidade de personalizar seu conjunto de acordo com suas necessidades espec\u00edficas.<\/p>\n","protected":false},"excerpt":{"rendered":"<p>Painel MOLLE vers\u00e1til para fixa\u00e7\u00e3o de bolsas e transporte de arma de m\u00e3o em talabarte de bin\u00f3culo.<\/p>\n","protected":false},"featured_media":700473,"template":"","meta":{"_acf_changed":false},"product_brand":[15145],"product_cat":[12535],"product_tag":[],"class_list":{"0":"post-700389","1":"product","2":"type-product","3":"status-publish","4":"has-post-thumbnail","6":"product_brand-eberlestock","7":"product_cat-bolsas","9":"first","10":"instock","11":"taxable","12":"shipping-taxable","13":"purchasable","14":"product-type-variable","15":"wvs-archive-product-wrapper"},"acf":[],"_links":{"self":[{"href":"https:\/\/nbg.eu\/pt-pt\/wp-json\/wp\/v2\/product\/700389","targetHints":{"allow":["GET"]}}],"collection":[{"href":"https:\/\/nbg.eu\/pt-pt\/wp-json\/wp\/v2\/product"}],"about":[{"href":"https:\/\/nbg.eu\/pt-pt\/wp-json\/wp\/v2\/types\/product"}],"wp:featuredmedia":[{"embeddable":true,"href":"https:\/\/nbg.eu\/pt-pt\/wp-json\/wp\/v2\/media\/700473"}],"wp:attachment":[{"href":"https:\/\/nbg.eu\/pt-pt\/wp-json\/wp\/v2\/media?parent=700389"}],"wp:term":[{"taxonomy":"product_brand","embeddable":true,"href":"https:\/\/nbg.eu\/pt-pt\/wp-json\/wp\/v2\/product_brand?post=700389"},{"taxonomy":"product_cat","embeddable":true,"href":"https:\/\/nbg.eu\/pt-pt\/wp-json\/wp\/v2\/product_cat?post=700389"},{"taxonomy":"product_tag","embeddable":true,"href":"https:\/\/nbg.eu\/pt-pt\/wp-json\/wp\/v2\/product_tag?post=700389"}],"curies":[{"name":"wp","href":"https:\/\/api.w.org\/{rel}","templated":true}]}}