{"id":701138,"date":"2025-12-22T18:40:25","date_gmt":"2025-12-22T15:40:25","guid":{"rendered":"https:\/\/nbg.eu\/product\/processo-rapido\/"},"modified":"2026-04-15T14:36:59","modified_gmt":"2026-04-15T11:36:59","slug":"processo-rapido","status":"publish","type":"product","link":"https:\/\/nbg.eu\/pt-pt\/produto\/processo-rapido\/","title":{"rendered":"Eberlestock Estojo Recon Quickcase"},"content":{"rendered":"<h2>Quickcase: Seu Companheiro Compacto de Sobreviv\u00eancia<\/h2>\n<p>O Quickcase \u00e9 uma bolsa com z\u00edper vers\u00e1til, projetada para se fixar perfeitamente \u00e0 Arma\u00e7\u00e3o Modular para Bin\u00f3culos Recon. Este acess\u00f3rio compacto oferece a solu\u00e7\u00e3o perfeita para armazenar e proteger seus equipamentos essenciais de sobreviv\u00eancia, garantindo que voc\u00ea esteja sempre preparado para o inesperado.<\/p>\n<p>Com o tamanho certo, o Quickcase oferece espa\u00e7o suficiente para um pequeno kit de sobreviv\u00eancia, tornando-se um companheiro indispens\u00e1vel caso voc\u00ea se separe de sua mochila principal. Sua constru\u00e7\u00e3o dur\u00e1vel e fechamento seguro com z\u00edper mant\u00eam seus itens cr\u00edticos seguros e acess\u00edveis quando voc\u00ea mais precisar deles.<\/p>\n<p>Mas a utilidade do Quickcase vai al\u00e9m da prepara\u00e7\u00e3o para sobreviv\u00eancia. Use-o como um pr\u00e1tico compartimento de armazenamento para pequenos itens, mantendo-os organizados e de f\u00e1cil acesso durante seus deslocamentos. Seja durante uma caminhada, acampamento ou qualquer atividade ao ar livre, este acess\u00f3rio vers\u00e1til se tornar\u00e1 uma parte inestim\u00e1vel do seu equipamento.<\/p>\n<p>Projetado para se integrar perfeitamente \u00e0 Arma\u00e7\u00e3o Modular para Bin\u00f3culos Recon, o Quickcase se fixa de forma segura \u00e0 aba com velcro na parte traseira da arma\u00e7\u00e3o. Essa integra\u00e7\u00e3o permite que voc\u00ea mantenha seus itens essenciais pr\u00f3ximos, liberando espa\u00e7o em sua mochila principal e garantindo que voc\u00ea tenha tudo o que precisa ao alcance das m\u00e3os.<\/p>\n","protected":false},"excerpt":{"rendered":"<p>Uma pequena bolsa com z\u00edper que se prende ao Recon Modular Bino Harness para kit de sobreviv\u00eancia ou armazenamento de pequenos itens.<\/p>\n","protected":false},"featured_media":701214,"template":"","meta":{"_acf_changed":false},"product_brand":[15145],"product_cat":[12535],"product_tag":[],"class_list":{"0":"post-701138","1":"product","2":"type-product","3":"status-publish","4":"has-post-thumbnail","6":"product_brand-eberlestock","7":"product_cat-bolsas","9":"first","10":"instock","11":"taxable","12":"shipping-taxable","13":"purchasable","14":"product-type-variable","15":"wvs-archive-product-wrapper"},"acf":[],"_links":{"self":[{"href":"https:\/\/nbg.eu\/pt-pt\/wp-json\/wp\/v2\/product\/701138","targetHints":{"allow":["GET"]}}],"collection":[{"href":"https:\/\/nbg.eu\/pt-pt\/wp-json\/wp\/v2\/product"}],"about":[{"href":"https:\/\/nbg.eu\/pt-pt\/wp-json\/wp\/v2\/types\/product"}],"wp:featuredmedia":[{"embeddable":true,"href":"https:\/\/nbg.eu\/pt-pt\/wp-json\/wp\/v2\/media\/701214"}],"wp:attachment":[{"href":"https:\/\/nbg.eu\/pt-pt\/wp-json\/wp\/v2\/media?parent=701138"}],"wp:term":[{"taxonomy":"product_brand","embeddable":true,"href":"https:\/\/nbg.eu\/pt-pt\/wp-json\/wp\/v2\/product_brand?post=701138"},{"taxonomy":"product_cat","embeddable":true,"href":"https:\/\/nbg.eu\/pt-pt\/wp-json\/wp\/v2\/product_cat?post=701138"},{"taxonomy":"product_tag","embeddable":true,"href":"https:\/\/nbg.eu\/pt-pt\/wp-json\/wp\/v2\/product_tag?post=701138"}],"curies":[{"name":"wp","href":"https:\/\/api.w.org\/{rel}","templated":true}]}}