{"id":701833,"date":"2025-12-23T11:39:12","date_gmt":"2025-12-23T08:39:12","guid":{"rendered":"https:\/\/nbg.eu\/product\/aquecedor-manual\/"},"modified":"2026-04-15T14:36:56","modified_gmt":"2026-04-15T11:36:56","slug":"aquecedor-manual","status":"publish","type":"product","link":"https:\/\/nbg.eu\/pt-pt\/produto\/aquecedor-manual\/","title":{"rendered":"Eberlestock Aquecedor de M\u00e3os Recon"},"content":{"rendered":"<h2>Recon Handwarmer: Calor f\u00e1cil para aventuras ao ar livre<\/h2>\n<p>Manter as m\u00e3os aquecidas sem comprometer a destreza nunca foi t\u00e3o f\u00e1cil com o Recon Handwarmer. Este acess\u00f3rio inovador se fixa perfeitamente ao Recon Modular Bino Harness, permitindo que voc\u00ea mantenha a posi\u00e7\u00e3o ideal da m\u00e3o para maior conforto, seja sentado ou em p\u00e9. O Recon Handwarmer elimina a necessidade de luvas volumosas, garantindo que voc\u00ea ainda possa realizar tarefas motoras finas com facilidade.<\/p>\n<p>Para maior conveni\u00eancia, o Recon Handwarmer possui um bolso frontal com z\u00edper onde voc\u00ea pode guardar aquecedores de m\u00e3o ativados por ar. Isso permite que voc\u00ea use o aquecedor de m\u00e3o independentemente do Recon Modular Bino Harness, fornecendo uma fonte confi\u00e1vel de calor, independentemente da atividade ou ambiente. O cinto de cintura inclu\u00eddo garante um ajuste seguro e confort\u00e1vel, mantendo suas m\u00e3os na posi\u00e7\u00e3o perfeita para m\u00e1xima efici\u00eancia e conforto.<\/p>\n<p>Seja voc\u00ea observando p\u00e1ssaros, ca\u00e7ando ou simplesmente aproveitando a natureza, o Recon Handwarmer \u00e9 o companheiro perfeito para manter suas m\u00e3os aquecidas e seus dedos \u00e1geis. Experimente o m\u00e1ximo em conforto e conveni\u00eancia ao ar livre com este acess\u00f3rio vers\u00e1til e inovador.<\/p>\n","protected":false},"excerpt":{"rendered":"<p>Recon Handwarmer mant\u00e9m as m\u00e3os aquecidas sem luvas, prende-se ao Recon Harness.<\/p>\n","protected":false},"featured_media":701902,"template":"","meta":{"_acf_changed":false},"product_brand":[15145],"product_cat":[12545],"product_tag":[],"class_list":{"0":"post-701833","1":"product","2":"type-product","3":"status-publish","4":"has-post-thumbnail","6":"product_brand-eberlestock","7":"product_cat-equipamento","9":"first","10":"instock","11":"taxable","12":"shipping-taxable","13":"purchasable","14":"product-type-variable","15":"wvs-archive-product-wrapper"},"acf":[],"_links":{"self":[{"href":"https:\/\/nbg.eu\/pt-pt\/wp-json\/wp\/v2\/product\/701833","targetHints":{"allow":["GET"]}}],"collection":[{"href":"https:\/\/nbg.eu\/pt-pt\/wp-json\/wp\/v2\/product"}],"about":[{"href":"https:\/\/nbg.eu\/pt-pt\/wp-json\/wp\/v2\/types\/product"}],"wp:featuredmedia":[{"embeddable":true,"href":"https:\/\/nbg.eu\/pt-pt\/wp-json\/wp\/v2\/media\/701902"}],"wp:attachment":[{"href":"https:\/\/nbg.eu\/pt-pt\/wp-json\/wp\/v2\/media?parent=701833"}],"wp:term":[{"taxonomy":"product_brand","embeddable":true,"href":"https:\/\/nbg.eu\/pt-pt\/wp-json\/wp\/v2\/product_brand?post=701833"},{"taxonomy":"product_cat","embeddable":true,"href":"https:\/\/nbg.eu\/pt-pt\/wp-json\/wp\/v2\/product_cat?post=701833"},{"taxonomy":"product_tag","embeddable":true,"href":"https:\/\/nbg.eu\/pt-pt\/wp-json\/wp\/v2\/product_tag?post=701833"}],"curies":[{"name":"wp","href":"https:\/\/api.w.org\/{rel}","templated":true}]}}