{"id":702949,"date":"2025-12-23T11:50:14","date_gmt":"2025-12-23T08:50:14","guid":{"rendered":"https:\/\/nbg.eu\/product\/bravo-modular-bino-pack-pequeno\/"},"modified":"2026-04-15T14:36:48","modified_gmt":"2026-04-15T11:36:48","slug":"bravo-modular-bino-pack-pequeno","status":"publish","type":"product","link":"https:\/\/nbg.eu\/pt-pt\/produto\/bravo-modular-bino-pack-pequeno\/","title":{"rendered":"Eberlestock Mochila para Bin\u00f3culos Bravo Modular, Small"},"content":{"rendered":"<h2>Bravo Modular Bino Pack-Small: Armazenamento Vers\u00e1til e Seguro de Bin\u00f3culos<\/h2>\n<p>Projetado com a modularidade como foco principal, o BRAVO MODULAR BINO PACK \u00e9 constru\u00eddo em uma plataforma de suspens\u00f3rio de peito que se adapta \u00e0s suas necessidades com uma s\u00e9rie de acess\u00f3rios adicionais. Ele apresenta acesso magn\u00e9tico de puxada livre para a bolsa de bin\u00f3culos, um espa\u00e7oso bolso frontal com z\u00edper e bolsos laterais el\u00e1sticos. Cintas internas mant\u00eam seus bin\u00f3culos seguros, enquanto asas de perfil baixo compat\u00edveis com MOLLE e um painel traseiro permitem que voc\u00ea acople bolsos e acess\u00f3rios com facilidade.<\/p>\n<p>Feito com Nylon Ripstop 500D e tecidos N140D, dur\u00e1veis, o Bravo Modular Bino Pack-Small oferece uma solu\u00e7\u00e3o leve e resistente para entusiastas ao ar livre, ca\u00e7adores e operadores t\u00e1ticos.<\/p>\n<p>Principais recursos incluem um fechamento livre de magnetos para acesso r\u00e1pido, compatibilidade com oito acess\u00f3rios dispon\u00edveis, um grande bolso frontal com z\u00edper, bolsos laterais el\u00e1sticos duplos, um arn\u00eas de ombro ajust\u00e1vel de puxada frontal e asas compat\u00edveis com MOLLE de baixo perfil para personalizar sua configura\u00e7\u00e3o de equipamentos. Seja voc\u00ea um observador de p\u00e1ssaros, caminhante ou envolvido em opera\u00e7\u00f5es t\u00e1ticas, o Bravo Modular Bino Pack-Small oferece uma solu\u00e7\u00e3o vers\u00e1til e segura para suas necessidades de armazenamento de bin\u00f3culos.<\/p>\n","protected":false},"excerpt":{"rendered":"<p>Mochila modular com fechamento livre de \u00edm\u00e3, asas compat\u00edveis com MOLLE e arn\u00eas ajust\u00e1vel.<\/p>\n","protected":false},"featured_media":703017,"template":"","meta":{"_acf_changed":false},"product_brand":[15145],"product_cat":[15227],"product_tag":[],"class_list":{"0":"post-702949","1":"product","2":"type-product","3":"status-publish","4":"has-post-thumbnail","6":"product_brand-eberlestock","7":"product_cat-binocular-harnesses-pt-pt","9":"first","10":"instock","11":"taxable","12":"shipping-taxable","13":"purchasable","14":"product-type-variable","15":"wvs-archive-product-wrapper"},"acf":[],"_links":{"self":[{"href":"https:\/\/nbg.eu\/pt-pt\/wp-json\/wp\/v2\/product\/702949","targetHints":{"allow":["GET"]}}],"collection":[{"href":"https:\/\/nbg.eu\/pt-pt\/wp-json\/wp\/v2\/product"}],"about":[{"href":"https:\/\/nbg.eu\/pt-pt\/wp-json\/wp\/v2\/types\/product"}],"wp:featuredmedia":[{"embeddable":true,"href":"https:\/\/nbg.eu\/pt-pt\/wp-json\/wp\/v2\/media\/703017"}],"wp:attachment":[{"href":"https:\/\/nbg.eu\/pt-pt\/wp-json\/wp\/v2\/media?parent=702949"}],"wp:term":[{"taxonomy":"product_brand","embeddable":true,"href":"https:\/\/nbg.eu\/pt-pt\/wp-json\/wp\/v2\/product_brand?post=702949"},{"taxonomy":"product_cat","embeddable":true,"href":"https:\/\/nbg.eu\/pt-pt\/wp-json\/wp\/v2\/product_cat?post=702949"},{"taxonomy":"product_tag","embeddable":true,"href":"https:\/\/nbg.eu\/pt-pt\/wp-json\/wp\/v2\/product_tag?post=702949"}],"curies":[{"name":"wp","href":"https:\/\/api.w.org\/{rel}","templated":true}]}}