{"id":703291,"date":"2025-12-23T12:02:01","date_gmt":"2025-12-23T09:02:01","guid":{"rendered":"https:\/\/nbg.eu\/product\/bolsa-bando-xl\/"},"modified":"2026-04-15T14:36:45","modified_gmt":"2026-04-15T11:36:45","slug":"bolsa-bando-xl","status":"publish","type":"product","link":"https:\/\/nbg.eu\/pt-pt\/produto\/bolsa-bando-xl\/","title":{"rendered":"Eberlestock Bolsa Bando XL"},"content":{"rendered":"<h2>Bando Bag-XL: Transporte Vers\u00e1til e Conveniente de Itens de Uso Di\u00e1rio<\/h2>\n<p>O Bando Bag-XL \u00e9 uma forma leve e conveniente de transportar seus itens de uso di\u00e1rio (EDC). O bolso traseiro com z\u00edper total do Bando Bag-XL mede 6&#8243;h x 11&#8243;l x 3&#8243;p, suficientemente grande para acomodar a maioria das armas de m\u00e3o de arma\u00e7\u00e3o completa e armas de fogo menores. O compartimento principal apresenta um bolso interno com z\u00edper de tela e dois bolsos de deslizamento para organiza\u00e7\u00e3o adicional, enquanto um pequeno bolso frontal com z\u00edper \u00e9 perfeito para chaves, cabos ou outros itens pequenos.<\/p>\n<p>O cinto ajust\u00e1vel na cintura do Bando Bag-XL permite um ajuste personalizado, variando de 31,5&#8243; a 44&#8243; de comprimento. O Bando Bag-XL tamb\u00e9m incluir\u00e1 uma manga integrada para carregar um torniquete convenientemente abaixo da aba superior do compartimento principal, proporcionando f\u00e1cil acesso a este equipamento de emerg\u00eancia essencial.<\/p>\n<h2>Principais Recursos:<\/h2>\n<ul>\n<li>-Bolso traseiro com z\u00edper total (6&#8243;h x 11&#8243;l x 3&#8243;p) para armazenamento de armas de m\u00e3o<\/li>\n<li>-Bolso interno com z\u00edper de tela e dois bolsos de deslizamento para organiza\u00e7\u00e3o<\/li>\n<li>-Pequeno bolso frontal com z\u00edper para chaves, cabos e outros itens pequenos<\/li>\n<li>-Cinto ajust\u00e1vel na cintura (31,5&#8243;-44&#8243;)<\/li>\n<li>-Manga integrada para carregar um torniquete<\/li>\n<\/ul>\n","protected":false},"excerpt":{"rendered":"<p>Bolsa EDC leve e com z\u00edper total, com bolso de 6&#8243;h x 11&#8243;l x 3&#8243;p para armas de fogo de tamanho completo.<\/p>\n","protected":false},"featured_media":703353,"template":"","meta":{"_acf_changed":false},"product_brand":[15145],"product_cat":[12477],"product_tag":[],"class_list":{"0":"post-703291","1":"product","2":"type-product","3":"status-publish","4":"has-post-thumbnail","6":"product_brand-eberlestock","7":"product_cat-sacos-de-tiro","9":"first","10":"instock","11":"taxable","12":"shipping-taxable","13":"purchasable","14":"product-type-variable","15":"wvs-archive-product-wrapper"},"acf":[],"_links":{"self":[{"href":"https:\/\/nbg.eu\/pt-pt\/wp-json\/wp\/v2\/product\/703291","targetHints":{"allow":["GET"]}}],"collection":[{"href":"https:\/\/nbg.eu\/pt-pt\/wp-json\/wp\/v2\/product"}],"about":[{"href":"https:\/\/nbg.eu\/pt-pt\/wp-json\/wp\/v2\/types\/product"}],"wp:featuredmedia":[{"embeddable":true,"href":"https:\/\/nbg.eu\/pt-pt\/wp-json\/wp\/v2\/media\/703353"}],"wp:attachment":[{"href":"https:\/\/nbg.eu\/pt-pt\/wp-json\/wp\/v2\/media?parent=703291"}],"wp:term":[{"taxonomy":"product_brand","embeddable":true,"href":"https:\/\/nbg.eu\/pt-pt\/wp-json\/wp\/v2\/product_brand?post=703291"},{"taxonomy":"product_cat","embeddable":true,"href":"https:\/\/nbg.eu\/pt-pt\/wp-json\/wp\/v2\/product_cat?post=703291"},{"taxonomy":"product_tag","embeddable":true,"href":"https:\/\/nbg.eu\/pt-pt\/wp-json\/wp\/v2\/product_tag?post=703291"}],"curies":[{"name":"wp","href":"https:\/\/api.w.org\/{rel}","templated":true}]}}