{"id":704056,"date":"2025-12-23T12:03:47","date_gmt":"2025-12-23T09:03:47","guid":{"rendered":"https:\/\/nbg.eu\/product\/bolsa-bando\/"},"modified":"2026-04-15T14:36:41","modified_gmt":"2026-04-15T11:36:41","slug":"bolsa-bando","status":"publish","type":"product","link":"https:\/\/nbg.eu\/pt-pt\/produto\/bolsa-bando\/","title":{"rendered":"Eberlestock Bolsa Bando"},"content":{"rendered":"<h2>Bolsa Bando: Transporte Conveniente e Leve para Itens Essenciais do Dia a Dia<\/h2>\n<p>A Bolsa Bando \u00e9 uma forma leve e conveniente de transportar seus itens essenciais do dia a dia. Um bolso traseiro com z\u00edper total na Bando mede 5,5&#8243;h x 9,5&#8243;l x 1&#8243;p, grande o suficiente para acomodar a maioria das armas de fogo subcompactas e compactas, como a Glock-19 e outras de tamanho semelhante. O compartimento principal possui um bolso interno com z\u00edper de tela e dois bolsos de deslize para organiza\u00e7\u00e3o adicional. Um pequeno bolso frontal com z\u00edper \u00e9 perfeito para chaves, cabos ou outros itens pequenos. O comprimento do cinto ajust\u00e1vel \u00e9 de 31,5&#8243; &#8211; 44&#8243;.<\/p>\n<h2>Principais Recursos<\/h2>\n<ul>\n<li>Bolso traseiro com z\u00edper total<\/li>\n<li>Bolso interno com z\u00edper de tela<\/li>\n<li>Dois bolsos internos de deslize<\/li>\n<li>Pequeno bolso frontal com z\u00edper<\/li>\n<li>Cinto ajust\u00e1vel (31,5&#8243;-44&#8243;)<\/li>\n<li>Manga integrada para transportar um torniquete de forma conveniente<\/li>\n<\/ul>\n","protected":false},"excerpt":{"rendered":"<p>A Bolsa Bando \u00e9 uma maneira leve e conveniente de transportar seus itens EDC. Cabe na maioria das armas de bolso compactas a de tamanho completo.<\/p>\n","protected":false},"featured_media":704105,"template":"","meta":{"_acf_changed":false},"product_brand":[15145],"product_cat":[12477],"product_tag":[],"class_list":{"0":"post-704056","1":"product","2":"type-product","3":"status-publish","4":"has-post-thumbnail","6":"product_brand-eberlestock","7":"product_cat-sacos-de-tiro","9":"first","10":"instock","11":"taxable","12":"shipping-taxable","13":"purchasable","14":"product-type-variable","15":"wvs-archive-product-wrapper"},"acf":[],"_links":{"self":[{"href":"https:\/\/nbg.eu\/pt-pt\/wp-json\/wp\/v2\/product\/704056","targetHints":{"allow":["GET"]}}],"collection":[{"href":"https:\/\/nbg.eu\/pt-pt\/wp-json\/wp\/v2\/product"}],"about":[{"href":"https:\/\/nbg.eu\/pt-pt\/wp-json\/wp\/v2\/types\/product"}],"wp:featuredmedia":[{"embeddable":true,"href":"https:\/\/nbg.eu\/pt-pt\/wp-json\/wp\/v2\/media\/704105"}],"wp:attachment":[{"href":"https:\/\/nbg.eu\/pt-pt\/wp-json\/wp\/v2\/media?parent=704056"}],"wp:term":[{"taxonomy":"product_brand","embeddable":true,"href":"https:\/\/nbg.eu\/pt-pt\/wp-json\/wp\/v2\/product_brand?post=704056"},{"taxonomy":"product_cat","embeddable":true,"href":"https:\/\/nbg.eu\/pt-pt\/wp-json\/wp\/v2\/product_cat?post=704056"},{"taxonomy":"product_tag","embeddable":true,"href":"https:\/\/nbg.eu\/pt-pt\/wp-json\/wp\/v2\/product_tag?post=704056"}],"curies":[{"name":"wp","href":"https:\/\/api.w.org\/{rel}","templated":true}]}}