{"id":704608,"date":"2025-12-23T12:15:29","date_gmt":"2025-12-23T09:15:29","guid":{"rendered":"https:\/\/nbg.eu\/product\/pacote-switchblade\/"},"modified":"2026-04-15T14:36:37","modified_gmt":"2026-04-15T11:36:37","slug":"pacote-switchblade","status":"publish","type":"product","link":"https:\/\/nbg.eu\/pt-pt\/produto\/pacote-switchblade\/","title":{"rendered":"Eberlestock Mochila Switchblade"},"content":{"rendered":"<h2>Mochila Switchblade: M\u00e1ximo Espa\u00e7o e Transporte Oculto<\/h2>\n<p>A mochila Switchblade\u2122 \u00e9 projetada para manter um perfil discreto, oferecendo m\u00e1ximo espa\u00e7o e organiza\u00e7\u00e3o. Abra o bolso superior para acessar dois porta-revistas e outros pequenos recursos de organiza\u00e7\u00e3o. Dentro, voc\u00ea encontrar\u00e1 um divisor de documentos perfeito para um iPad, laptop ou at\u00e9 mesmo um rifle de cano curto.<\/p>\n<p>A parte frontal da mochila possui um bolso sobressalente para acesso r\u00e1pido aos seus itens importantes. De cada lado, h\u00e1 um par de bolsos de al\u00e7a com cord\u00e3o, bem como um bolso lateral plano com z\u00edper. A mochila tamb\u00e9m possui um bolso oculto, de abertura magn\u00e9tica, de acesso r\u00e1pido para porte oculto de arma de fogo.<\/p>\n<p>Com um volume total de 1.785 polegadas c\u00fabicas (29,3 litros) e pesando apenas 3,60 libras, a Switchblade\u2122 oferece amplo espa\u00e7o e portabilidade. As dimens\u00f5es da bolsa principal s\u00e3o 20,5 x 12 x 8 polegadas, tornando-a uma escolha vers\u00e1til para uso di\u00e1rio ou opera\u00e7\u00f5es t\u00e1ticas.<\/p>\n<p>Os recursos-chave incluem aberturas magn\u00e9ticas de terra rara para acesso r\u00e1pido a bolsos de porte oculto de armas de fogo, revestimento de velcro PALS para anexar acess\u00f3rios com MOLLE ou velcro, e bolsos internos para bolsa de hidrata\u00e7\u00e3o, revistas e organizadores de pequenos itens. A al\u00e7a destac\u00e1vel e a compatibilidade com o cinto adicional aumentam a personalizabilidade da mochila.<\/p>\n<p>A Switchblade\u2122 tamb\u00e9m apresenta a nova trama MOLLE-10, que oferece uma economia de peso de 60% em rela\u00e7\u00e3o \u00e0s matrizes padr\u00e3o de 25 mm MOLLE, e um coldre oculto ambidestro adequado para a maioria das armas de fogo, incluindo autom\u00e1ticas de quadro completo. Para prote\u00e7\u00e3o contra o tempo, use nossa Capa de Chuva Revers\u00edvel Pequena.<\/p>\n","protected":false},"excerpt":{"rendered":"<p>A Switchblade\u2122 tem um perfil baixo, com espa\u00e7o m\u00e1ximo e organiza\u00e7\u00e3o. Abra o bolso superior da tampa e voc\u00ea encontrar\u00e1 dois porta-revistas e outros pequenos recursos de organiza\u00e7\u00e3o. Dentro, voc\u00ea encontrar\u00e1 um divisor de documentos para um iPad, laptop ou at\u00e9 mesmo uma espingarda de cano curto. A parte frontal da mochila possui um bolso grande para acesso r\u00e1pido aos seus itens importantes. De cada lado h\u00e1 um par de bolsos de suporte de copo com cord\u00e3o, bem como um bolso lateral com z\u00edper plano. Tamb\u00e9m possui um bolso oculto, magn\u00e9tico, de acesso r\u00e1pido para CCW.<\/p>\n","protected":false},"featured_media":704712,"template":"","meta":{"_acf_changed":false},"product_brand":[15145],"product_cat":[12481],"product_tag":[],"class_list":{"0":"post-704608","1":"product","2":"type-product","3":"status-publish","4":"has-post-thumbnail","6":"product_brand-eberlestock","7":"product_cat-mochilas","9":"first","10":"instock","11":"taxable","12":"shipping-taxable","13":"purchasable","14":"product-type-variable","15":"wvs-archive-product-wrapper"},"acf":[],"_links":{"self":[{"href":"https:\/\/nbg.eu\/pt-pt\/wp-json\/wp\/v2\/product\/704608","targetHints":{"allow":["GET"]}}],"collection":[{"href":"https:\/\/nbg.eu\/pt-pt\/wp-json\/wp\/v2\/product"}],"about":[{"href":"https:\/\/nbg.eu\/pt-pt\/wp-json\/wp\/v2\/types\/product"}],"wp:featuredmedia":[{"embeddable":true,"href":"https:\/\/nbg.eu\/pt-pt\/wp-json\/wp\/v2\/media\/704712"}],"wp:attachment":[{"href":"https:\/\/nbg.eu\/pt-pt\/wp-json\/wp\/v2\/media?parent=704608"}],"wp:term":[{"taxonomy":"product_brand","embeddable":true,"href":"https:\/\/nbg.eu\/pt-pt\/wp-json\/wp\/v2\/product_brand?post=704608"},{"taxonomy":"product_cat","embeddable":true,"href":"https:\/\/nbg.eu\/pt-pt\/wp-json\/wp\/v2\/product_cat?post=704608"},{"taxonomy":"product_tag","embeddable":true,"href":"https:\/\/nbg.eu\/pt-pt\/wp-json\/wp\/v2\/product_tag?post=704608"}],"curies":[{"name":"wp","href":"https:\/\/api.w.org\/{rel}","templated":true}]}}