{"id":71036,"date":"2024-01-21T15:18:33","date_gmt":"2024-01-21T15:18:33","guid":{"rendered":"https:\/\/nbg.eu\/product\/surefire-123a-batteries\/"},"modified":"2026-05-13T16:02:20","modified_gmt":"2026-05-13T13:02:20","slug":"surefire-123a-batteries","status":"publish","type":"product","link":"https:\/\/nbg.eu\/pt-pt\/produto\/surefire-123a-batteries\/","title":{"rendered":"SureFire 123A BATTERIES"},"content":{"rendered":"<div class=\"product-description\">\n<h2>SureFire SF72-BB (Bateria 123A)<\/h2>\n<p>A bateria de l\u00edtio 123A da SureFire tem melhor desempenho que as alternativas alcalinas. Estas baterias compactas oferecem:<\/p>\n<ul>\n<li>Vida \u00fatil de 10 anos<\/li>\n<li>Tens\u00e3o de 3V e capacidade de 1.550 mAh<\/li>\n<li>Peso leve de 17 gramas<\/li>\n<li>Otimizadas para lanternas SureFire<\/li>\n<\/ul>\n<p>As baterias SureFire est\u00e3o prontas quando voc\u00ea precisa delas. S\u00e3o adequadas para aplica\u00e7\u00f5es cr\u00edticas.<\/p>\n<\/div>\n","protected":false},"excerpt":{"rendered":"<p>Bateria de l\u00edtio 123A de alto desempenho. Vida \u00fatil de 10 anos, 3V, 1550mAh.<\/p>\n","protected":false},"featured_media":71037,"template":"","meta":{"_acf_changed":false},"product_brand":[11871],"product_cat":[12548,12522,12468,12499],"product_tag":[],"class_list":{"0":"post-71036","1":"product","2":"type-product","3":"status-publish","4":"has-post-thumbnail","6":"product_brand-surefire","7":"product_cat-baterias","8":"product_cat-edc","9":"product_cat-luzes","10":"product_cat-luzes-edc","12":"first","13":"instock","14":"taxable","15":"shipping-taxable","16":"purchasable","17":"product-type-simple"},"acf":[],"_links":{"self":[{"href":"https:\/\/nbg.eu\/pt-pt\/wp-json\/wp\/v2\/product\/71036","targetHints":{"allow":["GET"]}}],"collection":[{"href":"https:\/\/nbg.eu\/pt-pt\/wp-json\/wp\/v2\/product"}],"about":[{"href":"https:\/\/nbg.eu\/pt-pt\/wp-json\/wp\/v2\/types\/product"}],"wp:featuredmedia":[{"embeddable":true,"href":"https:\/\/nbg.eu\/pt-pt\/wp-json\/wp\/v2\/media\/71037"}],"wp:attachment":[{"href":"https:\/\/nbg.eu\/pt-pt\/wp-json\/wp\/v2\/media?parent=71036"}],"wp:term":[{"taxonomy":"product_brand","embeddable":true,"href":"https:\/\/nbg.eu\/pt-pt\/wp-json\/wp\/v2\/product_brand?post=71036"},{"taxonomy":"product_cat","embeddable":true,"href":"https:\/\/nbg.eu\/pt-pt\/wp-json\/wp\/v2\/product_cat?post=71036"},{"taxonomy":"product_tag","embeddable":true,"href":"https:\/\/nbg.eu\/pt-pt\/wp-json\/wp\/v2\/product_tag?post=71036"}],"curies":[{"name":"wp","href":"https:\/\/api.w.org\/{rel}","templated":true}]}}