{"id":720002,"date":"2024-08-17T16:59:32","date_gmt":"2024-08-17T13:59:32","guid":{"rendered":"https:\/\/nbg.eu\/product\/lixas-modulares-curtas-de-grips-kmr-l-para-orca-emiq-titan\/"},"modified":"2026-04-16T18:35:57","modified_gmt":"2026-04-16T15:35:57","slug":"lixas-modulares-curtas-de-grips-kmr-l-para-orca-emiq-titan","status":"publish","type":"product","link":"https:\/\/nbg.eu\/pt-pt\/produto\/lixas-modulares-curtas-de-grips-kmr-l-para-orca-emiq-titan\/","title":{"rendered":"KMR Punhos L Modular Sandpaper Curtos para Orca, EMIQ Tit\u00e2nio"},"content":{"rendered":"<h2>Empunhaduras KMR L Modulares Lixa Curta Para Orca, Emiq Titan<\/h2>\n<p>Eleve sua experi\u00eancia de tiro com a Empunhadura KMR L Modular Lixa Curta para Orca e Emiq Titan. Feita de duralumin anodizado de alta qualidade, essa empunhadura oferece durabilidade inigual\u00e1vel e um visual elegante e moderno. Projetada para uso com um guia de carregador, o comprimento curto proporciona maior controle e manobrabilidade, tornando-a a escolha perfeita para uma ampla gama de aplica\u00e7\u00f5es de tiro.<\/p>\n<p>O design modular permite f\u00e1cil personaliza\u00e7\u00e3o, permitindo que voc\u00ea adapte a empunhadura \u00e0s suas necessidades espec\u00edficas. Com uma textura semelhante \u00e0 lixa, essa empunhadura proporciona um apoio seguro e confi\u00e1vel, garantindo estabilidade e controle ideais durante suas sess\u00f5es de tiro. Os parafusos Torx inclu\u00eddos facilitam a instala\u00e7\u00e3o, permitindo que voc\u00ea integre a empunhadura perfeitamente \u00e0 sua plataforma Orca ou Emiq Titan.<\/p>\n<p>Eleve sua experi\u00eancia de tiro com a Empunhadura KMR L Modular Lixa Curta. Feita com precis\u00e3o e aten\u00e7\u00e3o aos detalhes, essa empunhadura \u00e9 um acess\u00f3rio indispens\u00e1vel para qualquer atirador experiente. Atualize seu conjunto hoje e experimente a diferen\u00e7a que a qualidade e o design superiores podem fazer.<\/p>\n","protected":false},"excerpt":{"rendered":"<p>Pregas KMR L Modular Lixadeira Curta Para Orca, Emiq Titan. Duralum\u00ednio anodizado, com guia de carregador, parafusos Torx, logotipo KMR.<\/p>\n","protected":false},"featured_media":720031,"template":"","meta":{"_acf_changed":false},"product_brand":[11507],"product_cat":[12487,14870],"product_tag":[],"class_list":{"0":"post-720002","1":"product","2":"type-product","3":"status-publish","4":"has-post-thumbnail","6":"product_brand-kmr-precision","7":"product_cat-pecas-kmr","8":"product_cat-pistol-grips-pt-pt","10":"first","11":"instock","12":"taxable","13":"shipping-taxable","14":"product-type-simple"},"acf":[],"_links":{"self":[{"href":"https:\/\/nbg.eu\/pt-pt\/wp-json\/wp\/v2\/product\/720002","targetHints":{"allow":["GET"]}}],"collection":[{"href":"https:\/\/nbg.eu\/pt-pt\/wp-json\/wp\/v2\/product"}],"about":[{"href":"https:\/\/nbg.eu\/pt-pt\/wp-json\/wp\/v2\/types\/product"}],"wp:featuredmedia":[{"embeddable":true,"href":"https:\/\/nbg.eu\/pt-pt\/wp-json\/wp\/v2\/media\/720031"}],"wp:attachment":[{"href":"https:\/\/nbg.eu\/pt-pt\/wp-json\/wp\/v2\/media?parent=720002"}],"wp:term":[{"taxonomy":"product_brand","embeddable":true,"href":"https:\/\/nbg.eu\/pt-pt\/wp-json\/wp\/v2\/product_brand?post=720002"},{"taxonomy":"product_cat","embeddable":true,"href":"https:\/\/nbg.eu\/pt-pt\/wp-json\/wp\/v2\/product_cat?post=720002"},{"taxonomy":"product_tag","embeddable":true,"href":"https:\/\/nbg.eu\/pt-pt\/wp-json\/wp\/v2\/product_tag?post=720002"}],"curies":[{"name":"wp","href":"https:\/\/api.w.org\/{rel}","templated":true}]}}