{"id":721317,"date":"2026-01-19T18:48:08","date_gmt":"2026-01-19T15:48:08","guid":{"rendered":"https:\/\/nbg.eu\/product\/rh-crocy-gizmo-adaptador\/"},"modified":"2026-02-27T16:25:55","modified_gmt":"2026-02-27T13:25:55","slug":"rh-crocy-gizmo-adaptador","status":"publish","type":"product","link":"https:\/\/nbg.eu\/pt-pt\/produto\/rh-crocy-gizmo-adaptador\/","title":{"rendered":"RH Crocy Gizmo adaptador"},"content":{"rendered":"<h2>RH Crocy Gizmo adaptador<\/h2>\n<p>O Crocy Gizmo \u00e9 uma pe\u00e7a de liga\u00e7\u00e3o concebida para o sistema de coldres RH Crocy AIWB. Permite fixar um porta-carregador diretamente ao coldre para uma configura\u00e7\u00e3o completa de transporte AIWB.<\/p>\n<h3>Caracter\u00edsticas principais:<\/h3>\n<ul>\n<li>Liga o porta-carregador Crocy ao coldre Crocy AIWB<\/li>\n<li>Constru\u00e7\u00e3o em Kydex para durabilidade<\/li>\n<li>Permite configura\u00e7\u00e3o AIWB modular<\/li>\n<li>Leve e perfil baixo<\/li>\n<\/ul>\n","protected":false},"excerpt":{"rendered":"<p>RH Crocy Gizmo: Pe\u00e7a de liga\u00e7\u00e3o para fixar um porta-carregador ao coldre Crocy AIWB.<\/p>\n","protected":false},"featured_media":721318,"template":"","meta":{"_acf_changed":false},"product_brand":[11642],"product_cat":[12518],"product_tag":[],"class_list":{"0":"post-721317","1":"product","2":"type-product","3":"status-publish","4":"has-post-thumbnail","6":"product_brand-rh-holsters","7":"product_cat-acessorios-para-coldres","9":"first","10":"instock","11":"taxable","12":"shipping-taxable","13":"purchasable","14":"product-type-simple"},"acf":[],"_links":{"self":[{"href":"https:\/\/nbg.eu\/pt-pt\/wp-json\/wp\/v2\/product\/721317","targetHints":{"allow":["GET"]}}],"collection":[{"href":"https:\/\/nbg.eu\/pt-pt\/wp-json\/wp\/v2\/product"}],"about":[{"href":"https:\/\/nbg.eu\/pt-pt\/wp-json\/wp\/v2\/types\/product"}],"wp:featuredmedia":[{"embeddable":true,"href":"https:\/\/nbg.eu\/pt-pt\/wp-json\/wp\/v2\/media\/721318"}],"wp:attachment":[{"href":"https:\/\/nbg.eu\/pt-pt\/wp-json\/wp\/v2\/media?parent=721317"}],"wp:term":[{"taxonomy":"product_brand","embeddable":true,"href":"https:\/\/nbg.eu\/pt-pt\/wp-json\/wp\/v2\/product_brand?post=721317"},{"taxonomy":"product_cat","embeddable":true,"href":"https:\/\/nbg.eu\/pt-pt\/wp-json\/wp\/v2\/product_cat?post=721317"},{"taxonomy":"product_tag","embeddable":true,"href":"https:\/\/nbg.eu\/pt-pt\/wp-json\/wp\/v2\/product_tag?post=721317"}],"curies":[{"name":"wp","href":"https:\/\/api.w.org\/{rel}","templated":true}]}}