{"id":721413,"date":"2026-01-19T18:48:06","date_gmt":"2026-01-19T15:48:06","guid":{"rendered":"https:\/\/nbg.eu\/product\/rh-crocy-porta-carregador\/"},"modified":"2026-02-27T16:44:47","modified_gmt":"2026-02-27T13:44:47","slug":"rh-crocy-porta-carregador","status":"publish","type":"product","link":"https:\/\/nbg.eu\/pt-pt\/produto\/rh-crocy-porta-carregador\/","title":{"rendered":"RH Crocy porta-carregador"},"content":{"rendered":"<h2>RH Crocy porta-carregador<\/h2>\n<p>O porta-carregador RH Crocy \u00e9 um porta-carregador AIWB dedicado, concebido para ser utilizado com o sistema de coldres RH Crocy. Fixa-se atrav\u00e9s do conector Crocy Gizmo ou pode ser usado de forma aut\u00f3noma com o gancho de a\u00e7o.<\/p>\n<h3>Caracter\u00edsticas principais:<\/h3>\n<ul>\n<li>Gancho de a\u00e7o para fixa\u00e7\u00e3o segura ao cinto<\/li>\n<li>Compat\u00edvel com cinto de 40 mm<\/li>\n<li>Reten\u00e7\u00e3o ajust\u00e1vel atrav\u00e9s de parafusos de regula\u00e7\u00e3o<\/li>\n<li>Constru\u00e7\u00e3o em Kydex para encaixe preciso do carregador<\/li>\n<li>Concebido para porte AIWB<\/li>\n<li>Compat\u00edvel com Crocy Gizmo para integra\u00e7\u00e3o modular do coldre<\/li>\n<\/ul>\n","protected":false},"excerpt":{"rendered":"<p>RH Crocy porta-carregador: Porta-carregador AIWB com gancho de a\u00e7o e reten\u00e7\u00e3o ajust\u00e1vel.<\/p>\n","protected":false},"featured_media":721414,"template":"","meta":{"_acf_changed":false},"product_brand":[11642],"product_cat":[12518],"product_tag":[],"class_list":{"0":"post-721413","1":"product","2":"type-product","3":"status-publish","4":"has-post-thumbnail","6":"product_brand-rh-holsters","7":"product_cat-acessorios-para-coldres","9":"first","10":"instock","11":"taxable","12":"shipping-taxable","13":"purchasable","14":"product-type-simple"},"acf":[],"_links":{"self":[{"href":"https:\/\/nbg.eu\/pt-pt\/wp-json\/wp\/v2\/product\/721413","targetHints":{"allow":["GET"]}}],"collection":[{"href":"https:\/\/nbg.eu\/pt-pt\/wp-json\/wp\/v2\/product"}],"about":[{"href":"https:\/\/nbg.eu\/pt-pt\/wp-json\/wp\/v2\/types\/product"}],"wp:featuredmedia":[{"embeddable":true,"href":"https:\/\/nbg.eu\/pt-pt\/wp-json\/wp\/v2\/media\/721414"}],"wp:attachment":[{"href":"https:\/\/nbg.eu\/pt-pt\/wp-json\/wp\/v2\/media?parent=721413"}],"wp:term":[{"taxonomy":"product_brand","embeddable":true,"href":"https:\/\/nbg.eu\/pt-pt\/wp-json\/wp\/v2\/product_brand?post=721413"},{"taxonomy":"product_cat","embeddable":true,"href":"https:\/\/nbg.eu\/pt-pt\/wp-json\/wp\/v2\/product_cat?post=721413"},{"taxonomy":"product_tag","embeddable":true,"href":"https:\/\/nbg.eu\/pt-pt\/wp-json\/wp\/v2\/product_tag?post=721413"}],"curies":[{"name":"wp","href":"https:\/\/api.w.org\/{rel}","templated":true}]}}