{"id":724188,"date":"2026-03-10T16:14:33","date_gmt":"2026-03-10T13:14:33","guid":{"rendered":"https:\/\/nbg.eu\/product\/area-419-can-koozie-capa-clip-on-para-visao-noturna\/"},"modified":"2026-03-10T17:17:38","modified_gmt":"2026-03-10T14:17:38","slug":"area-419-can-koozie-capa-clip-on-para-visao-noturna","status":"publish","type":"product","link":"https:\/\/nbg.eu\/pt-pt\/produto\/area-419-can-koozie-capa-clip-on-para-visao-noturna\/","title":{"rendered":"Area 419 Can Koozie \/ Capa Clip-on para Vis\u00e3o Noturna"},"content":{"rendered":"<h2>Area 419 Can Koozie \/ Pala Clip-on para Vis\u00e3o Noturna<\/h2>\n<p>Concebida pela Area 419, esta capa em neoprene serve um prop\u00f3sito t\u00e1tico: encaixe-a na extremidade da objetiva para preencher o espa\u00e7o entre a \u00f3tica e o dispositivo clip-on de vis\u00e3o noturna, bloqueando p\u00f3 e luz parasita.<\/p>\n<h3>Capa Clip-on para Vis\u00e3o Noturna<\/h3>\n<p>A capa estica-se sobre a objetiva da luneta e fornece uma ponte estanque \u00e0 luz para o seu dispositivo NV clip-on \u2014 eliminando o espa\u00e7o que permite a entrada de luz ambiente e p\u00f3. Os atiradores tamb\u00e9m a usam como para-sol eficaz contra o brilho da objetiva, sem fitas Velcro ou acess\u00f3rios volumosos.<\/p>\n<h3>Especifica\u00e7\u00f5es<\/h3>\n<table>\n<tbody>\n<tr>\n<td><strong>Material<\/strong><\/td>\n<td>Neoprene<\/td>\n<\/tr>\n<tr>\n<td><strong>Peso<\/strong><\/td>\n<td>0.1 lbs<\/td>\n<\/tr>\n<tr>\n<td><strong>Dimens\u00f5es<\/strong><\/td>\n<td>2 x 2 x 0.5 in<\/td>\n<\/tr>\n<tr>\n<td><strong>Fabricado nos<\/strong><\/td>\n<td>EUA<\/td>\n<\/tr>\n<\/tbody>\n<\/table>\n","protected":false},"excerpt":{"rendered":"<p>Capa clip-on em neoprene concebida para preencher o espa\u00e7o entre a objetiva da luneta e um dispositivo clip-on de vis\u00e3o noturna. Bloqueia p\u00f3, luz parasita e elimina o brilho da objetiva. Funciona tamb\u00e9m como para-sol eficaz para tiro diurno.<\/p>\n","protected":false},"featured_media":724189,"template":"","meta":{"_acf_changed":false},"product_brand":[11041],"product_cat":[12513,12545],"product_tag":[],"class_list":{"0":"post-724188","1":"product","2":"type-product","3":"status-publish","4":"has-post-thumbnail","6":"product_brand-area-419","7":"product_cat-acessorios-de-mira","8":"product_cat-equipamento","10":"first","11":"instock","12":"taxable","13":"shipping-taxable","14":"purchasable","15":"product-type-simple"},"acf":[],"_links":{"self":[{"href":"https:\/\/nbg.eu\/pt-pt\/wp-json\/wp\/v2\/product\/724188","targetHints":{"allow":["GET"]}}],"collection":[{"href":"https:\/\/nbg.eu\/pt-pt\/wp-json\/wp\/v2\/product"}],"about":[{"href":"https:\/\/nbg.eu\/pt-pt\/wp-json\/wp\/v2\/types\/product"}],"wp:featuredmedia":[{"embeddable":true,"href":"https:\/\/nbg.eu\/pt-pt\/wp-json\/wp\/v2\/media\/724189"}],"wp:attachment":[{"href":"https:\/\/nbg.eu\/pt-pt\/wp-json\/wp\/v2\/media?parent=724188"}],"wp:term":[{"taxonomy":"product_brand","embeddable":true,"href":"https:\/\/nbg.eu\/pt-pt\/wp-json\/wp\/v2\/product_brand?post=724188"},{"taxonomy":"product_cat","embeddable":true,"href":"https:\/\/nbg.eu\/pt-pt\/wp-json\/wp\/v2\/product_cat?post=724188"},{"taxonomy":"product_tag","embeddable":true,"href":"https:\/\/nbg.eu\/pt-pt\/wp-json\/wp\/v2\/product_tag?post=724188"}],"curies":[{"name":"wp","href":"https:\/\/api.w.org\/{rel}","templated":true}]}}