{"id":732651,"date":"2026-03-13T17:32:05","date_gmt":"2026-03-13T14:32:05","guid":{"rendered":"https:\/\/nbg.eu\/product\/microtech-l-u-d-t-t-e-gen-iii-black-partial-serrated-od-green\/"},"modified":"2026-03-16T12:57:49","modified_gmt":"2026-03-16T09:57:49","slug":"microtech-l-u-d-t-t-e-gen-iii-black-partial-serrated-od-green","status":"publish","type":"product","link":"https:\/\/nbg.eu\/pt-pt\/produto\/microtech-l-u-d-t-t-e-gen-iii-black-partial-serrated-od-green\/","title":{"rendered":"Microtech L.U.D.T. T\/E Gen III Preto Parcialmente Serrilhado OD Verde"},"content":{"rendered":"<h2>Vis\u00e3o geral<\/h2>\n<p>O Microtech L.U.D.T. Gen III \u00e9 uma pasta autom\u00e1tica poderosa que evoca o estilo UDT cl\u00e1ssico com atualiza\u00e7\u00f5es revolucion\u00e1rias na forma e na fun\u00e7\u00e3o. Esta variante OD Green apresenta uma l\u00e2mina tanto preta revestida com DLC com borda parcialmente serrilhada, forjada em a\u00e7o Bohler M390MK. A itera\u00e7\u00e3o Gen III traz de volta incrusta\u00e7\u00f5es de al\u00e7a com fita de tra\u00e7\u00e3o 3M para ader\u00eancia ideal, \u00e9 montada em 24 rolamentos de carboneto de s\u00edlica para a a\u00e7\u00e3o mais suave de sua classe e usa parafusos Torx comuns para f\u00e1cil manuten\u00e7\u00e3o em campo.<\/p>\n<h3>24 rolamentos de carboneto de s\u00edlica<\/h3>\n<p>O sistema de a\u00e7\u00e3o LUDT Gen III \u00e9 montado em 24 rolamentos de carboneto de s\u00edlica de precis\u00e3o, proporcionando a a\u00e7\u00e3o de dobramento autom\u00e1tica mais suave e refinada que a Microtech j\u00e1 produziu. O sistema de rolamentos praticamente elimina o atrito para uma implanta\u00e7\u00e3o extremamente r\u00e1pida.<\/p>\n<h3>Incrusta\u00e7\u00f5es de fita de tra\u00e7\u00e3o 3M<\/h3>\n<p>O retorno das incrusta\u00e7\u00f5es do cabo na Gera\u00e7\u00e3o III usa fita de tra\u00e7\u00e3o 3M de n\u00edvel industrial, proporcionando ader\u00eancia excepcional em condi\u00e7\u00f5es molhadas, oleosas ou com luvas, sem adicionar volume ao perfil do cabo.<\/p>\n<h3>Constru\u00e7\u00e3o resistente \u00e0 \u00e1gua<\/h3>\n<p>Constru\u00eddo especificamente para ambientes agressivos, o LUDT Gen III apresenta uma constru\u00e7\u00e3o \u00e0 prova de intemp\u00e9ries que resiste \u00e0 entrada de umidade, tornando-o confi\u00e1vel em chuva, neve e ambientes marinhos.<\/p>\n<h3>Componentes Premium<\/h3>\n<ul>\n<li>L\u00e2mina tanto Bohler M390MK<\/li>\n<li>Cabo de alum\u00ednio 6061-T6 com incrusta\u00e7\u00f5es de fita de tra\u00e7\u00e3o 3M<\/li>\n<li>Sistema de a\u00e7\u00e3o de rolamento de carboneto de s\u00edlica 24<\/li>\n<li>Prendedor de bolso para transporte reclin\u00e1vel<\/li>\n<li>Ferragens Torx comuns para f\u00e1cil manuten\u00e7\u00e3o<\/li>\n<li>Constru\u00e7\u00e3o resistente \u00e0 \u00e1gua<\/li>\n<\/ul>\n<h3>Especifica\u00e7\u00f5es<\/h3>\n<table class=\"shop_attributes\">\n<tr>\n<td><strong>Tipo<\/strong><\/td>\n<td>Pasta autom\u00e1tica<\/td>\n<\/tr>\n<tr>\n<td><strong>Comprimento da l\u00e2mina<\/strong><\/td>\n<td>3,50&#8243;<\/td>\n<\/tr>\n<tr>\n<td><strong>Comprimento total<\/strong><\/td>\n<td>8,00&#8243;<\/td>\n<\/tr>\n<tr>\n<td><strong>Comprimento da al\u00e7a<\/strong><\/td>\n<td>4,50&#8243;<\/td>\n<\/tr>\n<tr>\n<td><strong>L\u00e2mina de a\u00e7o<\/strong><\/td>\n<td>Bohler M390MK<\/td>\n<\/tr>\n<tr>\n<td><strong>Material de manuseio<\/strong><\/td>\n<td>Alum\u00ednio 6061-T6 com incrusta\u00e7\u00f5es de fita de tra\u00e7\u00e3o 3M<\/td>\n<\/tr>\n<tr>\n<td><strong>Peso<\/strong><\/td>\n<td>3,60 on\u00e7as<\/td>\n<\/tr>\n<tr>\n<td><strong>Prendedor de bolso<\/strong><\/td>\n<td>Transporte basculante<\/td>\n<\/tr>\n<tr>\n<td><strong>Rolamentos<\/strong><\/td>\n<td>24 carboneto de s\u00edlica<\/td>\n<\/tr>\n<tr>\n<td><strong>Pa\u00eds de Origem<\/strong><\/td>\n<td>EUA<\/td>\n<\/tr>\n<tr>\n<td><strong>Cor do identificador<\/strong><\/td>\n<td>OD Verde<\/td>\n<\/tr>\n<tr>\n<td><strong>Acabamento da l\u00e2mina<\/strong><\/td>\n<td>DLC preto<\/td>\n<\/tr>\n<tr>\n<td><strong>Tipo de aresta<\/strong><\/td>\n<td>Serrilhado Parcial<\/td>\n<\/tr>\n<\/tbody>\n","protected":false},"excerpt":{"rendered":"<p>L.U.D.T. Dobrador autom\u00e1tico Gen III em OD Green com l\u00e2mina tanto DLC preta parcialmente serrilhada M390MK. Possui 24 rolamentos de carboneto de s\u00edlica e incrusta\u00e7\u00f5es de fita de tra\u00e7\u00e3o 3M. L\u00e2mina de 3,50\u2033, 8,00\u2033 no total.<\/p>\n","protected":false},"featured_media":732652,"template":"","meta":{"_acf_changed":false},"product_brand":[15538],"product_cat":[15373,15354],"product_tag":[],"class_list":{"0":"post-732651","1":"product","2":"type-product","3":"status-publish","4":"has-post-thumbnail","6":"product_brand-microtech","7":"product_cat-folding-knives-pt-pt","8":"product_cat-knives-pt-pt","10":"first","11":"instock","12":"taxable","13":"shipping-taxable","14":"purchasable","15":"product-type-simple"},"acf":[],"_links":{"self":[{"href":"https:\/\/nbg.eu\/pt-pt\/wp-json\/wp\/v2\/product\/732651","targetHints":{"allow":["GET"]}}],"collection":[{"href":"https:\/\/nbg.eu\/pt-pt\/wp-json\/wp\/v2\/product"}],"about":[{"href":"https:\/\/nbg.eu\/pt-pt\/wp-json\/wp\/v2\/types\/product"}],"wp:featuredmedia":[{"embeddable":true,"href":"https:\/\/nbg.eu\/pt-pt\/wp-json\/wp\/v2\/media\/732652"}],"wp:attachment":[{"href":"https:\/\/nbg.eu\/pt-pt\/wp-json\/wp\/v2\/media?parent=732651"}],"wp:term":[{"taxonomy":"product_brand","embeddable":true,"href":"https:\/\/nbg.eu\/pt-pt\/wp-json\/wp\/v2\/product_brand?post=732651"},{"taxonomy":"product_cat","embeddable":true,"href":"https:\/\/nbg.eu\/pt-pt\/wp-json\/wp\/v2\/product_cat?post=732651"},{"taxonomy":"product_tag","embeddable":true,"href":"https:\/\/nbg.eu\/pt-pt\/wp-json\/wp\/v2\/product_tag?post=732651"}],"curies":[{"name":"wp","href":"https:\/\/api.w.org\/{rel}","templated":true}]}}