{"id":732669,"date":"2026-03-13T17:32:35","date_gmt":"2026-03-13T14:32:35","guid":{"rendered":"https:\/\/nbg.eu\/product\/microtech-socom-elite-s-e-manual-tactical-standard-black\/"},"modified":"2026-03-16T12:58:20","modified_gmt":"2026-03-16T09:58:20","slug":"microtech-socom-elite-s-e-manual-tactical-standard-black","status":"publish","type":"product","link":"https:\/\/nbg.eu\/pt-pt\/produto\/microtech-socom-elite-s-e-manual-tactical-standard-black\/","title":{"rendered":"Microtech Socom Elite S\/E Manual T\u00e1tico Padr\u00e3o Preto"},"content":{"rendered":"<h2>Vis\u00e3o geral<\/h2>\n<p>A Microtech Socom Elite continua sendo uma das facas dobr\u00e1veis t\u00e1ticas mais populares desde seu in\u00edcio em 1996, e esta variante t\u00e1tica manual d\u00e1 continuidade a esse legado. Apresentando uma l\u00e2mina t\u00e1tica M390 preta de dois tons com borda lisa padr\u00e3o, o cabo ergon\u00f4mico do Socom Elite molda-se naturalmente \u00e0 m\u00e3o, enquanto um quebra-vidro integrado e um pino grande para o polegar fornecem utilidade pr\u00e1tica e f\u00e1cil opera\u00e7\u00e3o com uma m\u00e3o, mesmo com luvas.<\/p>\n<h3>Design T\u00e1tico Comprovado<\/h3>\n<p>Desde 1996, o Socom Elite foi refinado atrav\u00e9s de d\u00e9cadas de feedback do mundo real de usu\u00e1rios militares, policiais e civis. A geometria da al\u00e7a proporciona uma pegada natural e segura que reduz a fadiga durante o uso prolongado.<\/p>\n<h3>Quebrador de vidro integrado<\/h3>\n<p>Um quebra-vidro endurecido embutido na base do cabo oferece capacidade de fuga de emerg\u00eancia, tornando o Socom Elite uma ferramenta vers\u00e1til al\u00e9m das tarefas de corte.<\/p>\n<h3>Opera\u00e7\u00e3o f\u00e1cil de usar com luvas<\/h3>\n<p>O pino de polegar grande e as incrusta\u00e7\u00f5es texturizadas nas escalas do cabo de alum\u00ednio garantem controle positivo e f\u00e1cil implanta\u00e7\u00e3o, mesmo com luvas t\u00e1ticas ou em condi\u00e7\u00f5es molhadas.<\/p>\n<h3>Componentes Premium<\/h3>\n<ul>\n<li>L\u00e2mina Bohler M390<\/li>\n<li>Cabo de alum\u00ednio 6061-T6 com incrusta\u00e7\u00f5es de punho<\/li>\n<li>Quebrador de vidro integrado<\/li>\n<li>Prendedor de polegar grande para opera\u00e7\u00e3o com luvas<\/li>\n<li>Prendedor de bolso<\/li>\n<\/ul>\n<h3>Especifica\u00e7\u00f5es<\/h3>\n<table class=\"shop_attributes\">\n<tr>\n<td><strong>Tipo<\/strong><\/td>\n<td>Pasta Manual<\/td>\n<\/tr>\n<tr>\n<td><strong>Comprimento da l\u00e2mina<\/strong><\/td>\n<td>4,00&#8243;<\/td>\n<\/tr>\n<tr>\n<td><strong>Comprimento total<\/strong><\/td>\n<td>9,125&#8243;<\/td>\n<\/tr>\n<tr>\n<td><strong>Comprimento da al\u00e7a<\/strong><\/td>\n<td>5,125&#8243;<\/td>\n<\/tr>\n<tr>\n<td><strong>L\u00e2mina de a\u00e7o<\/strong><\/td>\n<td>Bohler M390<\/td>\n<\/tr>\n<tr>\n<td><strong>Material de manuseio<\/strong><\/td>\n<td>Alum\u00ednio 6061-T6 (preto)<\/td>\n<\/tr>\n<tr>\n<td><strong>Peso<\/strong><\/td>\n<td>4,60 on\u00e7as<\/td>\n<\/tr>\n<tr>\n<td><strong>Estilo da l\u00e2mina<\/strong><\/td>\n<td>Ponto de queda (S\/E)<\/td>\n<\/tr>\n<tr>\n<td><strong>Acabamento da l\u00e2mina<\/strong><\/td>\n<td>T\u00e1tico preto (dois tons)<\/td>\n<\/tr>\n<tr>\n<td><strong>Tipo de aresta<\/strong><\/td>\n<td>Simples<\/td>\n<\/tr>\n<tr>\n<td><strong>Bloquear<\/strong><\/td>\n<td>Bloqueio de forro<\/td>\n<\/tr>\n<tr>\n<td><strong>Quebra-vidros<\/strong><\/td>\n<td>Integrado<\/td>\n<\/tr>\n<tr>\n<td><strong>Pa\u00eds de Origem<\/strong><\/td>\n<td>EUA<\/td>\n<\/tr>\n<\/tbody>\n","protected":false},"excerpt":{"rendered":"<p>Pasta manual Socom Elite com l\u00e2mina t\u00e1tica preta de dois tons M390 de borda \u00fanica. Design ic\u00f4nico desde 1996 com trava de forro, quebra de vidro e pino grande para o polegar. L\u00e2mina de 4,00 \u2033, 9,125 \u2033 no total, 4,6 on\u00e7as.<\/p>\n","protected":false},"featured_media":732670,"template":"","meta":{"_acf_changed":false},"product_brand":[15538],"product_cat":[15373,15354],"product_tag":[],"class_list":{"0":"post-732669","1":"product","2":"type-product","3":"status-publish","4":"has-post-thumbnail","6":"product_brand-microtech","7":"product_cat-folding-knives-pt-pt","8":"product_cat-knives-pt-pt","10":"first","11":"instock","12":"taxable","13":"shipping-taxable","14":"purchasable","15":"product-type-simple"},"acf":[],"_links":{"self":[{"href":"https:\/\/nbg.eu\/pt-pt\/wp-json\/wp\/v2\/product\/732669","targetHints":{"allow":["GET"]}}],"collection":[{"href":"https:\/\/nbg.eu\/pt-pt\/wp-json\/wp\/v2\/product"}],"about":[{"href":"https:\/\/nbg.eu\/pt-pt\/wp-json\/wp\/v2\/types\/product"}],"wp:featuredmedia":[{"embeddable":true,"href":"https:\/\/nbg.eu\/pt-pt\/wp-json\/wp\/v2\/media\/732670"}],"wp:attachment":[{"href":"https:\/\/nbg.eu\/pt-pt\/wp-json\/wp\/v2\/media?parent=732669"}],"wp:term":[{"taxonomy":"product_brand","embeddable":true,"href":"https:\/\/nbg.eu\/pt-pt\/wp-json\/wp\/v2\/product_brand?post=732669"},{"taxonomy":"product_cat","embeddable":true,"href":"https:\/\/nbg.eu\/pt-pt\/wp-json\/wp\/v2\/product_cat?post=732669"},{"taxonomy":"product_tag","embeddable":true,"href":"https:\/\/nbg.eu\/pt-pt\/wp-json\/wp\/v2\/product_tag?post=732669"}],"curies":[{"name":"wp","href":"https:\/\/api.w.org\/{rel}","templated":true}]}}