{"id":732681,"date":"2026-03-13T17:33:03","date_gmt":"2026-03-13T14:33:03","guid":{"rendered":"https:\/\/nbg.eu\/product\/microtech-amphibian-ram-lok-s-e-fluted-partial-serrated-tan\/"},"modified":"2026-03-16T12:58:37","modified_gmt":"2026-03-16T09:58:37","slug":"microtech-amphibian-ram-lok-s-e-fluted-partial-serrated-tan","status":"publish","type":"product","link":"https:\/\/nbg.eu\/pt-pt\/produto\/microtech-amphibian-ram-lok-s-e-fluted-partial-serrated-tan\/","title":{"rendered":"Microtech Amphibian RAM-LOK S\/E canelado parcial serrilhado bronzeado"},"content":{"rendered":"<h2>Vis\u00e3o geral<\/h2>\n<p>O Microtech Amphibian RAM-LOK traz de volta o cl\u00e1ssico perfil de l\u00e2mina Amphibian &#8211; outrora aclamado como a melhor faca EDC que a Microtech j\u00e1 produziu &#8211; com o moderno mecanismo de trava de barra RAM-LOK. Esta variante Tan apresenta uma l\u00e2mina de borda \u00fanica parcialmente serrilhada preta revestida com DLC em a\u00e7o Bohler M390MK, colocada em um cabo de alum\u00ednio lindamente canelado. O sistema RAM-LOK fornece uma trava tipo barra transversal usando um tarugo de a\u00e7o s\u00f3lido acionado por uma \u00fanica mola espiral, proporcionando uma trava s\u00f3lida com fechamento ambidestro e seguro para os dedos.<\/p>\n<h3>Sistema de bloqueio de barra RAM-LOK<\/h3>\n<p>O RAM-LOK usa uma barra transversal de a\u00e7o s\u00f3lido acionada por uma \u00fanica mola espiral, proporcionando um dos mecanismos de travamento mais fortes e confi\u00e1veis dispon\u00edveis. O design permite o fechamento seguro dos dedos em ambos os lados da al\u00e7a para uma opera\u00e7\u00e3o ambidestra.<\/p>\n<h3>Perfil Cl\u00e1ssico da L\u00e2mina Anf\u00edbia<\/h3>\n<p>A geometria distinta da l\u00e2mina do Anf\u00edbio tem sido um \u00edcone da Microtech, projetada para desempenho de corte vers\u00e1til que se destaca tanto em tarefas de precis\u00e3o quanto em aplica\u00e7\u00f5es mais exigentes.<\/p>\n<h3>Constru\u00e7\u00e3o em alum\u00ednio canelado<\/h3>\n<p>O cabo de alum\u00ednio 6061-T6 canelado com precis\u00e3o reduz o peso enquanto cria um padr\u00e3o visualmente impressionante e fornece textura de ader\u00eancia adicional. A anodiza\u00e7\u00e3o Tan adiciona uma est\u00e9tica calorosa e t\u00e1tica.<\/p>\n<h3>Componentes Premium<\/h3>\n<ul>\n<li>L\u00e2mina de borda \u00fanica Bohler M390MK com revestimento DLC<\/li>\n<li>Cabo de alum\u00ednio canelado 6061-T6 (tan)<\/li>\n<li>Mecanismo de travamento da barra transversal RAM-LOK<\/li>\n<li>Clipe de bolso revers\u00edvel de tit\u00e2nio<\/li>\n<li>Configura\u00e7\u00e3o de transporte basculante<\/li>\n<\/ul>\n<h3>Especifica\u00e7\u00f5es<\/h3>\n<table class=\"shop_attributes\">\n<tr>\n<td><strong>Tipo<\/strong><\/td>\n<td>Pasta Manual<\/td>\n<\/tr>\n<tr>\n<td><strong>Comprimento da l\u00e2mina<\/strong><\/td>\n<td>3,90&#8243;<\/td>\n<\/tr>\n<tr>\n<td><strong>Comprimento total<\/strong><\/td>\n<td>9,25&#8243;<\/td>\n<\/tr>\n<tr>\n<td><strong>Comprimento fechado<\/strong><\/td>\n<td>5,38&#8243;<\/td>\n<\/tr>\n<tr>\n<td><strong>L\u00e2mina de a\u00e7o<\/strong><\/td>\n<td>Bohler M390MK<\/td>\n<\/tr>\n<tr>\n<td><strong>Material de manuseio<\/strong><\/td>\n<td>Alum\u00ednio 6061-T6, canelado (bronzeado)<\/td>\n<\/tr>\n<tr>\n<td><strong>Peso<\/strong><\/td>\n<td>5,90 on\u00e7as<\/td>\n<\/tr>\n<tr>\n<td><strong>Bloquear<\/strong><\/td>\n<td>Bloqueio de barra RAM-LOK<\/td>\n<\/tr>\n<tr>\n<td><strong>Estilo da l\u00e2mina<\/strong><\/td>\n<td>Borda \u00fanica (S\/E)<\/td>\n<\/tr>\n<tr>\n<td><strong>Acabamento da l\u00e2mina<\/strong><\/td>\n<td>DLC preto<\/td>\n<\/tr>\n<tr>\n<td><strong>Tipo de aresta<\/strong><\/td>\n<td>Serrilhado Parcial<\/td>\n<\/tr>\n<tr>\n<td><strong>Prendedor de bolso<\/strong><\/td>\n<td>Tit\u00e2nio revers\u00edvel, basculante<\/td>\n<\/tr>\n<tr>\n<td><strong>Pa\u00eds de Origem<\/strong><\/td>\n<td>EUA<\/td>\n<\/tr>\n<\/tbody>\n","protected":false},"excerpt":{"rendered":"<p>Pasta manual Amphibian RAM-LOK em Tan com l\u00e2mina preta DLC parcialmente serrilhada M390MK de borda \u00fanica. Cabo de alum\u00ednio canelado com trava de barra RAM-LOK. L\u00e2mina de 3,90 \u2033, 9,25 \u2033 no total, 5,9 on\u00e7as.<\/p>\n","protected":false},"featured_media":732682,"template":"","meta":{"_acf_changed":false},"product_brand":[15538],"product_cat":[15373,15354],"product_tag":[],"class_list":{"0":"post-732681","1":"product","2":"type-product","3":"status-publish","4":"has-post-thumbnail","6":"product_brand-microtech","7":"product_cat-folding-knives-pt-pt","8":"product_cat-knives-pt-pt","10":"first","11":"instock","12":"taxable","13":"shipping-taxable","14":"purchasable","15":"product-type-simple"},"acf":[],"_links":{"self":[{"href":"https:\/\/nbg.eu\/pt-pt\/wp-json\/wp\/v2\/product\/732681","targetHints":{"allow":["GET"]}}],"collection":[{"href":"https:\/\/nbg.eu\/pt-pt\/wp-json\/wp\/v2\/product"}],"about":[{"href":"https:\/\/nbg.eu\/pt-pt\/wp-json\/wp\/v2\/types\/product"}],"wp:featuredmedia":[{"embeddable":true,"href":"https:\/\/nbg.eu\/pt-pt\/wp-json\/wp\/v2\/media\/732682"}],"wp:attachment":[{"href":"https:\/\/nbg.eu\/pt-pt\/wp-json\/wp\/v2\/media?parent=732681"}],"wp:term":[{"taxonomy":"product_brand","embeddable":true,"href":"https:\/\/nbg.eu\/pt-pt\/wp-json\/wp\/v2\/product_brand?post=732681"},{"taxonomy":"product_cat","embeddable":true,"href":"https:\/\/nbg.eu\/pt-pt\/wp-json\/wp\/v2\/product_cat?post=732681"},{"taxonomy":"product_tag","embeddable":true,"href":"https:\/\/nbg.eu\/pt-pt\/wp-json\/wp\/v2\/product_tag?post=732681"}],"curies":[{"name":"wp","href":"https:\/\/api.w.org\/{rel}","templated":true}]}}