{"id":732689,"date":"2026-03-13T17:33:16","date_gmt":"2026-03-13T14:33:16","guid":{"rendered":"https:\/\/nbg.eu\/product\/microtech-dirac-delta-d-e-dlc-shadow-signature-series\/"},"modified":"2026-03-30T15:46:37","modified_gmt":"2026-03-30T12:46:37","slug":"microtech-dirac-delta-d-e-dlc-shadow-signature-series","status":"publish","type":"product","link":"https:\/\/nbg.eu\/pt-pt\/produto\/microtech-dirac-delta-d-e-dlc-shadow-signature-series\/","title":{"rendered":"S\u00e9rie Microtech Dirac Delta D\/E DLC Shadow Signature"},"content":{"rendered":"<h2>Vis\u00e3o geral<\/h2>\n<p>O Microtech Dirac Delta D\/E DLC Shadow \u00e9 uma variante da Signature Series do inovador OTF autom\u00e1tico de alto desempenho da Microtech. Modelado ap\u00f3s o pioneiro Dirac, o Delta possui o mesmo chassi ergon\u00f4mico e mecanismo interno inovador em um tamanho mais robusto, com esta edi\u00e7\u00e3o Shadow apresentando um revestimento DLC (Diamond-Like Carbon) completo na l\u00e2mina da adaga M390MK, al\u00e7a de alum\u00ednio, hardware e clipe de bolso. O bot\u00e3o de disparo definido na parte superior permite a implanta\u00e7\u00e3o e retra\u00e7\u00e3o intuitiva e ambidestra da l\u00e2mina com um movimento natural do polegar.<\/p>\n<h3>Bot\u00e3o de disparo montado na parte superior<\/h3>\n<p>Ao contr\u00e1rio das facas OTF de disparo lateral, o bot\u00e3o montado na tampa do Dirac Delta permite um pressionamento natural e intuitivo do polegar para implanta\u00e7\u00e3o e retra\u00e7\u00e3o da l\u00e2mina. O design permite uma opera\u00e7\u00e3o verdadeiramente ambidestra sem reposicionar a m\u00e3o.<\/p>\n<h3>Chassi ergon\u00f4mico inspirado no HALO<\/h3>\n<p>O chassi do Dirac Delta apresenta linhas curvas inspiradas no lend\u00e1rio Microtech HALO, criando uma sensa\u00e7\u00e3o distinta na m\u00e3o que o diferencia dos designs OTF tradicionais de laterais retas.<\/p>\n<h3>DLC Shadow Finish<\/h3>\n<p>O revestimento completo de carbono tipo diamante em todas as superf\u00edcies oferece extrema dureza, resist\u00eancia ao desgaste e uma est\u00e9tica elegante e escurecida. O acabamento DLC tamb\u00e9m adiciona uma camada de prote\u00e7\u00e3o contra corros\u00e3o al\u00e9m do j\u00e1 resistente a\u00e7o M390MK.<\/p>\n<h3>Componentes Premium<\/h3>\n<ul>\n<li>L\u00e2mina de punhal de dois gumes Bohler M390MK com revestimento DLC<\/li>\n<li>Cabo em alum\u00ednio 6061-T6 com acabamento DLC Shadow<\/li>\n<li>Ferragens revestidas com DLC e clipe de bolso<\/li>\n<li>Bot\u00e3o de disparo montado na parte superior para opera\u00e7\u00e3o ambidestra<\/li>\n<li>Quebrador de vidro integrado<\/li>\n<li>Designa\u00e7\u00e3o da s\u00e9rie de assinaturas<\/li>\n<\/ul>\n<h3>Especifica\u00e7\u00f5es<\/h3>\n<table class=\"shop_attributes\">\n<tr>\n<td><strong>Tipo<\/strong><\/td>\n<td>Autom\u00e1tico direto<\/td>\n<\/tr>\n<tr>\n<td><strong>Comprimento da l\u00e2mina<\/strong><\/td>\n<td>3,79&#8243;<\/td>\n<\/tr>\n<tr>\n<td><strong>Comprimento total<\/strong><\/td>\n<td>9,40&#8243;<\/td>\n<\/tr>\n<tr>\n<td><strong>Comprimento da al\u00e7a<\/strong><\/td>\n<td>5,50&#8243;<\/td>\n<\/tr>\n<tr>\n<td><strong>L\u00e2mina de a\u00e7o<\/strong><\/td>\n<td>Bohler M390MK (revestido com DLC)<\/td>\n<\/tr>\n<tr>\n<td><strong>Material de manuseio<\/strong><\/td>\n<td>Alum\u00ednio 6061-T6 (sombra DLC)<\/td>\n<\/tr>\n<tr>\n<td><strong>Peso<\/strong><\/td>\n<td>4,60 on\u00e7as<\/td>\n<\/tr>\n<tr>\n<td><strong>Estilo da l\u00e2mina<\/strong><\/td>\n<td>Adaga \/ Gume Duplo (D\/E)<\/td>\n<\/tr>\n<tr>\n<td><strong>Acabamento da l\u00e2mina<\/strong><\/td>\n<td>Sombra DLC<\/td>\n<\/tr>\n<tr>\n<td><strong>Hardware<\/strong><\/td>\n<td>Revestido com DLC<\/td>\n<\/tr>\n<tr>\n<td><strong>Tipo de aresta<\/strong><\/td>\n<td>Simples<\/td>\n<\/tr>\n<tr>\n<td><strong>S\u00e9rie<\/strong><\/td>\n<td>S\u00e9rie de assinaturas<\/td>\n<\/tr>\n<tr>\n<td><strong>Pa\u00eds de Origem<\/strong><\/td>\n<td>EUA<\/td>\n<\/tr>\n<\/tbody>\n","protected":false},"excerpt":{"rendered":"<p>Dirac Delta Signature Series OTF autom\u00e1tico com acabamento DLC Shadow completo \u2013 l\u00e2mina de punhal de dois gumes M390MK revestida com DLC e cabo de alum\u00ednio DLC. Bot\u00e3o de disparo montado na parte superior. L\u00e2mina de 3,79 \u2033, 9,40 \u2033 no total, 4,6 on\u00e7as.<\/p>\n","protected":false},"featured_media":732690,"template":"","meta":{"_acf_changed":false},"product_brand":[15538],"product_cat":[16005,15354],"product_tag":[],"class_list":{"0":"post-732689","1":"product","2":"type-product","3":"status-publish","4":"has-post-thumbnail","6":"product_brand-microtech","7":"product_cat-otf-knives-pt-pt","8":"product_cat-knives-pt-pt","10":"first","11":"outofstock","12":"taxable","13":"shipping-taxable","14":"purchasable","15":"product-type-simple"},"acf":[],"_links":{"self":[{"href":"https:\/\/nbg.eu\/pt-pt\/wp-json\/wp\/v2\/product\/732689","targetHints":{"allow":["GET"]}}],"collection":[{"href":"https:\/\/nbg.eu\/pt-pt\/wp-json\/wp\/v2\/product"}],"about":[{"href":"https:\/\/nbg.eu\/pt-pt\/wp-json\/wp\/v2\/types\/product"}],"wp:featuredmedia":[{"embeddable":true,"href":"https:\/\/nbg.eu\/pt-pt\/wp-json\/wp\/v2\/media\/732690"}],"wp:attachment":[{"href":"https:\/\/nbg.eu\/pt-pt\/wp-json\/wp\/v2\/media?parent=732689"}],"wp:term":[{"taxonomy":"product_brand","embeddable":true,"href":"https:\/\/nbg.eu\/pt-pt\/wp-json\/wp\/v2\/product_brand?post=732689"},{"taxonomy":"product_cat","embeddable":true,"href":"https:\/\/nbg.eu\/pt-pt\/wp-json\/wp\/v2\/product_cat?post=732689"},{"taxonomy":"product_tag","embeddable":true,"href":"https:\/\/nbg.eu\/pt-pt\/wp-json\/wp\/v2\/product_tag?post=732689"}],"curies":[{"name":"wp","href":"https:\/\/api.w.org\/{rel}","templated":true}]}}